{"id":1830,"date":"2025-09-12T13:26:35","date_gmt":"2025-09-12T13:26:35","guid":{"rendered":"https:\/\/linoafashion.com\/?page_id=1830"},"modified":"2025-11-03T11:44:16","modified_gmt":"2025-11-03T04:44:16","slug":"our-collections","status":"publish","type":"page","link":"https:\/\/linoafashion.com\/vi\/our-collections\/","title":{"rendered":"Our Collections"},"content":{"rendered":"<section class=\"wp-block-nectar-blocks-row alignfull nectar-block nectar-blocks-row section\" id=\"section1\"><div class=\"nectar-blocks-row__wrapper parent-block-section1\"><div class=\"nectar__bg-layers parent-block-section1\"><div class=\"nectar__bg-layer nectar__bg-color\"><\/div><div class=\"nectar__bg-layer nectar__bg-image lazy-load-bg\"><\/div><\/div><div class=\"nectar-blocks-row__inner parent-block-section1\">\n<div class=\"wp-block-nectar-blocks-column nectar-blocks-column nectar-block\" id=\"block-H72kqrPOVQ\"><div class=\"nectar-blocks-column__wrapper parent-block-block-H72kqrPOVQ\"><div class=\"nectar-blocks-column__inner nectar-blocks-column__content-wrap parent-block-block-H72kqrPOVQ\">\n<p id=\"block-Wk1NqF2Qwa\" class=\"wp-block-nectar-blocks-text nectar-blocks-text nectar-font-h2\">Terre Lumi\u00e8re<\/p>\n\n\n\n<p id=\"block-kEhC4afHWs\" class=\"wp-block-nectar-blocks-text nectar-blocks-text nectar-font-body\">\u00c1nh s\u00e1ng kh\u1edfi nguy\u00ean. Nh\u1eefng thi\u1ebft k\u1ebf \u0111\u1ea7u ti\u00ean c\u1ee7a Linoa, d\u00e0nh cho tu\u1ed5i th\u01a1 thu\u1ea7n khi\u1ebft v\u00e0 an l\u00e0nh c\u1ee7a b\u00e9 con.<\/p>\n\n\n\n<div class=\"wp-block-nectar-blocks-button nectar-blocks-button nectar-font-h6\" id=\"block-6bBnID0W2y\"><a href=\"https:\/\/linoafashion.com\/vi\/our-collections\/terre-lumiere-collection\/\" class=\"nectar__link nectar-blocks-button__inner\"><span class=\"nectar-blocks-button__text\">Kh\u00e1m Ph\u00e1 B\u1ed9 S\u01b0u T\u1eadp<\/span><\/a><\/div>\n<\/div><\/div><\/div>\n<\/div><\/div><\/section>\n\n\n\n<section class=\"wp-block-nectar-blocks-row alignfull nectar-block nectar-blocks-row section\" id=\"block-s9hSDcMLjC\"><div class=\"nectar-blocks-row__wrapper parent-block-block-s9hSDcMLjC\"><div class=\"nectar__bg-layers parent-block-block-s9hSDcMLjC\"><div class=\"nectar__bg-layer nectar__bg-color\"><\/div><div class=\"nectar__bg-layer nectar__bg-image lazy-load-bg\"><\/div><\/div><div class=\"nectar-blocks-row__inner parent-block-block-s9hSDcMLjC\">\n<div class=\"wp-block-nectar-blocks-column nectar-blocks-column nectar-block\" id=\"block-nhhdSoQKac\"><div class=\"nectar-blocks-column__wrapper parent-block-block-nhhdSoQKac\"><div class=\"nectar-blocks-column__inner nectar-blocks-column__content-wrap parent-block-block-nhhdSoQKac\">\n<p id=\"block-kiVdMhkxHN\" class=\"wp-block-nectar-blocks-text nectar-blocks-text nectar-font-h2\">BST M\u00f9a \u0110\u00f4ng<\/p>\n\n\n\n<p id=\"block-nToEeOffT0\" class=\"wp-block-nectar-blocks-text nectar-blocks-text nectar-font-body\">BST ti\u1ebfp theo v\u1eabn gi\u1eef tr\u1ecdn s\u1ef1 ch\u0103m ch\u00fat, tho\u1ea3i m\u00e1i v\u00e0 n\u00e9t thu\u1ea7n khi\u1ebft t\u1ef1 nhi\u00ean m\u00e0 b\u1ea1n h\u1eb1ng y\u00eau m\u1ebfn cho c\u00e1c thi\u00ean th\u1ea7n nh\u1ecf c\u1ee7a m\u00ecnh.<\/p>\n\n\n\n<div class=\"wp-block-nectar-blocks-button nectar-blocks-button nectar-font-h6\" id=\"block-MBfWb5jmmp\"><a href=\"https:\/\/linoafashion.com\/vi\/coming-soon\/\" class=\"nectar__link nectar-blocks-button__inner\"><span class=\"nectar-blocks-button__text\">S\u1eafp Ra M\u1eaft<\/span><\/a><\/div>\n<\/div><\/div><\/div>\n<\/div><\/div><\/section>\n\n\n\n<section class=\"wp-block-nectar-blocks-row alignfull nectar-block nectar-blocks-row section\" id=\"block-hFx9Nw2iy4\"><div class=\"nectar-blocks-row__wrapper parent-block-block-hFx9Nw2iy4\"><div class=\"nectar__bg-layers parent-block-block-hFx9Nw2iy4\"><div class=\"nectar__bg-layer nectar__bg-color\"><\/div><div class=\"nectar__bg-layer nectar__bg-image lazy-load-bg\"><\/div><\/div><div class=\"nectar-blocks-row__inner parent-block-block-hFx9Nw2iy4\">\n<div class=\"wp-block-nectar-blocks-column nectar-blocks-column nectar-block\" id=\"block-Q0QAuxkwCF\"><div class=\"nectar-blocks-column__wrapper parent-block-block-Q0QAuxkwCF\"><div class=\"nectar-blocks-column__inner nectar-blocks-column__content-wrap parent-block-block-Q0QAuxkwCF\">\n<p id=\"block-3cFyBykkJ7\" class=\"wp-block-nectar-blocks-text nectar-blocks-text nectar-font-h2\">BST T\u00ecnh Y\u00eau<\/p>\n\n\n\n<p id=\"block-LEFyFzksiB\" class=\"wp-block-nectar-blocks-text nectar-blocks-text nectar-font-body\">BST ti\u1ebfp theo v\u1eabn gi\u1eef tr\u1ecdn s\u1ef1 ch\u0103m ch\u00fat, tho\u1ea3i m\u00e1i v\u00e0 n\u00e9t thu\u1ea7n khi\u1ebft t\u1ef1 nhi\u00ean m\u00e0 b\u1ea1n h\u1eb1ng y\u00eau m\u1ebfn cho c\u00e1c thi\u00ean th\u1ea7n nh\u1ecf c\u1ee7a m\u00ecnh.<\/p>\n\n\n\n<div class=\"wp-block-nectar-blocks-button nectar-blocks-button nectar-font-h6\" id=\"block-0ZaMnO7YEz\"><a href=\"https:\/\/linoafashion.com\/vi\/coming-soon\/\" class=\"nectar__link nectar-blocks-button__inner\"><span class=\"nectar-blocks-button__text\">S\u1eafp Ra M\u1eaft<\/span><\/a><\/div>\n<\/div><\/div><\/div>\n<\/div><\/div><\/section>","protected":false},"excerpt":{"rendered":"","protected":false},"author":2,"featured_media":0,"parent":0,"menu_order":0,"comment_status":"closed","ping_status":"closed","template":"","meta":{"_acf_changed":false,"_nectar_blocks_hide_post_title":true,"_nectar_blocks_transparent_header_effect":true,"_nectar_blocks_transparent_header_effect_color":"light","_nectar_blocks_header_animation":false,"_nectar_blocks_header_animation_delay":0,"_nectar_blocks_header_animation_effect":"fade","_nectar_blocks_page_css":"","_nectar_blocks_page_js":"","footnotes":""},"class_list":["post-1830","page","type-page","status-publish"],"acf":[],"yoast_head":"<!-- This site is optimized with the Yoast SEO plugin v26.6 - https:\/\/yoast.com\/wordpress\/plugins\/seo\/ -->\n<title>Our Collections - Linoa<\/title>\n<meta name=\"robots\" content=\"index, follow, max-snippet:-1, max-image-preview:large, max-video-preview:-1\" \/>\n<link rel=\"canonical\" href=\"https:\/\/linoafashion.com\/vi\/our-collections\/\" \/>\n<meta property=\"og:locale\" content=\"vi_VN\" \/>\n<meta property=\"og:type\" content=\"article\" \/>\n<meta property=\"og:title\" content=\"Our Collections - Linoa\" \/>\n<meta property=\"og:url\" content=\"https:\/\/linoafashion.com\/vi\/our-collections\/\" \/>\n<meta property=\"og:site_name\" content=\"Linoa\" \/>\n<meta property=\"article:modified_time\" content=\"2025-11-03T04:44:16+00:00\" \/>\n<meta name=\"twitter:card\" content=\"summary_large_image\" \/>\n<meta name=\"twitter:label1\" content=\"\u01af\u1edbc t\u00ednh th\u1eddi gian \u0111\u1ecdc\" \/>\n\t<meta name=\"twitter:data1\" content=\"1 ph\u00fat\" \/>\n<script type=\"application\/ld+json\" class=\"yoast-schema-graph\">{\"@context\":\"https:\/\/schema.org\",\"@graph\":[{\"@type\":\"WebPage\",\"@id\":\"https:\/\/linoafashion.com\/our-collections\/\",\"url\":\"https:\/\/linoafashion.com\/our-collections\/\",\"name\":\"Our Collections - Linoa\",\"isPartOf\":{\"@id\":\"https:\/\/linoafashion.com\/#website\"},\"datePublished\":\"2025-09-12T13:26:35+00:00\",\"dateModified\":\"2025-11-03T04:44:16+00:00\",\"breadcrumb\":{\"@id\":\"https:\/\/linoafashion.com\/our-collections\/#breadcrumb\"},\"inLanguage\":\"vi\",\"potentialAction\":[{\"@type\":\"ReadAction\",\"target\":[\"https:\/\/linoafashion.com\/our-collections\/\"]}]},{\"@type\":\"BreadcrumbList\",\"@id\":\"https:\/\/linoafashion.com\/our-collections\/#breadcrumb\",\"itemListElement\":[{\"@type\":\"ListItem\",\"position\":1,\"name\":\"Home\",\"item\":\"https:\/\/linoafashion.com\/\"},{\"@type\":\"ListItem\",\"position\":2,\"name\":\"Our Collections\"}]},{\"@type\":\"WebSite\",\"@id\":\"https:\/\/linoafashion.com\/#website\",\"url\":\"https:\/\/linoafashion.com\/\",\"name\":\"Linoa\",\"description\":\"Premium Linen\",\"potentialAction\":[{\"@type\":\"SearchAction\",\"target\":{\"@type\":\"EntryPoint\",\"urlTemplate\":\"https:\/\/linoafashion.com\/?s={search_term_string}\"},\"query-input\":{\"@type\":\"PropertyValueSpecification\",\"valueRequired\":true,\"valueName\":\"search_term_string\"}}],\"inLanguage\":\"vi\"}]}<\/script>\n<!-- \/ Yoast SEO plugin. -->","yoast_head_json":{"title":"Our Collections - Linoa","robots":{"index":"index","follow":"follow","max-snippet":"max-snippet:-1","max-image-preview":"max-image-preview:large","max-video-preview":"max-video-preview:-1"},"canonical":"https:\/\/linoafashion.com\/vi\/our-collections\/","og_locale":"vi_VN","og_type":"article","og_title":"Our Collections - Linoa","og_url":"https:\/\/linoafashion.com\/vi\/our-collections\/","og_site_name":"Linoa","article_modified_time":"2025-11-03T04:44:16+00:00","twitter_card":"summary_large_image","twitter_misc":{"\u01af\u1edbc t\u00ednh th\u1eddi gian \u0111\u1ecdc":"1 ph\u00fat"},"schema":{"@context":"https:\/\/schema.org","@graph":[{"@type":"WebPage","@id":"https:\/\/linoafashion.com\/our-collections\/","url":"https:\/\/linoafashion.com\/our-collections\/","name":"Our Collections - Linoa","isPartOf":{"@id":"https:\/\/linoafashion.com\/#website"},"datePublished":"2025-09-12T13:26:35+00:00","dateModified":"2025-11-03T04:44:16+00:00","breadcrumb":{"@id":"https:\/\/linoafashion.com\/our-collections\/#breadcrumb"},"inLanguage":"vi","potentialAction":[{"@type":"ReadAction","target":["https:\/\/linoafashion.com\/our-collections\/"]}]},{"@type":"BreadcrumbList","@id":"https:\/\/linoafashion.com\/our-collections\/#breadcrumb","itemListElement":[{"@type":"ListItem","position":1,"name":"Home","item":"https:\/\/linoafashion.com\/"},{"@type":"ListItem","position":2,"name":"Our Collections"}]},{"@type":"WebSite","@id":"https:\/\/linoafashion.com\/#website","url":"https:\/\/linoafashion.com\/","name":"Linoa","description":"Linen Cao C\u00e1p","potentialAction":[{"@type":"SearchAction","target":{"@type":"EntryPoint","urlTemplate":"https:\/\/linoafashion.com\/?s={search_term_string}"},"query-input":{"@type":"PropertyValueSpecification","valueRequired":true,"valueName":"search_term_string"}}],"inLanguage":"vi"}]}},"_links":{"self":[{"href":"https:\/\/linoafashion.com\/vi\/wp-json\/wp\/v2\/pages\/1830","targetHints":{"allow":["GET"]}}],"collection":[{"href":"https:\/\/linoafashion.com\/vi\/wp-json\/wp\/v2\/pages"}],"about":[{"href":"https:\/\/linoafashion.com\/vi\/wp-json\/wp\/v2\/types\/page"}],"author":[{"embeddable":true,"href":"https:\/\/linoafashion.com\/vi\/wp-json\/wp\/v2\/users\/2"}],"replies":[{"embeddable":true,"href":"https:\/\/linoafashion.com\/vi\/wp-json\/wp\/v2\/comments?post=1830"}],"version-history":[{"count":4,"href":"https:\/\/linoafashion.com\/vi\/wp-json\/wp\/v2\/pages\/1830\/revisions"}],"predecessor-version":[{"id":7114,"href":"https:\/\/linoafashion.com\/vi\/wp-json\/wp\/v2\/pages\/1830\/revisions\/7114"}],"wp:attachment":[{"href":"https:\/\/linoafashion.com\/vi\/wp-json\/wp\/v2\/media?parent=1830"}],"curies":[{"name":"wp","href":"https:\/\/api.w.org\/{rel}","templated":true}]}}