{"id":2616,"date":"2025-09-27T14:25:35","date_gmt":"2025-09-27T14:25:35","guid":{"rendered":"https:\/\/linoafashion.com\/?page_id=2616"},"modified":"2025-11-11T14:52:52","modified_gmt":"2025-11-11T07:52:52","slug":"terre-lumiere-collection","status":"publish","type":"page","link":"https:\/\/linoafashion.com\/vi\/our-collections\/terre-lumiere-collection\/","title":{"rendered":"BST Terre Lumi\u00e8re"},"content":{"rendered":"<section class=\"wp-block-nectar-blocks-row alignfull nectar-block nectar-blocks-row\" id=\"block-P88llIo9Fo\"><div class=\"nectar-blocks-row__wrapper parent-block-block-P88llIo9Fo\"><div class=\"nectar__bg-layers parent-block-block-P88llIo9Fo\"><div class=\"nectar__bg-layer nectar__bg-image\"><\/div><\/div><div class=\"nectar-blocks-row__inner parent-block-block-P88llIo9Fo\">\n<div class=\"wp-block-nectar-blocks-column nectar-blocks-column nectar-block\" id=\"block-H72kqrPOVQ\"><div class=\"nectar-blocks-column__wrapper parent-block-block-H72kqrPOVQ\"><div class=\"nectar-blocks-column__inner nectar-blocks-column__content-wrap parent-block-block-H72kqrPOVQ\">\n<p id=\"block-Wk1NqF2Qwa\" class=\"wp-block-nectar-blocks-text nectar-blocks-text nectar-font-h1\">Terre Lumi\u00e8re<\/p>\n<\/div><\/div><\/div>\n<\/div><\/div><\/section>\n\n\n\n<div class=\"wp-block-nectar-blocks-row alignfull nectar-block nectar-blocks-row nectar-blocks-row__inner nectar-blocks-row__wrapper parent-block-block-egqACe8AA1\" id=\"block-egqACe8AA1\">\n<div class=\"wp-block-nectar-blocks-column nectar-blocks-column nectar-block\" id=\"block-wtgZfu1Yfz\"><div class=\"nectar-blocks-column__wrapper parent-block-block-wtgZfu1Yfz\"><div class=\"nectar-blocks-column__inner nectar-blocks-column__content-wrap parent-block-block-wtgZfu1Yfz\">\n<div class=\"wp-block-nectar-blocks-flex-box nectar-block nectar-blocks-flex-box nectar-blocks-flex-box__inner nectar-blocks-flex-box__wrapper parent-block-block-QFCewWpTnK\" id=\"block-QFCewWpTnK\">\n<div class=\"wp-block-nectar-blocks-row alignfull nectar-block nectar-blocks-row nectar-blocks-row__inner nectar-blocks-row__wrapper parent-block-block-FASQMlZJqo\" id=\"block-FASQMlZJqo\">\n<div class=\"wp-block-nectar-blocks-column nectar-blocks-column nectar-block\" id=\"block-GZVXN5I453\"><div class=\"nectar-blocks-column__inner nectar-blocks-column__content-wrap parent-block-block-GZVXN5I453 nectar-blocks-column__wrapper\">\n<p id=\"block-MDnFAx7pQM\" class=\"wp-block-nectar-blocks-text nectar-blocks-text nectar-font-h2\">BST Terre Lumi\u00e8re<\/p>\n\n\n\n<p id=\"block-vBpAkmOqqy\" class=\"wp-block-nectar-blocks-text nectar-blocks-text nectar-font-body\">Nh\u1eefng thi\u1ebft k\u1ebf linen \u0111\u1ea7u ti\u00ean c\u1ee7a d\u00e0nh cho tu\u1ed5i th\u01a1 thu\u1ea7n khi\u1ebft v\u00e0 an l\u00e0nh c\u1ee7a b\u00e9 con... T\u1eebng \u0111\u01b0\u1eddng may, m\u0169i th\u00eau l\u00e0 l\u1eddi k\u1ec3 v\u1ec1 thi\u00ean nhi\u00ean an l\u00e0nh, s\u1ef1 tinh t\u1ebf v\u00e0 n\u00e9t \u0111\u1eb9p b\u1ec1n v\u1eefng, \u0111\u1ec3 b\u00e9 l\u1edbn l\u00ean trong nh\u1eefng \u0111i\u1ec1u nh\u1eb9 nh\u00e0ng v\u00e0 trong s\u00e1ng nh\u1ea5t.<\/p>\n\n\n\n<div class=\"wp-block-nectar-blocks-button nectar-blocks-button nectar-font-h6\" id=\"block-VV17jo2HVg\"><a href=\"https:\/\/linoafashion.com\/vi\/shop\/?filter_collections=terre-lumiere&amp;query_type_collections=or\" class=\"nectar__link nectar-blocks-button__inner\"><span class=\"nectar-blocks-button__text\">Kh\u00e1m Ph\u00e1 B\u1ed9 S\u01b0u T\u1eadp<\/span><\/a><\/div>\n<\/div><\/div>\n<\/div>\n<\/div>\n<\/div><\/div><\/div>\n<\/div>\n\n\n\n<div class=\"wp-block-nectar-blocks-row alignfull nectar-block nectar-blocks-row nectar-blocks-row__inner nectar-blocks-row__wrapper parent-block-block-f0CCxWiOnQ\" id=\"block-f0CCxWiOnQ\">\n<div class=\"wp-block-nectar-blocks-column nectar-blocks-column nectar-block\" id=\"block-VRRLQ9JjL2\"><div class=\"nectar-blocks-column__inner nectar-blocks-column__content-wrap parent-block-block-VRRLQ9JjL2 nectar-blocks-column__wrapper\">\n<div class=\"wp-block-nectar-blocks-image nectar-blocks-image\" id=\"block-nepAkFRdvp\"><div class=\"nectar-blocks-image__inner\"><a href=\"https:\/\/linoafashion.com\/vi\/san-pham\/oatmeal-vanilla-dress\/\" class=\"nectar__link\"><img loading=\"lazy\" decoding=\"async\" width=\"1695\" height=\"873\" class=\"wp-image-4017\" src=\"https:\/\/linoafashion.com\/wp-content\/uploads\/2025\/10\/compressed_DSC00111-1-2.webp\" alt=\"\" title=\"compressed_DSC00111 1 (2)\" srcset=\"https:\/\/linoafashion.com\/wp-content\/uploads\/2025\/10\/compressed_DSC00111-1-2.webp 1695w, https:\/\/linoafashion.com\/wp-content\/uploads\/2025\/10\/compressed_DSC00111-1-2-300x155.webp 300w, https:\/\/linoafashion.com\/wp-content\/uploads\/2025\/10\/compressed_DSC00111-1-2-1024x527.webp 1024w, https:\/\/linoafashion.com\/wp-content\/uploads\/2025\/10\/compressed_DSC00111-1-2-768x396.webp 768w, https:\/\/linoafashion.com\/wp-content\/uploads\/2025\/10\/compressed_DSC00111-1-2-1536x791.webp 1536w, https:\/\/linoafashion.com\/wp-content\/uploads\/2025\/10\/compressed_DSC00111-1-2-900x464.webp 900w\" sizes=\"auto, (max-width: 1695px) 100vw, 1695px\" \/><\/a><\/div><\/div>\n<\/div><\/div>\n<\/div>\n\n\n\n<div class=\"wp-block-nectar-blocks-row alignfull nectar-block nectar-blocks-row nectar-blocks-row__inner is-horizontal-phone is-horizontal-tablet nectar-blocks-row__wrapper parent-block-block-cX928NFxKU\" id=\"block-cX928NFxKU\">\n<div class=\"wp-block-nectar-blocks-column nectar-blocks-column nectar-block\" id=\"block-mc3IzC5XoF\"><div class=\"nectar-blocks-column__inner nectar-blocks-column__content-wrap parent-block-block-mc3IzC5XoF nectar-blocks-column__wrapper\">\n<div class=\"wp-block-nectar-blocks-row nectar-block nectar-blocks-row nectar-blocks-row__inner is-horizontal-phone is-horizontal-tablet nectar-blocks-row__wrapper parent-block-block-d9ZuZO7hD7\" id=\"block-d9ZuZO7hD7\">\n<div class=\"wp-block-nectar-blocks-column nectar-blocks-column nectar-block\" id=\"block-XalqSSDe21\"><div class=\"nectar-blocks-column__inner nectar-blocks-column__content-wrap parent-block-block-XalqSSDe21 nectar-blocks-column__wrapper\">\n<div class=\"wp-block-nectar-blocks-image nectar-blocks-image\" id=\"block-LOfWUphHYK\"><div class=\"nectar-blocks-image__inner\"><a href=\"https:\/\/linoafashion.com\/vi\/san-pham\/oatmeal-vanilla-dress\/\" class=\"nectar__link\"><img loading=\"lazy\" decoding=\"async\" width=\"836\" height=\"1254\" class=\"wp-image-3987\" src=\"https:\/\/linoafashion.com\/wp-content\/uploads\/2025\/10\/compressed_DSC09986-1-1.webp\" alt=\"\" title=\"compressed_DSC09986 1 (1)\" srcset=\"https:\/\/linoafashion.com\/wp-content\/uploads\/2025\/10\/compressed_DSC09986-1-1.webp 836w, https:\/\/linoafashion.com\/wp-content\/uploads\/2025\/10\/compressed_DSC09986-1-1-200x300.webp 200w, https:\/\/linoafashion.com\/wp-content\/uploads\/2025\/10\/compressed_DSC09986-1-1-683x1024.webp 683w, https:\/\/linoafashion.com\/wp-content\/uploads\/2025\/10\/compressed_DSC09986-1-1-768x1152.webp 768w\" sizes=\"auto, (max-width: 836px) 100vw, 836px\" \/><\/a><\/div><\/div>\n<\/div><\/div>\n\n\n\n<div class=\"wp-block-nectar-blocks-column nectar-blocks-column nectar-block\" id=\"block-h84yI3RcxB\"><div class=\"nectar-blocks-column__inner nectar-blocks-column__content-wrap parent-block-block-h84yI3RcxB nectar-blocks-column__wrapper\">\n<div class=\"wp-block-nectar-blocks-image nectar-blocks-image\" id=\"block-rSEGFKlHgu\"><div class=\"nectar-blocks-image__inner\"><a href=\"https:\/\/linoafashion.com\/vi\/san-pham\/yarrow-dress\/\" class=\"nectar__link\"><img loading=\"lazy\" decoding=\"async\" width=\"836\" height=\"1254\" class=\"wp-image-3988\" src=\"https:\/\/linoafashion.com\/wp-content\/uploads\/2025\/10\/compressed_DSC08829-1.webp\" alt=\"\" title=\"compressed_DSC08829 1\" srcset=\"https:\/\/linoafashion.com\/wp-content\/uploads\/2025\/10\/compressed_DSC08829-1.webp 836w, https:\/\/linoafashion.com\/wp-content\/uploads\/2025\/10\/compressed_DSC08829-1-200x300.webp 200w, https:\/\/linoafashion.com\/wp-content\/uploads\/2025\/10\/compressed_DSC08829-1-683x1024.webp 683w, https:\/\/linoafashion.com\/wp-content\/uploads\/2025\/10\/compressed_DSC08829-1-768x1152.webp 768w\" sizes=\"auto, (max-width: 836px) 100vw, 836px\" \/><\/a><\/div><\/div>\n<\/div><\/div>\n<\/div>\n<\/div><\/div>\n<\/div>\n\n\n\n<div class=\"wp-block-nectar-blocks-row alignfull nectar-block nectar-blocks-row nectar-blocks-row__inner nectar-blocks-row__wrapper parent-block-block-TUnqKyicoU\" id=\"block-TUnqKyicoU\">\n<div class=\"wp-block-nectar-blocks-column nectar-blocks-column nectar-block\" id=\"block-KGIDIUhjKf\"><div class=\"nectar-blocks-column__inner nectar-blocks-column__content-wrap parent-block-block-KGIDIUhjKf nectar-blocks-column__wrapper\">\n<div class=\"wp-block-nectar-blocks-image nectar-blocks-image\" id=\"block-BXu5pgnbkj\"><div class=\"nectar-blocks-image__inner\"><a href=\"https:\/\/linoafashion.com\/vi\/shop\/?filter_collections=terre-lumiere&amp;query_type_collections=or\" class=\"nectar__link\"><img loading=\"lazy\" decoding=\"async\" width=\"1696\" height=\"1130\" class=\"wp-image-4032\" src=\"https:\/\/linoafashion.com\/wp-content\/uploads\/2025\/10\/compressed_DSC08975-1.webp\" alt=\"\" title=\"compressed_DSC08975 1\" srcset=\"https:\/\/linoafashion.com\/wp-content\/uploads\/2025\/10\/compressed_DSC08975-1.webp 1696w, https:\/\/linoafashion.com\/wp-content\/uploads\/2025\/10\/compressed_DSC08975-1-300x200.webp 300w, https:\/\/linoafashion.com\/wp-content\/uploads\/2025\/10\/compressed_DSC08975-1-1024x682.webp 1024w, https:\/\/linoafashion.com\/wp-content\/uploads\/2025\/10\/compressed_DSC08975-1-768x512.webp 768w, https:\/\/linoafashion.com\/wp-content\/uploads\/2025\/10\/compressed_DSC08975-1-1536x1023.webp 1536w, https:\/\/linoafashion.com\/wp-content\/uploads\/2025\/10\/compressed_DSC08975-1-900x600.webp 900w\" sizes=\"auto, (max-width: 1696px) 100vw, 1696px\" \/><\/a><\/div><\/div>\n<\/div><\/div>\n<\/div>\n\n\n\n<div class=\"wp-block-nectar-blocks-row alignfull nectar-block nectar-blocks-row nectar-blocks-row__inner nectar-blocks-row__wrapper parent-block-block-CXAowvSUgr\" id=\"block-CXAowvSUgr\">\n<div class=\"wp-block-nectar-blocks-column nectar-blocks-column nectar-block\" id=\"block-dnhWFMbLTT\"><div class=\"nectar-blocks-column__wrapper parent-block-block-dnhWFMbLTT\"><div class=\"nectar-blocks-column__inner nectar-blocks-column__content-wrap parent-block-block-dnhWFMbLTT\">\n<div class=\"wp-block-nectar-blocks-flex-box nectar-block nectar-blocks-flex-box nectar-blocks-flex-box__inner nectar-blocks-flex-box__wrapper parent-block-block-gYhPdwmoFl\" id=\"block-gYhPdwmoFl\">\n<div class=\"wp-block-nectar-blocks-row nectar-block nectar-blocks-row nectar-blocks-row__inner nectar-blocks-row__wrapper parent-block-block-xVumty1vRt\" id=\"block-xVumty1vRt\">\n<div class=\"wp-block-nectar-blocks-column nectar-blocks-column nectar-block\" id=\"block-F5J3Z2NytP\"><div class=\"nectar-blocks-column__inner nectar-blocks-column__content-wrap parent-block-block-F5J3Z2NytP nectar-blocks-column__wrapper\">\n<p id=\"block-n2T15SOrNw\" class=\"wp-block-nectar-blocks-text nectar-blocks-text nectar-font-h2\">Ch\u1ea1m Y\u00eau Th\u01b0\u01a1ng<\/p>\n\n\n\n<p id=\"block-Oqmu15XCVn\" class=\"wp-block-nectar-blocks-text nectar-blocks-text nectar-font-body\">M\u1ed7i thi\u1ebft k\u1ebf c\u1ee7a Linoa \u0111\u1ec1u kh\u1edfi ngu\u1ed3n t\u1eeb s\u1ef1 tr\u00e2n tr\u1ecdng d\u00e0nh cho thi\u00ean nhi\u00ean v\u00e0 tu\u1ed5i th\u01a1 c\u1ee7a con. L\u00e0 s\u1ef1 kh\u1edfi \u0111\u1ea7u c\u1ee7a m\u1ed9t h\u00e0nh tr\u00ecnh \u0111\u1ea7y c\u1ea3m h\u1ee9ng.<\/p>\n\n\n\n<div class=\"wp-block-nectar-blocks-button nectar-blocks-button nectar-font-h6\" id=\"block-DDclIFCafG\"><a href=\"https:\/\/linoafashion.com\/vi\/shop\/?filter_collections=terre-lumiere&amp;query_type_collections=or\" class=\"nectar__link nectar-blocks-button__inner\"><span class=\"nectar-blocks-button__text\">Kh\u00e1m Ph\u00e1 B\u1ed9 S\u01b0u T\u1eadp<\/span><\/a><\/div>\n<\/div><\/div>\n<\/div>\n<\/div>\n<\/div><\/div><\/div>\n<\/div>\n\n\n\n<div class=\"wp-block-nectar-blocks-row alignfull nectar-block nectar-blocks-row nectar-blocks-row__inner is-horizontal-tablet nectar-blocks-row__wrapper parent-block-block-1MM44YIfcM\" id=\"block-1MM44YIfcM\">\n<div class=\"wp-block-nectar-blocks-column nectar-blocks-column nectar-block\" id=\"block-0Q27DqAJvN\"><div class=\"nectar-blocks-column__inner nectar-blocks-column__content-wrap parent-block-block-0Q27DqAJvN nectar-blocks-column__wrapper\">\n<div class=\"wp-block-nectar-blocks-image nectar-blocks-image\" id=\"block-pXlGjiULiw\"><div class=\"nectar-blocks-image__inner\"><a href=\"https:\/\/linoafashion.com\/vi\/san-pham\/dahlia-cotta-dress\/\" class=\"nectar__link\"><img loading=\"lazy\" decoding=\"async\" width=\"549\" height=\"821\" class=\"wp-image-4040\" src=\"https:\/\/linoafashion.com\/wp-content\/uploads\/2025\/10\/compressed_Rectangle-17829.webp\" alt=\"\" title=\"compressed_Rectangle 17829\" srcset=\"https:\/\/linoafashion.com\/wp-content\/uploads\/2025\/10\/compressed_Rectangle-17829.webp 549w, https:\/\/linoafashion.com\/wp-content\/uploads\/2025\/10\/compressed_Rectangle-17829-201x300.webp 201w\" sizes=\"auto, (max-width: 549px) 100vw, 549px\" \/><\/a><\/div><\/div>\n<\/div><\/div>\n\n\n\n<div class=\"wp-block-nectar-blocks-column nectar-blocks-column nectar-block\" id=\"block-epgHzNvX4Q\"><div class=\"nectar-blocks-column__inner nectar-blocks-column__content-wrap parent-block-block-epgHzNvX4Q nectar-blocks-column__wrapper\">\n<div class=\"wp-block-nectar-blocks-image nectar-blocks-image\" id=\"block-b6Z9VruF1L\"><div class=\"nectar-blocks-image__inner\"><a href=\"https:\/\/linoafashion.com\/vi\/san-pham\/daikon-shirt\/\" class=\"nectar__link\"><img loading=\"lazy\" decoding=\"async\" width=\"550\" height=\"821\" class=\"wp-image-4038\" src=\"https:\/\/linoafashion.com\/wp-content\/uploads\/2025\/10\/compressed_Rectangle-17830.webp\" alt=\"\" title=\"compressed_Rectangle 17830\" srcset=\"https:\/\/linoafashion.com\/wp-content\/uploads\/2025\/10\/compressed_Rectangle-17830.webp 550w, https:\/\/linoafashion.com\/wp-content\/uploads\/2025\/10\/compressed_Rectangle-17830-201x300.webp 201w\" sizes=\"auto, (max-width: 550px) 100vw, 550px\" \/><\/a><\/div><\/div>\n<\/div><\/div>\n\n\n\n<div class=\"wp-block-nectar-blocks-column nectar-blocks-column nectar-block\" id=\"block-rPN38nX0Ek\"><div class=\"nectar-blocks-column__inner nectar-blocks-column__content-wrap parent-block-block-rPN38nX0Ek nectar-blocks-column__wrapper\">\n<div class=\"wp-block-nectar-blocks-image nectar-blocks-image\" id=\"block-kQ0dCFP4X9\"><div class=\"nectar-blocks-image__inner\"><a href=\"https:\/\/linoafashion.com\/vi\/san-pham\/mimi-azalea-dress\/\" class=\"nectar__link\"><img loading=\"lazy\" decoding=\"async\" width=\"549\" height=\"821\" class=\"wp-image-4039\" src=\"https:\/\/linoafashion.com\/wp-content\/uploads\/2025\/10\/compressed_Rectangle-17831.webp\" alt=\"\" title=\"compressed_Rectangle 17831\" srcset=\"https:\/\/linoafashion.com\/wp-content\/uploads\/2025\/10\/compressed_Rectangle-17831.webp 549w, https:\/\/linoafashion.com\/wp-content\/uploads\/2025\/10\/compressed_Rectangle-17831-201x300.webp 201w\" sizes=\"auto, (max-width: 549px) 100vw, 549px\" \/><\/a><\/div><\/div>\n<\/div><\/div>\n<\/div>","protected":false},"excerpt":{"rendered":"","protected":false},"author":2,"featured_media":0,"parent":1830,"menu_order":0,"comment_status":"closed","ping_status":"closed","template":"","meta":{"_acf_changed":false,"_nectar_blocks_hide_post_title":true,"_nectar_blocks_transparent_header_effect":false,"_nectar_blocks_transparent_header_effect_color":"light","_nectar_blocks_header_animation":false,"_nectar_blocks_header_animation_delay":0,"_nectar_blocks_header_animation_effect":"fade","_nectar_blocks_page_css":"","_nectar_blocks_page_js":"","footnotes":""},"class_list":["post-2616","page","type-page","status-publish"],"acf":[],"yoast_head":"<!-- This site is optimized with the Yoast SEO plugin v26.6 - https:\/\/yoast.com\/wordpress\/plugins\/seo\/ -->\n<title>Terre Lumi\u00e8re Collection - Linoa<\/title>\n<meta name=\"description\" content=\"Discover Terre Lumi\u00e8re, where natural linen clothing is inspired by earth&#039;s calm beauty and gentle light, crafted for your little one&#039;s comfort\" \/>\n<meta name=\"robots\" content=\"index, follow, max-snippet:-1, max-image-preview:large, max-video-preview:-1\" \/>\n<link rel=\"canonical\" href=\"https:\/\/linoafashion.com\/vi\/our-collections\/terre-lumiere-collection\/\" \/>\n<meta property=\"og:locale\" content=\"vi_VN\" \/>\n<meta property=\"og:type\" content=\"article\" \/>\n<meta property=\"og:title\" content=\"Terre Lumi\u00e8re Collection - Linoa\" \/>\n<meta property=\"og:description\" content=\"Discover Terre Lumi\u00e8re, where natural linen clothing is inspired by earth&#039;s calm beauty and gentle light, crafted for your little one&#039;s comfort\" \/>\n<meta property=\"og:url\" content=\"https:\/\/linoafashion.com\/vi\/our-collections\/terre-lumiere-collection\/\" \/>\n<meta property=\"og:site_name\" content=\"Linoa\" \/>\n<meta property=\"article:modified_time\" content=\"2025-11-11T07:52:52+00:00\" \/>\n<meta property=\"og:image\" content=\"https:\/\/linoafashion.com\/wp-content\/uploads\/2025\/10\/compressed_DSC00111-1-2.webp\" \/>\n\t<meta property=\"og:image:width\" content=\"1695\" \/>\n\t<meta property=\"og:image:height\" content=\"873\" \/>\n\t<meta property=\"og:image:type\" content=\"image\/webp\" \/>\n<meta name=\"twitter:card\" content=\"summary_large_image\" \/>\n<meta name=\"twitter:label1\" content=\"\u01af\u1edbc t\u00ednh th\u1eddi gian \u0111\u1ecdc\" \/>\n\t<meta name=\"twitter:data1\" content=\"2 ph\u00fat\" \/>\n<script type=\"application\/ld+json\" class=\"yoast-schema-graph\">{\"@context\":\"https:\/\/schema.org\",\"@graph\":[{\"@type\":\"WebPage\",\"@id\":\"https:\/\/linoafashion.com\/our-collections\/terre-lumiere-collection\/\",\"url\":\"https:\/\/linoafashion.com\/our-collections\/terre-lumiere-collection\/\",\"name\":\"Terre Lumi\u00e8re Collection - Linoa\",\"isPartOf\":{\"@id\":\"https:\/\/linoafashion.com\/#website\"},\"primaryImageOfPage\":{\"@id\":\"https:\/\/linoafashion.com\/our-collections\/terre-lumiere-collection\/#primaryimage\"},\"image\":{\"@id\":\"https:\/\/linoafashion.com\/our-collections\/terre-lumiere-collection\/#primaryimage\"},\"thumbnailUrl\":\"https:\/\/linoafashion.com\/wp-content\/uploads\/2025\/10\/compressed_DSC00111-1-2.webp\",\"datePublished\":\"2025-09-27T14:25:35+00:00\",\"dateModified\":\"2025-11-11T07:52:52+00:00\",\"description\":\"Discover Terre Lumi\u00e8re, where natural linen clothing is inspired by earth's calm beauty and gentle light, crafted for your little one's comfort\",\"breadcrumb\":{\"@id\":\"https:\/\/linoafashion.com\/our-collections\/terre-lumiere-collection\/#breadcrumb\"},\"inLanguage\":\"vi\",\"potentialAction\":[{\"@type\":\"ReadAction\",\"target\":[\"https:\/\/linoafashion.com\/our-collections\/terre-lumiere-collection\/\"]}]},{\"@type\":\"ImageObject\",\"inLanguage\":\"vi\",\"@id\":\"https:\/\/linoafashion.com\/our-collections\/terre-lumiere-collection\/#primaryimage\",\"url\":\"https:\/\/linoafashion.com\/wp-content\/uploads\/2025\/10\/compressed_DSC00111-1-2.webp\",\"contentUrl\":\"https:\/\/linoafashion.com\/wp-content\/uploads\/2025\/10\/compressed_DSC00111-1-2.webp\"},{\"@type\":\"BreadcrumbList\",\"@id\":\"https:\/\/linoafashion.com\/our-collections\/terre-lumiere-collection\/#breadcrumb\",\"itemListElement\":[{\"@type\":\"ListItem\",\"position\":1,\"name\":\"Home\",\"item\":\"https:\/\/linoafashion.com\/\"},{\"@type\":\"ListItem\",\"position\":2,\"name\":\"Our Collections\",\"item\":\"https:\/\/linoafashion.com\/our-collections\/\"},{\"@type\":\"ListItem\",\"position\":3,\"name\":\"Terre Lumi\u00e8re Collection\"}]},{\"@type\":\"WebSite\",\"@id\":\"https:\/\/linoafashion.com\/#website\",\"url\":\"https:\/\/linoafashion.com\/\",\"name\":\"Linoa\",\"description\":\"Premium Linen\",\"potentialAction\":[{\"@type\":\"SearchAction\",\"target\":{\"@type\":\"EntryPoint\",\"urlTemplate\":\"https:\/\/linoafashion.com\/?s={search_term_string}\"},\"query-input\":{\"@type\":\"PropertyValueSpecification\",\"valueRequired\":true,\"valueName\":\"search_term_string\"}}],\"inLanguage\":\"vi\"}]}<\/script>\n<!-- \/ Yoast SEO plugin. -->","yoast_head_json":{"title":"Terre Lumi\u00e8re Collection - Linoa","description":"Discover Terre Lumi\u00e8re, where natural linen clothing is inspired by earth's calm beauty and gentle light, crafted for your little one's comfort","robots":{"index":"index","follow":"follow","max-snippet":"max-snippet:-1","max-image-preview":"max-image-preview:large","max-video-preview":"max-video-preview:-1"},"canonical":"https:\/\/linoafashion.com\/vi\/our-collections\/terre-lumiere-collection\/","og_locale":"vi_VN","og_type":"article","og_title":"Terre Lumi\u00e8re Collection - Linoa","og_description":"Discover Terre Lumi\u00e8re, where natural linen clothing is inspired by earth's calm beauty and gentle light, crafted for your little one's comfort","og_url":"https:\/\/linoafashion.com\/vi\/our-collections\/terre-lumiere-collection\/","og_site_name":"Linoa","article_modified_time":"2025-11-11T07:52:52+00:00","og_image":[{"width":1695,"height":873,"url":"https:\/\/linoafashion.com\/wp-content\/uploads\/2025\/10\/compressed_DSC00111-1-2.webp","type":"image\/webp"}],"twitter_card":"summary_large_image","twitter_misc":{"\u01af\u1edbc t\u00ednh th\u1eddi gian \u0111\u1ecdc":"2 ph\u00fat"},"schema":{"@context":"https:\/\/schema.org","@graph":[{"@type":"WebPage","@id":"https:\/\/linoafashion.com\/our-collections\/terre-lumiere-collection\/","url":"https:\/\/linoafashion.com\/our-collections\/terre-lumiere-collection\/","name":"Terre Lumi\u00e8re Collection - Linoa","isPartOf":{"@id":"https:\/\/linoafashion.com\/#website"},"primaryImageOfPage":{"@id":"https:\/\/linoafashion.com\/our-collections\/terre-lumiere-collection\/#primaryimage"},"image":{"@id":"https:\/\/linoafashion.com\/our-collections\/terre-lumiere-collection\/#primaryimage"},"thumbnailUrl":"https:\/\/linoafashion.com\/wp-content\/uploads\/2025\/10\/compressed_DSC00111-1-2.webp","datePublished":"2025-09-27T14:25:35+00:00","dateModified":"2025-11-11T07:52:52+00:00","description":"Discover Terre Lumi\u00e8re, where natural linen clothing is inspired by earth's calm beauty and gentle light, crafted for your little one's comfort","breadcrumb":{"@id":"https:\/\/linoafashion.com\/our-collections\/terre-lumiere-collection\/#breadcrumb"},"inLanguage":"vi","potentialAction":[{"@type":"ReadAction","target":["https:\/\/linoafashion.com\/our-collections\/terre-lumiere-collection\/"]}]},{"@type":"ImageObject","inLanguage":"vi","@id":"https:\/\/linoafashion.com\/our-collections\/terre-lumiere-collection\/#primaryimage","url":"https:\/\/linoafashion.com\/wp-content\/uploads\/2025\/10\/compressed_DSC00111-1-2.webp","contentUrl":"https:\/\/linoafashion.com\/wp-content\/uploads\/2025\/10\/compressed_DSC00111-1-2.webp"},{"@type":"BreadcrumbList","@id":"https:\/\/linoafashion.com\/our-collections\/terre-lumiere-collection\/#breadcrumb","itemListElement":[{"@type":"ListItem","position":1,"name":"Home","item":"https:\/\/linoafashion.com\/"},{"@type":"ListItem","position":2,"name":"Our Collections","item":"https:\/\/linoafashion.com\/our-collections\/"},{"@type":"ListItem","position":3,"name":"Terre Lumi\u00e8re Collection"}]},{"@type":"WebSite","@id":"https:\/\/linoafashion.com\/#website","url":"https:\/\/linoafashion.com\/","name":"Linoa","description":"Linen Cao C\u00e1p","potentialAction":[{"@type":"SearchAction","target":{"@type":"EntryPoint","urlTemplate":"https:\/\/linoafashion.com\/?s={search_term_string}"},"query-input":{"@type":"PropertyValueSpecification","valueRequired":true,"valueName":"search_term_string"}}],"inLanguage":"vi"}]}},"_links":{"self":[{"href":"https:\/\/linoafashion.com\/vi\/wp-json\/wp\/v2\/pages\/2616","targetHints":{"allow":["GET"]}}],"collection":[{"href":"https:\/\/linoafashion.com\/vi\/wp-json\/wp\/v2\/pages"}],"about":[{"href":"https:\/\/linoafashion.com\/vi\/wp-json\/wp\/v2\/types\/page"}],"author":[{"embeddable":true,"href":"https:\/\/linoafashion.com\/vi\/wp-json\/wp\/v2\/users\/2"}],"replies":[{"embeddable":true,"href":"https:\/\/linoafashion.com\/vi\/wp-json\/wp\/v2\/comments?post=2616"}],"version-history":[{"count":12,"href":"https:\/\/linoafashion.com\/vi\/wp-json\/wp\/v2\/pages\/2616\/revisions"}],"predecessor-version":[{"id":7307,"href":"https:\/\/linoafashion.com\/vi\/wp-json\/wp\/v2\/pages\/2616\/revisions\/7307"}],"up":[{"embeddable":true,"href":"https:\/\/linoafashion.com\/vi\/wp-json\/wp\/v2\/pages\/1830"}],"wp:attachment":[{"href":"https:\/\/linoafashion.com\/vi\/wp-json\/wp\/v2\/media?parent=2616"}],"curies":[{"name":"wp","href":"https:\/\/api.w.org\/{rel}","templated":true}]}}