{"id":7500,"date":"2026-04-05T22:05:36","date_gmt":"2026-04-05T15:05:36","guid":{"rendered":"https:\/\/linoafashion.com\/?page_id=7500"},"modified":"2026-04-10T02:08:58","modified_gmt":"2026-04-09T19:08:58","slug":"petite-garden-chapter-collection","status":"publish","type":"page","link":"https:\/\/linoafashion.com\/vi\/our-collections\/petite-garden-chapter-collection\/","title":{"rendered":"PETITE GARDEN CHAPTER COLLECTION"},"content":{"rendered":"<section class=\"wp-block-nectar-blocks-row alignfull nectar-block nectar-blocks-row\" id=\"block-P88llIo9Fo\"><div class=\"nectar-blocks-row__wrapper parent-block-block-P88llIo9Fo\"><div class=\"nectar__bg-layers parent-block-block-P88llIo9Fo\"><div class=\"nectar__bg-layer nectar__bg-image\"><\/div><\/div><div class=\"nectar-blocks-row__inner parent-block-block-P88llIo9Fo\">\n<div class=\"wp-block-nectar-blocks-column nectar-blocks-column nectar-block\" id=\"block-H72kqrPOVQ\"><div class=\"nectar-blocks-column__wrapper parent-block-block-H72kqrPOVQ\"><div class=\"nectar-blocks-column__inner nectar-blocks-column__content-wrap parent-block-block-H72kqrPOVQ\">\n<p id=\"block-Wk1NqF2Qwa\" class=\"wp-block-nectar-blocks-text nectar-blocks-text nectar-font-h1\">KHU V\u01af\u1edcN NH\u1ece<\/p>\n<\/div><\/div><\/div>\n<\/div><\/div><\/section>\n\n\n\n<div class=\"wp-block-nectar-blocks-row alignfull nectar-block nectar-blocks-row nectar-blocks-row__inner nectar-blocks-row__wrapper parent-block-block-egqACe8AA1\" id=\"block-egqACe8AA1\">\n<div class=\"wp-block-nectar-blocks-column nectar-blocks-column nectar-block\" id=\"block-wtgZfu1Yfz\"><div class=\"nectar-blocks-column__wrapper parent-block-block-wtgZfu1Yfz\"><div class=\"nectar-blocks-column__inner nectar-blocks-column__content-wrap parent-block-block-wtgZfu1Yfz\">\n<div class=\"wp-block-nectar-blocks-flex-box nectar-block nectar-blocks-flex-box nectar-blocks-flex-box__inner nectar-blocks-flex-box__wrapper parent-block-block-QFCewWpTnK\" id=\"block-QFCewWpTnK\">\n<div class=\"wp-block-nectar-blocks-row alignfull nectar-block nectar-blocks-row nectar-blocks-row__inner nectar-blocks-row__wrapper parent-block-block-FASQMlZJqo\" id=\"block-FASQMlZJqo\">\n<div class=\"wp-block-nectar-blocks-column nectar-blocks-column nectar-block\" id=\"block-GZVXN5I453\"><div class=\"nectar-blocks-column__inner nectar-blocks-column__content-wrap parent-block-block-GZVXN5I453 nectar-blocks-column__wrapper\">\n<p id=\"block-MDnFAx7pQM\" class=\"wp-block-nectar-blocks-text nectar-blocks-text nectar-font-h2\">KHU V\u01af\u1edcN NH\u1ece <\/p>\n\n\n\n<p id=\"block-vBpAkmOqqy\" class=\"wp-block-nectar-blocks-text nectar-blocks-text nectar-font-body\">M\u1ed9t khu v\u01b0\u1eddn nh\u1ecf kh\u1ebd m\u1edf ra n\u01a1i nh\u1eefng c\u00e1nh hoa, ong nh\u1ecf v\u00e0 \u00e1nh n\u1eafng xu\u00e2n r\u1ef1c r\u1ee1 truy\u1ec1n c\u1ea3m h\u1ee9ng cho m\u1ed9t b\u1ed9 s\u01b0u t\u1eadp t\u01b0\u01a1i vui, \u0111\u1ea7y m\u00e0u s\u1eafc d\u00e0nh ri\u00eang cho b\u00e9.<\/p>\n\n\n\n<div class=\"wp-block-nectar-blocks-button nectar-blocks-button nectar-font-h6\" id=\"block-VV17jo2HVg\"><a href=\"https:\/\/linoafashion.com\/vi\/shop\/?filter_collections=terre-lumiereu0026query_type_collections=or\" class=\"nectar__link nectar-blocks-button__inner\"><span class=\"nectar-blocks-button__text\">Kh\u00e1m Ph\u00e1 B\u1ed9 S\u01b0u T\u1eadp<\/span><\/a><\/div>\n<\/div><\/div>\n<\/div>\n<\/div>\n<\/div><\/div><\/div>\n<\/div>\n\n\n\n<div class=\"wp-block-nectar-blocks-row alignfull nectar-block nectar-blocks-row nectar-blocks-row__inner is-horizontal-phone is-horizontal-tablet nectar-blocks-row__wrapper parent-block-block-cX928NFxKU\" id=\"block-cX928NFxKU\">\n<div class=\"wp-block-nectar-blocks-column nectar-blocks-column nectar-block\" id=\"block-mc3IzC5XoF\"><div class=\"nectar-blocks-column__inner nectar-blocks-column__content-wrap parent-block-block-mc3IzC5XoF nectar-blocks-column__wrapper\">\n<div class=\"wp-block-nectar-blocks-row nectar-block nectar-blocks-row nectar-blocks-row__inner is-horizontal-phone is-horizontal-tablet nectar-blocks-row__wrapper parent-block-block-d9ZuZO7hD7\" id=\"block-d9ZuZO7hD7\">\n<div class=\"wp-block-nectar-blocks-column nectar-blocks-column nectar-block\" id=\"block-XalqSSDe21\"><div class=\"nectar-blocks-column__inner nectar-blocks-column__content-wrap parent-block-block-XalqSSDe21 nectar-blocks-column__wrapper\">\n<div class=\"wp-block-nectar-blocks-image nectar-blocks-image\" id=\"block-LOfWUphHYK\"><div class=\"nectar-blocks-image__inner\"><a href=\"https:\/\/linoafashion.com\/vi\/san-pham\/little-lilac-dress\/\" class=\"nectar__link\"><img loading=\"lazy\" decoding=\"async\" width=\"720\" height=\"1080\" class=\"wp-image-7581\" src=\"https:\/\/linoafashion.com\/wp-content\/uploads\/2026\/04\/compressed_DSC06925.webp\" alt=\"\" title=\"compressed_DSC06925\" srcset=\"https:\/\/linoafashion.com\/wp-content\/uploads\/2026\/04\/compressed_DSC06925.webp 720w, https:\/\/linoafashion.com\/wp-content\/uploads\/2026\/04\/compressed_DSC06925-200x300.webp 200w, https:\/\/linoafashion.com\/wp-content\/uploads\/2026\/04\/compressed_DSC06925-683x1024.webp 683w, https:\/\/linoafashion.com\/wp-content\/uploads\/2026\/04\/compressed_DSC06925-8x12.webp 8w\" sizes=\"auto, (max-width: 720px) 100vw, 720px\" \/><\/a><\/div><\/div>\n<\/div><\/div>\n\n\n\n<div class=\"wp-block-nectar-blocks-column nectar-blocks-column nectar-block\" id=\"block-h84yI3RcxB\"><div class=\"nectar-blocks-column__inner nectar-blocks-column__content-wrap parent-block-block-h84yI3RcxB nectar-blocks-column__wrapper\">\n<div class=\"wp-block-nectar-blocks-image nectar-blocks-image\" id=\"block-rSEGFKlHgu\"><div class=\"nectar-blocks-image__inner\"><a href=\"https:\/\/linoafashion.com\/vi\/san-pham\/lilac-whisper-dress\/\" class=\"nectar__link\"><img loading=\"lazy\" decoding=\"async\" width=\"720\" height=\"1080\" class=\"wp-image-7660\" src=\"https:\/\/linoafashion.com\/wp-content\/uploads\/2026\/04\/compressed_LIN08602.webp\" alt=\"\" title=\"compressed_LIN08602\" srcset=\"https:\/\/linoafashion.com\/wp-content\/uploads\/2026\/04\/compressed_LIN08602.webp 720w, https:\/\/linoafashion.com\/wp-content\/uploads\/2026\/04\/compressed_LIN08602-200x300.webp 200w, https:\/\/linoafashion.com\/wp-content\/uploads\/2026\/04\/compressed_LIN08602-683x1024.webp 683w, https:\/\/linoafashion.com\/wp-content\/uploads\/2026\/04\/compressed_LIN08602-8x12.webp 8w\" sizes=\"auto, (max-width: 720px) 100vw, 720px\" \/><\/a><\/div><\/div>\n<\/div><\/div>\n<\/div>\n<\/div><\/div>\n<\/div>\n\n\n\n<div class=\"wp-block-nectar-blocks-row alignfull nectar-block nectar-blocks-row nectar-blocks-row__inner nectar-blocks-row__wrapper parent-block-block-CXAowvSUgr\" id=\"block-CXAowvSUgr\">\n<div class=\"wp-block-nectar-blocks-column nectar-blocks-column nectar-block\" id=\"block-dnhWFMbLTT\"><div class=\"nectar-blocks-column__wrapper parent-block-block-dnhWFMbLTT\"><div class=\"nectar-blocks-column__inner nectar-blocks-column__content-wrap parent-block-block-dnhWFMbLTT\">\n<div class=\"wp-block-nectar-blocks-flex-box nectar-block nectar-blocks-flex-box nectar-blocks-flex-box__inner nectar-blocks-flex-box__wrapper parent-block-block-gYhPdwmoFl\" id=\"block-gYhPdwmoFl\">\n<div class=\"wp-block-nectar-blocks-row nectar-block nectar-blocks-row nectar-blocks-row__inner nectar-blocks-row__wrapper parent-block-block-xVumty1vRt\" id=\"block-xVumty1vRt\">\n<div class=\"wp-block-nectar-blocks-column nectar-blocks-column nectar-block\" id=\"block-F5J3Z2NytP\"><div class=\"nectar-blocks-column__inner nectar-blocks-column__content-wrap parent-block-block-F5J3Z2NytP nectar-blocks-column__wrapper\">\n<p id=\"block-n2T15SOrNw\" class=\"wp-block-nectar-blocks-text nectar-blocks-text nectar-font-h2\">C\u00e2u Chuy\u00ean N\u1edf R\u1ed9<\/p>\n\n\n\n<p id=\"block-Oqmu15XCVn\" class=\"wp-block-nectar-blocks-text nectar-blocks-text nectar-font-body\">C\u00e2u chuy\u1ec7n \u0111\u01b0\u1ee3c k\u1ec3 qua ch\u1ea5t li\u1ec7u linen m\u1ec1m m\u1ea1i, phom d\u00e1ng bay b\u1ed5ng tho\u1ea3i m\u00e1i c\u00f9ng nh\u1eefng chi ti\u1ebft hoa 3D n\u1ed5i b\u1eadt \u0111\u1ec3 t\u1eebng chuy\u1ec3n \u0111\u1ed9ng nh\u1ecf \u0111\u1ec1u t\u1ecfa s\u00e1ng t\u1ef1 nhi\u00ean.<\/p>\n\n\n\n<div class=\"wp-block-nectar-blocks-button nectar-blocks-button nectar-font-h6\" id=\"block-DDclIFCafG\"><a href=\"https:\/\/linoafashion.com\/vi\/shop\/?filter_collections=terre-lumiereu0026query_type_collections=or\" class=\"nectar__link nectar-blocks-button__inner\"><span class=\"nectar-blocks-button__text\">Kh\u00e1m Ph\u00e1 B\u1ed9 S\u01b0u T\u1eadp<\/span><\/a><\/div>\n<\/div><\/div>\n<\/div>\n<\/div>\n<\/div><\/div><\/div>\n<\/div>\n\n\n\n<div class=\"wp-block-nectar-blocks-row alignfull nectar-block nectar-blocks-row nectar-blocks-row__inner is-horizontal-tablet nectar-blocks-row__wrapper parent-block-block-1MM44YIfcM\" id=\"block-1MM44YIfcM\">\n<div class=\"wp-block-nectar-blocks-column nectar-blocks-column nectar-block\" id=\"block-0Q27DqAJvN\"><div class=\"nectar-blocks-column__inner nectar-blocks-column__content-wrap parent-block-block-0Q27DqAJvN nectar-blocks-column__wrapper\">\n<div class=\"wp-block-nectar-blocks-image nectar-blocks-image\" id=\"block-pXlGjiULiw\"><div class=\"nectar-blocks-image__inner\"><a href=\"https:\/\/linoafashion.com\/vi\/san-pham\/magnolia-dress\/\" class=\"nectar__link\"><img loading=\"lazy\" decoding=\"async\" width=\"720\" height=\"1080\" class=\"wp-image-7650\" src=\"https:\/\/linoafashion.com\/wp-content\/uploads\/2026\/04\/compressed_LIN09963.webp\" alt=\"\" title=\"compressed_LIN09963\" srcset=\"https:\/\/linoafashion.com\/wp-content\/uploads\/2026\/04\/compressed_LIN09963.webp 720w, https:\/\/linoafashion.com\/wp-content\/uploads\/2026\/04\/compressed_LIN09963-200x300.webp 200w, https:\/\/linoafashion.com\/wp-content\/uploads\/2026\/04\/compressed_LIN09963-683x1024.webp 683w, https:\/\/linoafashion.com\/wp-content\/uploads\/2026\/04\/compressed_LIN09963-8x12.webp 8w\" sizes=\"auto, (max-width: 720px) 100vw, 720px\" \/><\/a><\/div><\/div>\n<\/div><\/div>\n\n\n\n<div class=\"wp-block-nectar-blocks-column nectar-blocks-column nectar-block\" id=\"block-epgHzNvX4Q\"><div class=\"nectar-blocks-column__inner nectar-blocks-column__content-wrap parent-block-block-epgHzNvX4Q nectar-blocks-column__wrapper\">\n<div class=\"wp-block-nectar-blocks-image nectar-blocks-image\" id=\"block-b6Z9VruF1L\"><div class=\"nectar-blocks-image__inner\"><a href=\"https:\/\/linoafashion.com\/vi\/san-pham\/lilac-whisper-dress\/\" class=\"nectar__link\"><img loading=\"lazy\" decoding=\"async\" width=\"720\" height=\"1080\" class=\"wp-image-7599\" src=\"https:\/\/linoafashion.com\/wp-content\/uploads\/2026\/04\/compressed_DSC07379.webp\" alt=\"\" title=\"compressed_DSC07379\" srcset=\"https:\/\/linoafashion.com\/wp-content\/uploads\/2026\/04\/compressed_DSC07379.webp 720w, https:\/\/linoafashion.com\/wp-content\/uploads\/2026\/04\/compressed_DSC07379-200x300.webp 200w, https:\/\/linoafashion.com\/wp-content\/uploads\/2026\/04\/compressed_DSC07379-683x1024.webp 683w, https:\/\/linoafashion.com\/wp-content\/uploads\/2026\/04\/compressed_DSC07379-8x12.webp 8w\" sizes=\"auto, (max-width: 720px) 100vw, 720px\" \/><\/a><\/div><\/div>\n<\/div><\/div>\n\n\n\n<div class=\"wp-block-nectar-blocks-column nectar-blocks-column nectar-block\" id=\"block-rPN38nX0Ek\"><div class=\"nectar-blocks-column__inner nectar-blocks-column__content-wrap parent-block-block-rPN38nX0Ek nectar-blocks-column__wrapper\">\n<div class=\"wp-block-nectar-blocks-image nectar-blocks-image\" id=\"block-kQ0dCFP4X9\"><div class=\"nectar-blocks-image__inner\"><a href=\"https:\/\/linoafashion.com\/vi\/san-pham\/mimi-azalea-dress\/\" class=\"nectar__link\"><img loading=\"lazy\" decoding=\"async\" width=\"720\" height=\"1080\" class=\"wp-image-7664\" src=\"https:\/\/linoafashion.com\/wp-content\/uploads\/2026\/04\/compressed_LIN08978.webp\" alt=\"\" title=\"compressed_LIN08978\" srcset=\"https:\/\/linoafashion.com\/wp-content\/uploads\/2026\/04\/compressed_LIN08978.webp 720w, https:\/\/linoafashion.com\/wp-content\/uploads\/2026\/04\/compressed_LIN08978-200x300.webp 200w, https:\/\/linoafashion.com\/wp-content\/uploads\/2026\/04\/compressed_LIN08978-683x1024.webp 683w, https:\/\/linoafashion.com\/wp-content\/uploads\/2026\/04\/compressed_LIN08978-8x12.webp 8w\" sizes=\"auto, (max-width: 720px) 100vw, 720px\" \/><\/a><\/div><\/div>\n<\/div><\/div>\n<\/div>","protected":false},"excerpt":{"rendered":"","protected":false},"author":1,"featured_media":0,"parent":1830,"menu_order":0,"comment_status":"closed","ping_status":"closed","template":"","meta":{"_acf_changed":false,"_nectar_blocks_hide_post_title":true,"_nectar_blocks_transparent_header_effect":false,"_nectar_blocks_transparent_header_effect_color":"light","_nectar_blocks_header_animation":false,"_nectar_blocks_header_animation_delay":0,"_nectar_blocks_header_animation_effect":"fade","_nectar_blocks_page_css":"","_nectar_blocks_page_js":"","footnotes":""},"class_list":["post-7500","page","type-page","status-publish"],"acf":[],"yoast_head":"<!-- This site is optimized with the Yoast SEO plugin v26.6 - https:\/\/yoast.com\/wordpress\/plugins\/seo\/ -->\n<title>PETITE GARDEN CHAPTER COLLECTION - Linoa<\/title>\n<meta name=\"description\" content=\"Discover Terre Lumi\u00e8re, where natural linen clothing is inspired by earth&#039;s calm beauty and gentle light, crafted for your little one&#039;s comfort\" \/>\n<meta name=\"robots\" content=\"index, follow, max-snippet:-1, max-image-preview:large, max-video-preview:-1\" \/>\n<link rel=\"canonical\" href=\"https:\/\/linoafashion.com\/vi\/our-collections\/petite-garden-chapter-collection\/\" \/>\n<meta property=\"og:locale\" content=\"vi_VN\" \/>\n<meta property=\"og:type\" content=\"article\" \/>\n<meta property=\"og:title\" content=\"PETITE GARDEN CHAPTER COLLECTION - Linoa\" \/>\n<meta property=\"og:description\" content=\"Discover Terre Lumi\u00e8re, where natural linen clothing is inspired by earth&#039;s calm beauty and gentle light, crafted for your little one&#039;s comfort\" \/>\n<meta property=\"og:url\" content=\"https:\/\/linoafashion.com\/vi\/our-collections\/petite-garden-chapter-collection\/\" \/>\n<meta property=\"og:site_name\" content=\"Linoa\" \/>\n<meta property=\"article:modified_time\" content=\"2026-04-09T19:08:58+00:00\" \/>\n<meta property=\"og:image\" content=\"https:\/\/linoafashion.com\/wp-content\/uploads\/2026\/04\/compressed_DSC06925.webp\" \/>\n\t<meta property=\"og:image:width\" content=\"720\" \/>\n\t<meta property=\"og:image:height\" content=\"1080\" \/>\n\t<meta property=\"og:image:type\" content=\"image\/webp\" \/>\n<meta name=\"twitter:card\" content=\"summary_large_image\" \/>\n<meta name=\"twitter:label1\" content=\"\u01af\u1edbc t\u00ednh th\u1eddi gian \u0111\u1ecdc\" \/>\n\t<meta name=\"twitter:data1\" content=\"2 ph\u00fat\" \/>\n<script type=\"application\/ld+json\" class=\"yoast-schema-graph\">{\"@context\":\"https:\/\/schema.org\",\"@graph\":[{\"@type\":\"WebPage\",\"@id\":\"https:\/\/linoafashion.com\/our-collections\/petite-garden-chapter-collection\/\",\"url\":\"https:\/\/linoafashion.com\/our-collections\/petite-garden-chapter-collection\/\",\"name\":\"PETITE GARDEN CHAPTER COLLECTION - Linoa\",\"isPartOf\":{\"@id\":\"https:\/\/linoafashion.com\/#website\"},\"primaryImageOfPage\":{\"@id\":\"https:\/\/linoafashion.com\/our-collections\/petite-garden-chapter-collection\/#primaryimage\"},\"image\":{\"@id\":\"https:\/\/linoafashion.com\/our-collections\/petite-garden-chapter-collection\/#primaryimage\"},\"thumbnailUrl\":\"https:\/\/linoafashion.com\/wp-content\/uploads\/2026\/04\/compressed_DSC06925.webp\",\"datePublished\":\"2026-04-05T15:05:36+00:00\",\"dateModified\":\"2026-04-09T19:08:58+00:00\",\"description\":\"Discover Terre Lumi\u00e8re, where natural linen clothing is inspired by earth's calm beauty and gentle light, crafted for your little one's comfort\",\"breadcrumb\":{\"@id\":\"https:\/\/linoafashion.com\/our-collections\/petite-garden-chapter-collection\/#breadcrumb\"},\"inLanguage\":\"vi\",\"potentialAction\":[{\"@type\":\"ReadAction\",\"target\":[\"https:\/\/linoafashion.com\/our-collections\/petite-garden-chapter-collection\/\"]}]},{\"@type\":\"ImageObject\",\"inLanguage\":\"vi\",\"@id\":\"https:\/\/linoafashion.com\/our-collections\/petite-garden-chapter-collection\/#primaryimage\",\"url\":\"https:\/\/linoafashion.com\/wp-content\/uploads\/2026\/04\/compressed_DSC06925.webp\",\"contentUrl\":\"https:\/\/linoafashion.com\/wp-content\/uploads\/2026\/04\/compressed_DSC06925.webp\"},{\"@type\":\"BreadcrumbList\",\"@id\":\"https:\/\/linoafashion.com\/our-collections\/petite-garden-chapter-collection\/#breadcrumb\",\"itemListElement\":[{\"@type\":\"ListItem\",\"position\":1,\"name\":\"Home\",\"item\":\"https:\/\/linoafashion.com\/\"},{\"@type\":\"ListItem\",\"position\":2,\"name\":\"Our Collections\",\"item\":\"https:\/\/linoafashion.com\/our-collections\/\"},{\"@type\":\"ListItem\",\"position\":3,\"name\":\"PETITE GARDEN CHAPTER COLLECTION\"}]},{\"@type\":\"WebSite\",\"@id\":\"https:\/\/linoafashion.com\/#website\",\"url\":\"https:\/\/linoafashion.com\/\",\"name\":\"Linoa\",\"description\":\"Premium Linen\",\"potentialAction\":[{\"@type\":\"SearchAction\",\"target\":{\"@type\":\"EntryPoint\",\"urlTemplate\":\"https:\/\/linoafashion.com\/?s={search_term_string}\"},\"query-input\":{\"@type\":\"PropertyValueSpecification\",\"valueRequired\":true,\"valueName\":\"search_term_string\"}}],\"inLanguage\":\"vi\"}]}<\/script>\n<!-- \/ Yoast SEO plugin. -->","yoast_head_json":{"title":"PETITE GARDEN CHAPTER COLLECTION - Linoa","description":"Discover Terre Lumi\u00e8re, where natural linen clothing is inspired by earth's calm beauty and gentle light, crafted for your little one's comfort","robots":{"index":"index","follow":"follow","max-snippet":"max-snippet:-1","max-image-preview":"max-image-preview:large","max-video-preview":"max-video-preview:-1"},"canonical":"https:\/\/linoafashion.com\/vi\/our-collections\/petite-garden-chapter-collection\/","og_locale":"vi_VN","og_type":"article","og_title":"PETITE GARDEN CHAPTER COLLECTION - Linoa","og_description":"Discover Terre Lumi\u00e8re, where natural linen clothing is inspired by earth's calm beauty and gentle light, crafted for your little one's comfort","og_url":"https:\/\/linoafashion.com\/vi\/our-collections\/petite-garden-chapter-collection\/","og_site_name":"Linoa","article_modified_time":"2026-04-09T19:08:58+00:00","og_image":[{"width":720,"height":1080,"url":"https:\/\/linoafashion.com\/wp-content\/uploads\/2026\/04\/compressed_DSC06925.webp","type":"image\/webp"}],"twitter_card":"summary_large_image","twitter_misc":{"\u01af\u1edbc t\u00ednh th\u1eddi gian \u0111\u1ecdc":"2 ph\u00fat"},"schema":{"@context":"https:\/\/schema.org","@graph":[{"@type":"WebPage","@id":"https:\/\/linoafashion.com\/our-collections\/petite-garden-chapter-collection\/","url":"https:\/\/linoafashion.com\/our-collections\/petite-garden-chapter-collection\/","name":"PETITE GARDEN CHAPTER COLLECTION - Linoa","isPartOf":{"@id":"https:\/\/linoafashion.com\/#website"},"primaryImageOfPage":{"@id":"https:\/\/linoafashion.com\/our-collections\/petite-garden-chapter-collection\/#primaryimage"},"image":{"@id":"https:\/\/linoafashion.com\/our-collections\/petite-garden-chapter-collection\/#primaryimage"},"thumbnailUrl":"https:\/\/linoafashion.com\/wp-content\/uploads\/2026\/04\/compressed_DSC06925.webp","datePublished":"2026-04-05T15:05:36+00:00","dateModified":"2026-04-09T19:08:58+00:00","description":"Discover Terre Lumi\u00e8re, where natural linen clothing is inspired by earth's calm beauty and gentle light, crafted for your little one's comfort","breadcrumb":{"@id":"https:\/\/linoafashion.com\/our-collections\/petite-garden-chapter-collection\/#breadcrumb"},"inLanguage":"vi","potentialAction":[{"@type":"ReadAction","target":["https:\/\/linoafashion.com\/our-collections\/petite-garden-chapter-collection\/"]}]},{"@type":"ImageObject","inLanguage":"vi","@id":"https:\/\/linoafashion.com\/our-collections\/petite-garden-chapter-collection\/#primaryimage","url":"https:\/\/linoafashion.com\/wp-content\/uploads\/2026\/04\/compressed_DSC06925.webp","contentUrl":"https:\/\/linoafashion.com\/wp-content\/uploads\/2026\/04\/compressed_DSC06925.webp"},{"@type":"BreadcrumbList","@id":"https:\/\/linoafashion.com\/our-collections\/petite-garden-chapter-collection\/#breadcrumb","itemListElement":[{"@type":"ListItem","position":1,"name":"Home","item":"https:\/\/linoafashion.com\/"},{"@type":"ListItem","position":2,"name":"Our Collections","item":"https:\/\/linoafashion.com\/our-collections\/"},{"@type":"ListItem","position":3,"name":"PETITE GARDEN CHAPTER COLLECTION"}]},{"@type":"WebSite","@id":"https:\/\/linoafashion.com\/#website","url":"https:\/\/linoafashion.com\/","name":"Linoa","description":"Linen Cao C\u00e1p","potentialAction":[{"@type":"SearchAction","target":{"@type":"EntryPoint","urlTemplate":"https:\/\/linoafashion.com\/?s={search_term_string}"},"query-input":{"@type":"PropertyValueSpecification","valueRequired":true,"valueName":"search_term_string"}}],"inLanguage":"vi"}]}},"_links":{"self":[{"href":"https:\/\/linoafashion.com\/vi\/wp-json\/wp\/v2\/pages\/7500","targetHints":{"allow":["GET"]}}],"collection":[{"href":"https:\/\/linoafashion.com\/vi\/wp-json\/wp\/v2\/pages"}],"about":[{"href":"https:\/\/linoafashion.com\/vi\/wp-json\/wp\/v2\/types\/page"}],"author":[{"embeddable":true,"href":"https:\/\/linoafashion.com\/vi\/wp-json\/wp\/v2\/users\/1"}],"replies":[{"embeddable":true,"href":"https:\/\/linoafashion.com\/vi\/wp-json\/wp\/v2\/comments?post=7500"}],"version-history":[{"count":3,"href":"https:\/\/linoafashion.com\/vi\/wp-json\/wp\/v2\/pages\/7500\/revisions"}],"predecessor-version":[{"id":7758,"href":"https:\/\/linoafashion.com\/vi\/wp-json\/wp\/v2\/pages\/7500\/revisions\/7758"}],"up":[{"embeddable":true,"href":"https:\/\/linoafashion.com\/vi\/wp-json\/wp\/v2\/pages\/1830"}],"wp:attachment":[{"href":"https:\/\/linoafashion.com\/vi\/wp-json\/wp\/v2\/media?parent=7500"}],"curies":[{"name":"wp","href":"https:\/\/api.w.org\/{rel}","templated":true}]}}