{"id":7511,"date":"2026-04-05T22:17:58","date_gmt":"2026-04-05T15:17:58","guid":{"rendered":"https:\/\/linoafashion.com\/?page_id=7511"},"modified":"2026-04-10T02:07:13","modified_gmt":"2026-04-09T19:07:13","slug":"spring-sprouts-collection","status":"publish","type":"page","link":"https:\/\/linoafashion.com\/vi\/our-collections\/spring-sprouts-collection\/","title":{"rendered":"BST M\u1ea6M XU\u00c2N"},"content":{"rendered":"<section class=\"wp-block-nectar-blocks-row alignfull nectar-block nectar-blocks-row\" id=\"block-P88llIo9Fo\"><div class=\"nectar-blocks-row__wrapper parent-block-block-P88llIo9Fo\"><div class=\"nectar__bg-layers parent-block-block-P88llIo9Fo\"><div class=\"nectar__bg-layer nectar__bg-image\"><\/div><\/div><div class=\"nectar-blocks-row__inner parent-block-block-P88llIo9Fo\">\n<div class=\"wp-block-nectar-blocks-column nectar-blocks-column nectar-block\" id=\"block-H72kqrPOVQ\"><div class=\"nectar-blocks-column__wrapper parent-block-block-H72kqrPOVQ\"><div class=\"nectar-blocks-column__inner nectar-blocks-column__content-wrap parent-block-block-H72kqrPOVQ\">\n<p id=\"block-Wk1NqF2Qwa\" class=\"wp-block-nectar-blocks-text nectar-blocks-text nectar-font-h1\">M\u1ea7m Xu\u00e2n <\/p>\n<\/div><\/div><\/div>\n<\/div><\/div><\/section>\n\n\n\n<div class=\"wp-block-nectar-blocks-row alignfull nectar-block nectar-blocks-row nectar-blocks-row__inner nectar-blocks-row__wrapper parent-block-block-egqACe8AA1\" id=\"block-egqACe8AA1\">\n<div class=\"wp-block-nectar-blocks-column nectar-blocks-column nectar-block\" id=\"block-wtgZfu1Yfz\"><div class=\"nectar-blocks-column__wrapper parent-block-block-wtgZfu1Yfz\"><div class=\"nectar-blocks-column__inner nectar-blocks-column__content-wrap parent-block-block-wtgZfu1Yfz\">\n<div class=\"wp-block-nectar-blocks-flex-box nectar-block nectar-blocks-flex-box nectar-blocks-flex-box__inner nectar-blocks-flex-box__wrapper parent-block-block-QFCewWpTnK\" id=\"block-QFCewWpTnK\">\n<div class=\"wp-block-nectar-blocks-row alignfull nectar-block nectar-blocks-row nectar-blocks-row__inner nectar-blocks-row__wrapper parent-block-block-FASQMlZJqo\" id=\"block-FASQMlZJqo\">\n<div class=\"wp-block-nectar-blocks-column nectar-blocks-column nectar-block\" id=\"block-GZVXN5I453\"><div class=\"nectar-blocks-column__inner nectar-blocks-column__content-wrap parent-block-block-GZVXN5I453 nectar-blocks-column__wrapper\">\n<p id=\"block-MDnFAx7pQM\" class=\"wp-block-nectar-blocks-text nectar-blocks-text nectar-font-h2\">BST M\u1ea6M XU\u00c2N <\/p>\n\n\n\n<p id=\"block-vBpAkmOqqy\" class=\"wp-block-nectar-blocks-text nectar-blocks-text nectar-font-body\">BST M\u1ea7m Xu\u00e2n l\u00e0 m\u00f9a c\u1ee7a sum v\u1ea7y n\u01a1i m\u1eb9 v\u00e0 b\u00e9 c\u00f9ng di\u1ec7n trang ph\u1ee5c \u0111\u1ed3ng \u0111i\u1ec7u, \u0111\u00f3n T\u1ebft tr\u1ecdn v\u1eb9n trong y\u00eau th\u01b0\u01a1ng.<\/p>\n\n\n\n<div class=\"wp-block-nectar-blocks-button nectar-blocks-button nectar-font-h6\" id=\"block-VV17jo2HVg\"><a href=\"https:\/\/linoafashion.com\/vi\/shop\/?filter_collections=terre-lumiereu0026query_type_collections=or\" class=\"nectar__link nectar-blocks-button__inner\"><span class=\"nectar-blocks-button__text\">Kh\u00e1m Ph\u00e1 B\u1ed9 S\u01b0u T\u1eadp<\/span><\/a><\/div>\n<\/div><\/div>\n<\/div>\n<\/div>\n<\/div><\/div><\/div>\n<\/div>\n\n\n\n<div class=\"wp-block-nectar-blocks-row alignfull nectar-block nectar-blocks-row nectar-blocks-row__inner is-horizontal-phone is-horizontal-tablet nectar-blocks-row__wrapper parent-block-block-cX928NFxKU\" id=\"block-cX928NFxKU\">\n<div class=\"wp-block-nectar-blocks-column nectar-blocks-column nectar-block\" id=\"block-mc3IzC5XoF\"><div class=\"nectar-blocks-column__inner nectar-blocks-column__content-wrap parent-block-block-mc3IzC5XoF nectar-blocks-column__wrapper\">\n<div class=\"wp-block-nectar-blocks-row nectar-block nectar-blocks-row nectar-blocks-row__inner is-horizontal-phone is-horizontal-tablet nectar-blocks-row__wrapper parent-block-block-d9ZuZO7hD7\" id=\"block-d9ZuZO7hD7\">\n<div class=\"wp-block-nectar-blocks-column nectar-blocks-column nectar-block\" id=\"block-XalqSSDe21\"><div class=\"nectar-blocks-column__inner nectar-blocks-column__content-wrap parent-block-block-XalqSSDe21 nectar-blocks-column__wrapper\">\n<div class=\"wp-block-nectar-blocks-image nectar-blocks-image\" id=\"block-LOfWUphHYK\"><div class=\"nectar-blocks-image__inner\"><a href=\"https:\/\/linoafashion.com\/vi\/san-pham\/cloud-petal-dress\/\" class=\"nectar__link\"><img loading=\"lazy\" decoding=\"async\" width=\"720\" height=\"1080\" class=\"wp-image-7733\" src=\"https:\/\/linoafashion.com\/wp-content\/uploads\/2026\/04\/compressed_DSC07288.webp\" alt=\"\" title=\"compressed_DSC07288\" srcset=\"https:\/\/linoafashion.com\/wp-content\/uploads\/2026\/04\/compressed_DSC07288.webp 720w, https:\/\/linoafashion.com\/wp-content\/uploads\/2026\/04\/compressed_DSC07288-200x300.webp 200w, https:\/\/linoafashion.com\/wp-content\/uploads\/2026\/04\/compressed_DSC07288-683x1024.webp 683w, https:\/\/linoafashion.com\/wp-content\/uploads\/2026\/04\/compressed_DSC07288-8x12.webp 8w\" sizes=\"auto, (max-width: 720px) 100vw, 720px\" \/><\/a><\/div><\/div>\n<\/div><\/div>\n\n\n\n<div class=\"wp-block-nectar-blocks-column nectar-blocks-column nectar-block\" id=\"block-h84yI3RcxB\"><div class=\"nectar-blocks-column__inner nectar-blocks-column__content-wrap parent-block-block-h84yI3RcxB nectar-blocks-column__wrapper\">\n<div class=\"wp-block-nectar-blocks-image nectar-blocks-image\" id=\"block-rSEGFKlHgu\"><div class=\"nectar-blocks-image__inner\"><a href=\"https:\/\/linoafashion.com\/vi\/san-pham\/tiny-violet-dress\/\" class=\"nectar__link\"><img loading=\"lazy\" decoding=\"async\" width=\"720\" height=\"1080\" class=\"wp-image-7707\" src=\"https:\/\/linoafashion.com\/wp-content\/uploads\/2026\/04\/compressed_DSC06673.webp\" alt=\"\" title=\"compressed_DSC06673\" srcset=\"https:\/\/linoafashion.com\/wp-content\/uploads\/2026\/04\/compressed_DSC06673.webp 720w, https:\/\/linoafashion.com\/wp-content\/uploads\/2026\/04\/compressed_DSC06673-200x300.webp 200w, https:\/\/linoafashion.com\/wp-content\/uploads\/2026\/04\/compressed_DSC06673-683x1024.webp 683w, https:\/\/linoafashion.com\/wp-content\/uploads\/2026\/04\/compressed_DSC06673-8x12.webp 8w\" sizes=\"auto, (max-width: 720px) 100vw, 720px\" \/><\/a><\/div><\/div>\n<\/div><\/div>\n<\/div>\n<\/div><\/div>\n<\/div>\n\n\n\n<div class=\"wp-block-nectar-blocks-row alignfull nectar-block nectar-blocks-row nectar-blocks-row__inner nectar-blocks-row__wrapper parent-block-block-CXAowvSUgr\" id=\"block-CXAowvSUgr\">\n<div class=\"wp-block-nectar-blocks-column nectar-blocks-column nectar-block\" id=\"block-dnhWFMbLTT\"><div class=\"nectar-blocks-column__wrapper parent-block-block-dnhWFMbLTT\"><div class=\"nectar-blocks-column__inner nectar-blocks-column__content-wrap parent-block-block-dnhWFMbLTT\">\n<div class=\"wp-block-nectar-blocks-flex-box nectar-block nectar-blocks-flex-box nectar-blocks-flex-box__inner nectar-blocks-flex-box__wrapper parent-block-block-gYhPdwmoFl\" id=\"block-gYhPdwmoFl\">\n<div class=\"wp-block-nectar-blocks-row nectar-block nectar-blocks-row nectar-blocks-row__inner nectar-blocks-row__wrapper parent-block-block-xVumty1vRt\" id=\"block-xVumty1vRt\">\n<div class=\"wp-block-nectar-blocks-column nectar-blocks-column nectar-block\" id=\"block-F5J3Z2NytP\"><div class=\"nectar-blocks-column__inner nectar-blocks-column__content-wrap parent-block-block-F5J3Z2NytP nectar-blocks-column__wrapper\">\n<p id=\"block-n2T15SOrNw\" class=\"wp-block-nectar-blocks-text nectar-blocks-text nectar-font-h2\">\u0110i\u1ec3m N\u1ed5i B\u1eadt<\/p>\n\n\n\n<p id=\"block-Oqmu15XCVn\" class=\"wp-block-nectar-blocks-text nectar-blocks-text nectar-font-body\">Phom d\u00e1ng \u00e1o d\u00e0i y\u1ebfm hi\u1ec7n \u0111\u1ea1i, c\u00f9ng c\u00e1c thi\u1ebft k\u1ebf v\u00e1y y\u1ebfm, ch\u00e2n v\u00e1y l\u01b0ng thun v\u00e0 nh\u1eefng set \u0111\u1ed3 th\u01b0\u1eddng ng\u00e0y \u0111\u00e1ng y\u00eau, \u0111\u01b0\u1ee3c l\u00e0m t\u1eeb ch\u1ea5t li\u1ec7u linen m\u1ec1m m\u1ea1i, tho\u00e1ng m\u00e1t cho c\u1ea3m gi\u00e1c tho\u1ea3i m\u00e1i v\u00e0 d\u1ec5 v\u1eadn \u0111\u1ed9ng.<\/p>\n\n\n\n<div class=\"wp-block-nectar-blocks-button nectar-blocks-button nectar-font-h6\" id=\"block-DDclIFCafG\"><a href=\"https:\/\/linoafashion.com\/vi\/shop\/?filter_collections=terre-lumiereu0026query_type_collections=or\" class=\"nectar__link nectar-blocks-button__inner\"><span class=\"nectar-blocks-button__text\">Kh\u00e1m Ph\u00e1 B\u1ed9 S\u01b0u T\u1eadp<\/span><\/a><\/div>\n<\/div><\/div>\n<\/div>\n<\/div>\n<\/div><\/div><\/div>\n<\/div>\n\n\n\n<div class=\"wp-block-nectar-blocks-row alignfull nectar-block nectar-blocks-row nectar-blocks-row__inner is-horizontal-tablet nectar-blocks-row__wrapper parent-block-block-1MM44YIfcM\" id=\"block-1MM44YIfcM\">\n<div class=\"wp-block-nectar-blocks-column nectar-blocks-column nectar-block\" id=\"block-0Q27DqAJvN\"><div class=\"nectar-blocks-column__inner nectar-blocks-column__content-wrap parent-block-block-0Q27DqAJvN nectar-blocks-column__wrapper\">\n<div class=\"wp-block-nectar-blocks-image nectar-blocks-image\" id=\"block-pXlGjiULiw\"><div class=\"nectar-blocks-image__inner\"><a href=\"https:\/\/linoafashion.com\/vi\/san-pham\/spring-blossom-ao-dai\/\" class=\"nectar__link\"><img loading=\"lazy\" decoding=\"async\" width=\"720\" height=\"1080\" class=\"wp-image-7692\" src=\"https:\/\/linoafashion.com\/wp-content\/uploads\/2026\/04\/compressed_DSC06421.webp\" alt=\"\" title=\"compressed_DSC06421\" srcset=\"https:\/\/linoafashion.com\/wp-content\/uploads\/2026\/04\/compressed_DSC06421.webp 720w, https:\/\/linoafashion.com\/wp-content\/uploads\/2026\/04\/compressed_DSC06421-200x300.webp 200w, https:\/\/linoafashion.com\/wp-content\/uploads\/2026\/04\/compressed_DSC06421-683x1024.webp 683w, https:\/\/linoafashion.com\/wp-content\/uploads\/2026\/04\/compressed_DSC06421-8x12.webp 8w\" sizes=\"auto, (max-width: 720px) 100vw, 720px\" \/><\/a><\/div><\/div>\n<\/div><\/div>\n\n\n\n<div class=\"wp-block-nectar-blocks-column nectar-blocks-column nectar-block\" id=\"block-epgHzNvX4Q\"><div class=\"nectar-blocks-column__inner nectar-blocks-column__content-wrap parent-block-block-epgHzNvX4Q nectar-blocks-column__wrapper\">\n<div class=\"wp-block-nectar-blocks-image nectar-blocks-image\" id=\"block-b6Z9VruF1L\"><div class=\"nectar-blocks-image__inner\"><a href=\"https:\/\/linoafashion.com\/vi\/san-pham\/scarlet-begonia-dress\/\" class=\"nectar__link\"><img loading=\"lazy\" decoding=\"async\" width=\"720\" height=\"1080\" class=\"wp-image-7715\" src=\"https:\/\/linoafashion.com\/wp-content\/uploads\/2026\/04\/compressed_DSC06721.webp\" alt=\"\" title=\"compressed_DSC06721\" srcset=\"https:\/\/linoafashion.com\/wp-content\/uploads\/2026\/04\/compressed_DSC06721.webp 720w, https:\/\/linoafashion.com\/wp-content\/uploads\/2026\/04\/compressed_DSC06721-200x300.webp 200w, https:\/\/linoafashion.com\/wp-content\/uploads\/2026\/04\/compressed_DSC06721-683x1024.webp 683w, https:\/\/linoafashion.com\/wp-content\/uploads\/2026\/04\/compressed_DSC06721-8x12.webp 8w\" sizes=\"auto, (max-width: 720px) 100vw, 720px\" \/><\/a><\/div><\/div>\n<\/div><\/div>\n\n\n\n<div class=\"wp-block-nectar-blocks-column nectar-blocks-column nectar-block\" id=\"block-rPN38nX0Ek\"><div class=\"nectar-blocks-column__inner nectar-blocks-column__content-wrap parent-block-block-rPN38nX0Ek nectar-blocks-column__wrapper\">\n<div class=\"wp-block-nectar-blocks-image nectar-blocks-image\" id=\"block-kQ0dCFP4X9\"><div class=\"nectar-blocks-image__inner\"><a href=\"https:\/\/linoafashion.com\/vi\/san-pham\/cloud-petal-dress\/\" class=\"nectar__link\"><img loading=\"lazy\" decoding=\"async\" width=\"720\" height=\"1080\" class=\"wp-image-7732\" src=\"https:\/\/linoafashion.com\/wp-content\/uploads\/2026\/04\/compressed_DSC07282.webp\" alt=\"\" title=\"compressed_DSC07282\" srcset=\"https:\/\/linoafashion.com\/wp-content\/uploads\/2026\/04\/compressed_DSC07282.webp 720w, https:\/\/linoafashion.com\/wp-content\/uploads\/2026\/04\/compressed_DSC07282-200x300.webp 200w, https:\/\/linoafashion.com\/wp-content\/uploads\/2026\/04\/compressed_DSC07282-683x1024.webp 683w, https:\/\/linoafashion.com\/wp-content\/uploads\/2026\/04\/compressed_DSC07282-8x12.webp 8w\" sizes=\"auto, (max-width: 720px) 100vw, 720px\" \/><\/a><\/div><\/div>\n<\/div><\/div>\n<\/div>","protected":false},"excerpt":{"rendered":"","protected":false},"author":1,"featured_media":0,"parent":1830,"menu_order":0,"comment_status":"closed","ping_status":"closed","template":"","meta":{"_acf_changed":false,"_nectar_blocks_hide_post_title":true,"_nectar_blocks_transparent_header_effect":false,"_nectar_blocks_transparent_header_effect_color":"light","_nectar_blocks_header_animation":false,"_nectar_blocks_header_animation_delay":0,"_nectar_blocks_header_animation_effect":"fade","_nectar_blocks_page_css":"","_nectar_blocks_page_js":"","footnotes":""},"class_list":["post-7511","page","type-page","status-publish"],"acf":[],"yoast_head":"<!-- This site is optimized with the Yoast SEO plugin v26.6 - https:\/\/yoast.com\/wordpress\/plugins\/seo\/ -->\n<title>SPRING SPROUTS COLLECTION - Linoa<\/title>\n<meta name=\"description\" content=\"Discover Terre Lumi\u00e8re, where natural linen clothing is inspired by earth&#039;s calm beauty and gentle light, crafted for your little one&#039;s comfort\" \/>\n<meta name=\"robots\" content=\"index, follow, max-snippet:-1, max-image-preview:large, max-video-preview:-1\" \/>\n<link rel=\"canonical\" href=\"https:\/\/linoafashion.com\/vi\/our-collections\/spring-sprouts-collection\/\" \/>\n<meta property=\"og:locale\" content=\"vi_VN\" \/>\n<meta property=\"og:type\" content=\"article\" \/>\n<meta property=\"og:title\" content=\"SPRING SPROUTS COLLECTION - Linoa\" \/>\n<meta property=\"og:description\" content=\"Discover Terre Lumi\u00e8re, where natural linen clothing is inspired by earth&#039;s calm beauty and gentle light, crafted for your little one&#039;s comfort\" \/>\n<meta property=\"og:url\" content=\"https:\/\/linoafashion.com\/vi\/our-collections\/spring-sprouts-collection\/\" \/>\n<meta property=\"og:site_name\" content=\"Linoa\" \/>\n<meta property=\"article:modified_time\" content=\"2026-04-09T19:07:13+00:00\" \/>\n<meta property=\"og:image\" content=\"https:\/\/linoafashion.com\/wp-content\/uploads\/2026\/04\/compressed_DSC07288.webp\" \/>\n\t<meta property=\"og:image:width\" content=\"720\" \/>\n\t<meta property=\"og:image:height\" content=\"1080\" \/>\n\t<meta property=\"og:image:type\" content=\"image\/webp\" \/>\n<meta name=\"twitter:card\" content=\"summary_large_image\" \/>\n<meta name=\"twitter:label1\" content=\"\u01af\u1edbc t\u00ednh th\u1eddi gian \u0111\u1ecdc\" \/>\n\t<meta name=\"twitter:data1\" content=\"2 ph\u00fat\" \/>\n<script type=\"application\/ld+json\" class=\"yoast-schema-graph\">{\"@context\":\"https:\/\/schema.org\",\"@graph\":[{\"@type\":\"WebPage\",\"@id\":\"https:\/\/linoafashion.com\/our-collections\/spring-sprouts-collection\/\",\"url\":\"https:\/\/linoafashion.com\/our-collections\/spring-sprouts-collection\/\",\"name\":\"SPRING SPROUTS COLLECTION - Linoa\",\"isPartOf\":{\"@id\":\"https:\/\/linoafashion.com\/#website\"},\"primaryImageOfPage\":{\"@id\":\"https:\/\/linoafashion.com\/our-collections\/spring-sprouts-collection\/#primaryimage\"},\"image\":{\"@id\":\"https:\/\/linoafashion.com\/our-collections\/spring-sprouts-collection\/#primaryimage\"},\"thumbnailUrl\":\"https:\/\/linoafashion.com\/wp-content\/uploads\/2026\/04\/compressed_DSC07288.webp\",\"datePublished\":\"2026-04-05T15:17:58+00:00\",\"dateModified\":\"2026-04-09T19:07:13+00:00\",\"description\":\"Discover Terre Lumi\u00e8re, where natural linen clothing is inspired by earth's calm beauty and gentle light, crafted for your little one's comfort\",\"breadcrumb\":{\"@id\":\"https:\/\/linoafashion.com\/our-collections\/spring-sprouts-collection\/#breadcrumb\"},\"inLanguage\":\"vi\",\"potentialAction\":[{\"@type\":\"ReadAction\",\"target\":[\"https:\/\/linoafashion.com\/our-collections\/spring-sprouts-collection\/\"]}]},{\"@type\":\"ImageObject\",\"inLanguage\":\"vi\",\"@id\":\"https:\/\/linoafashion.com\/our-collections\/spring-sprouts-collection\/#primaryimage\",\"url\":\"https:\/\/linoafashion.com\/wp-content\/uploads\/2026\/04\/compressed_DSC07288.webp\",\"contentUrl\":\"https:\/\/linoafashion.com\/wp-content\/uploads\/2026\/04\/compressed_DSC07288.webp\"},{\"@type\":\"BreadcrumbList\",\"@id\":\"https:\/\/linoafashion.com\/our-collections\/spring-sprouts-collection\/#breadcrumb\",\"itemListElement\":[{\"@type\":\"ListItem\",\"position\":1,\"name\":\"Home\",\"item\":\"https:\/\/linoafashion.com\/\"},{\"@type\":\"ListItem\",\"position\":2,\"name\":\"Our Collections\",\"item\":\"https:\/\/linoafashion.com\/our-collections\/\"},{\"@type\":\"ListItem\",\"position\":3,\"name\":\"SPRING SPROUTS COLLECTION\"}]},{\"@type\":\"WebSite\",\"@id\":\"https:\/\/linoafashion.com\/#website\",\"url\":\"https:\/\/linoafashion.com\/\",\"name\":\"Linoa\",\"description\":\"Premium Linen\",\"potentialAction\":[{\"@type\":\"SearchAction\",\"target\":{\"@type\":\"EntryPoint\",\"urlTemplate\":\"https:\/\/linoafashion.com\/?s={search_term_string}\"},\"query-input\":{\"@type\":\"PropertyValueSpecification\",\"valueRequired\":true,\"valueName\":\"search_term_string\"}}],\"inLanguage\":\"vi\"}]}<\/script>\n<!-- \/ Yoast SEO plugin. -->","yoast_head_json":{"title":"SPRING SPROUTS COLLECTION - Linoa","description":"Discover Terre Lumi\u00e8re, where natural linen clothing is inspired by earth's calm beauty and gentle light, crafted for your little one's comfort","robots":{"index":"index","follow":"follow","max-snippet":"max-snippet:-1","max-image-preview":"max-image-preview:large","max-video-preview":"max-video-preview:-1"},"canonical":"https:\/\/linoafashion.com\/vi\/our-collections\/spring-sprouts-collection\/","og_locale":"vi_VN","og_type":"article","og_title":"SPRING SPROUTS COLLECTION - Linoa","og_description":"Discover Terre Lumi\u00e8re, where natural linen clothing is inspired by earth's calm beauty and gentle light, crafted for your little one's comfort","og_url":"https:\/\/linoafashion.com\/vi\/our-collections\/spring-sprouts-collection\/","og_site_name":"Linoa","article_modified_time":"2026-04-09T19:07:13+00:00","og_image":[{"width":720,"height":1080,"url":"https:\/\/linoafashion.com\/wp-content\/uploads\/2026\/04\/compressed_DSC07288.webp","type":"image\/webp"}],"twitter_card":"summary_large_image","twitter_misc":{"\u01af\u1edbc t\u00ednh th\u1eddi gian \u0111\u1ecdc":"2 ph\u00fat"},"schema":{"@context":"https:\/\/schema.org","@graph":[{"@type":"WebPage","@id":"https:\/\/linoafashion.com\/our-collections\/spring-sprouts-collection\/","url":"https:\/\/linoafashion.com\/our-collections\/spring-sprouts-collection\/","name":"SPRING SPROUTS COLLECTION - Linoa","isPartOf":{"@id":"https:\/\/linoafashion.com\/#website"},"primaryImageOfPage":{"@id":"https:\/\/linoafashion.com\/our-collections\/spring-sprouts-collection\/#primaryimage"},"image":{"@id":"https:\/\/linoafashion.com\/our-collections\/spring-sprouts-collection\/#primaryimage"},"thumbnailUrl":"https:\/\/linoafashion.com\/wp-content\/uploads\/2026\/04\/compressed_DSC07288.webp","datePublished":"2026-04-05T15:17:58+00:00","dateModified":"2026-04-09T19:07:13+00:00","description":"Discover Terre Lumi\u00e8re, where natural linen clothing is inspired by earth's calm beauty and gentle light, crafted for your little one's comfort","breadcrumb":{"@id":"https:\/\/linoafashion.com\/our-collections\/spring-sprouts-collection\/#breadcrumb"},"inLanguage":"vi","potentialAction":[{"@type":"ReadAction","target":["https:\/\/linoafashion.com\/our-collections\/spring-sprouts-collection\/"]}]},{"@type":"ImageObject","inLanguage":"vi","@id":"https:\/\/linoafashion.com\/our-collections\/spring-sprouts-collection\/#primaryimage","url":"https:\/\/linoafashion.com\/wp-content\/uploads\/2026\/04\/compressed_DSC07288.webp","contentUrl":"https:\/\/linoafashion.com\/wp-content\/uploads\/2026\/04\/compressed_DSC07288.webp"},{"@type":"BreadcrumbList","@id":"https:\/\/linoafashion.com\/our-collections\/spring-sprouts-collection\/#breadcrumb","itemListElement":[{"@type":"ListItem","position":1,"name":"Home","item":"https:\/\/linoafashion.com\/"},{"@type":"ListItem","position":2,"name":"Our Collections","item":"https:\/\/linoafashion.com\/our-collections\/"},{"@type":"ListItem","position":3,"name":"SPRING SPROUTS COLLECTION"}]},{"@type":"WebSite","@id":"https:\/\/linoafashion.com\/#website","url":"https:\/\/linoafashion.com\/","name":"Linoa","description":"Linen Cao C\u00e1p","potentialAction":[{"@type":"SearchAction","target":{"@type":"EntryPoint","urlTemplate":"https:\/\/linoafashion.com\/?s={search_term_string}"},"query-input":{"@type":"PropertyValueSpecification","valueRequired":true,"valueName":"search_term_string"}}],"inLanguage":"vi"}]}},"_links":{"self":[{"href":"https:\/\/linoafashion.com\/vi\/wp-json\/wp\/v2\/pages\/7511","targetHints":{"allow":["GET"]}}],"collection":[{"href":"https:\/\/linoafashion.com\/vi\/wp-json\/wp\/v2\/pages"}],"about":[{"href":"https:\/\/linoafashion.com\/vi\/wp-json\/wp\/v2\/types\/page"}],"author":[{"embeddable":true,"href":"https:\/\/linoafashion.com\/vi\/wp-json\/wp\/v2\/users\/1"}],"replies":[{"embeddable":true,"href":"https:\/\/linoafashion.com\/vi\/wp-json\/wp\/v2\/comments?post=7511"}],"version-history":[{"count":2,"href":"https:\/\/linoafashion.com\/vi\/wp-json\/wp\/v2\/pages\/7511\/revisions"}],"predecessor-version":[{"id":7756,"href":"https:\/\/linoafashion.com\/vi\/wp-json\/wp\/v2\/pages\/7511\/revisions\/7756"}],"up":[{"embeddable":true,"href":"https:\/\/linoafashion.com\/vi\/wp-json\/wp\/v2\/pages\/1830"}],"wp:attachment":[{"href":"https:\/\/linoafashion.com\/vi\/wp-json\/wp\/v2\/media?parent=7511"}],"curies":[{"name":"wp","href":"https:\/\/api.w.org\/{rel}","templated":true}]}}