{"id":4023,"date":"2025-10-16T16:00:10","date_gmt":"2025-10-16T09:00:10","guid":{"rendered":"https:\/\/linoafashion.com\/?post_type=product&#038;p=4023"},"modified":"2025-11-26T11:06:53","modified_gmt":"2025-11-26T04:06:53","slug":"kep-no-lon","status":"publish","type":"product","link":"https:\/\/linoafashion.com\/vi\/san-pham\/kep-no-lon\/","title":{"rendered":"K\u1eb9p N\u01a1 L\u1edbn"},"content":{"rendered":"<div class=\"wp-block-nectar-blocks-row alignfull nectar-block nectar-blocks-row nectar-blocks-row__inner is-horizontal-tablet nectar-blocks-row__wrapper parent-block-block-0w0XGrWd4I\" id=\"block-0w0XGrWd4I\">\n<div class=\"wp-block-nectar-blocks-column nectar-blocks-column nectar-block\" id=\"block-na0YmybJcx\"><div class=\"nectar-blocks-column__wrapper parent-block-block-na0YmybJcx\"><div class=\"nectar__bg-layers parent-block-block-na0YmybJcx\"><div class=\"nectar__bg-layer nectar__bg-image lazy-load-bg\"><\/div><\/div><div class=\"nectar-blocks-column__inner nectar-blocks-column__content-wrap parent-block-block-na0YmybJcx\"><\/div><\/div><\/div>\n\n\n\n<div class=\"wp-block-nectar-blocks-column nectar-blocks-column nectar-block\" id=\"block-2WdihcQH2j\"><div class=\"nectar-blocks-column__inner nectar-blocks-column__content-wrap parent-block-block-2WdihcQH2j nectar-blocks-column__wrapper\">\n<p id=\"block-ecQgokARm4\" class=\"wp-block-nectar-blocks-text nectar-blocks-text nectar-font-h2\">Linen Cao C\u00e1p<\/p>\n\n\n\n<p id=\"block-pNaf123dRm\" class=\"wp-block-nectar-blocks-text nectar-blocks-text nectar-font-body\">Ch\u1ea5t li\u1ec7u d\u1ec7t t\u1eeb s\u1ee3i lanh t\u1ef1 nhi\u00ean, k\u1ebft h\u1ee3p s\u1ef1 thu\u1ea7n khi\u1ebft c\u1ee7a thi\u00ean nhi\u00ean v\u1edbi v\u1ebb \u0111\u1eb9p tinh t\u1ebf, mang \u0111\u1ebfn c\u1ea3m gi\u00e1c tho\u1ea3i m\u00e1i, an to\u00e0n v\u00e0 sang tr\u1ecdng b\u1ec1n v\u1eefng cho tr\u1ebb em.<\/p>\n<\/div><\/div>\n<\/div>\n\n\n\n<div class=\"wp-block-nectar-blocks-row alignfull nectar-block nectar-blocks-row nectar-blocks-row__inner nectar-blocks-row__wrapper parent-block-block-AtvbTziN7j\" id=\"block-AtvbTziN7j\">\n<div class=\"wp-block-nectar-blocks-column nectar-blocks-column nectar-block\" id=\"block-LZ8x5EwWQl\"><div class=\"nectar-blocks-column__inner nectar-blocks-column__content-wrap parent-block-block-LZ8x5EwWQl nectar-blocks-column__wrapper\">\n<div class=\"wp-block-nectar-blocks-row nectar-block nectar-blocks-row nectar-blocks-row__inner nectar-blocks-row__wrapper parent-block-block-WpAVwDJLFJ\" id=\"block-WpAVwDJLFJ\">\n<div class=\"wp-block-nectar-blocks-column nectar-blocks-column nectar-block\" id=\"block-QKMtpXAkgC\"><div class=\"nectar-blocks-column__inner nectar-blocks-column__content-wrap parent-block-block-QKMtpXAkgC nectar-blocks-column__wrapper\">\n<p id=\"block-h6RbaP1AZZ\" class=\"wp-block-nectar-blocks-text nectar-blocks-text nectar-font-h2\">BST Terre Lumi\u00e8re <\/p>\n\n\n\n<div class=\"wp-block-nectar-blocks-button nectar-blocks-button nectar-font-h4 nectar-blocks-button--Underline\" id=\"block-BugWrzljFP\"><a href=\"https:\/\/linoafashion.com\/vi\/terre-lumiere-collection\/\" class=\"nectar__link nectar-blocks-button__inner\"><span class=\"nectar-blocks-button__text\">Kh\u00e1m Ph\u00e1<\/span><\/a><\/div>\n<\/div><\/div>\n<\/div>\n\n\n\n<div class=\"wp-block-nectar-blocks-row alignfull nectar-block nectar-blocks-row nectar-blocks-row__inner is-horizontal-tablet nectar-blocks-row__wrapper parent-block-block-fjLxp4gMtx\" id=\"block-fjLxp4gMtx\">\n<div class=\"wp-block-nectar-blocks-column nectar-blocks-column nectar-block\" id=\"block-HWdwFcS3oy\"><div class=\"nectar-blocks-column__wrapper parent-block-block-HWdwFcS3oy\"><div class=\"nectar__bg-layers parent-block-block-HWdwFcS3oy\"><div class=\"nectar__bg-layer nectar__bg-image lazy-load-bg\"><\/div><\/div><div class=\"nectar-blocks-column__inner nectar-blocks-column__content-wrap parent-block-block-HWdwFcS3oy\"><\/div><\/div><\/div>\n\n\n\n<div class=\"wp-block-nectar-blocks-column nectar-blocks-column nectar-block\" id=\"block-aoePRrv5rk\"><div class=\"nectar-blocks-column__wrapper parent-block-block-aoePRrv5rk\"><div class=\"nectar__bg-layers parent-block-block-aoePRrv5rk\"><div class=\"nectar__bg-layer nectar__bg-image lazy-load-bg\"><\/div><\/div><div class=\"nectar-blocks-column__inner nectar-blocks-column__content-wrap parent-block-block-aoePRrv5rk\"><\/div><\/div><\/div>\n<\/div>\n<\/div><\/div>\n<\/div>","protected":false},"excerpt":{"rendered":"<div style=\"display: flex; gap: 12px;\"><span style=\"border: 1px solid #2f0f00; border-radius: 999px; padding: 3px 15px; white-space: nowrap;\">Duy\u00ean D\u00e1ng<\/span> <span style=\"border: 1px solid #2f0f00; border-radius: 999px; padding: 3px 15px; white-space: nowrap;\">T\u00ednh T\u1ebf<\/span> <span style=\"border: 1px solid #2f0f00; border-radius: 999px; padding: 3px 15px; white-space: nowrap;\">Ng\u1ecdt Ng\u00e0o<\/span><\/div>\n<p style=\"height: 20px; margin: 0;\">\u00a0<\/p>\n<p>N\u01a1 v\u1ea3i linen l\u00e0 ph\u1ee5 ki\u1ec7n ho\u00e0n h\u1ea3o, th\u00eam n\u00e9t duy\u00ean d\u00e1ng v\u00e0 ng\u1ecdt ng\u00e0o cho b\u00e9. Thi\u1ebft k\u1ebf tinh x\u1ea3o v\u1edbi c\u00e1c t\u00f9y ch\u1ecdn tr\u01a1n m\u00e0u ho\u1eb7c th\u00eau tay th\u1ee7 c\u00f4ng h\u1ecda ti\u1ebft hoa c\u1ecf. M\u1ed9t \u0111i\u1ec3m nh\u1ea5n tinh t\u1ebf, gi\u00fap m\u00e1i t\u00f3c b\u00e9 tr\u1edf n\u00ean n\u1ed5i b\u1eadt v\u00e0 \u0111\u00e1ng y\u00eau h\u01a1n.<\/p>","protected":false},"featured_media":6157,"template":"","meta":{"_acf_changed":false,"_nectar_blocks_hide_post_title":false,"_nectar_blocks_transparent_header_effect":false,"_nectar_blocks_transparent_header_effect_color":"light","_nectar_blocks_header_animation":false,"_nectar_blocks_header_animation_delay":0,"_nectar_blocks_header_animation_effect":"fade","_nectar_blocks_page_css":"","_nectar_blocks_page_js":""},"product_brand":[],"product_cat":[194],"product_tag":[],"class_list":{"0":"post-4023","1":"product","2":"type-product","3":"status-publish","4":"has-post-thumbnail","6":"product_cat-accessories","8":"first","9":"instock","10":"shipping-taxable","11":"purchasable","12":"product-type-variable"},"acf":[],"yoast_head":"<!-- This site is optimized with the Yoast SEO plugin v26.6 - https:\/\/yoast.com\/wordpress\/plugins\/seo\/ -->\n<title>Blossom hairbow - Linoa<\/title>\n<meta name=\"description\" content=\"Delicately crafted, available in classic solid colors or with hand-embroidered floral details.\" \/>\n<meta name=\"robots\" content=\"index, follow, max-snippet:-1, max-image-preview:large, max-video-preview:-1\" \/>\n<link rel=\"canonical\" href=\"https:\/\/linoafashion.com\/vi\/san-pham\/kep-no-lon\/\" \/>\n<meta property=\"og:locale\" content=\"vi_VN\" \/>\n<meta property=\"og:type\" content=\"article\" \/>\n<meta property=\"og:title\" content=\"Blossom hairbow - Linoa\" \/>\n<meta property=\"og:description\" content=\"Delicately crafted, available in classic solid colors or with hand-embroidered floral details.\" \/>\n<meta property=\"og:url\" content=\"https:\/\/linoafashion.com\/vi\/san-pham\/kep-no-lon\/\" \/>\n<meta property=\"og:site_name\" content=\"Linoa\" \/>\n<meta property=\"article:modified_time\" content=\"2025-11-26T04:06:53+00:00\" \/>\n<meta property=\"og:image\" content=\"https:\/\/linoafashion.com\/wp-content\/uploads\/2025\/10\/compressed_Untitled-design-85.webp\" \/>\n\t<meta property=\"og:image:width\" content=\"719\" \/>\n\t<meta property=\"og:image:height\" content=\"1080\" \/>\n\t<meta property=\"og:image:type\" content=\"image\/webp\" \/>\n<meta name=\"twitter:card\" content=\"summary_large_image\" \/>\n<meta name=\"twitter:label1\" content=\"\u01af\u1edbc t\u00ednh th\u1eddi gian \u0111\u1ecdc\" \/>\n\t<meta name=\"twitter:data1\" content=\"1 ph\u00fat\" \/>\n<script type=\"application\/ld+json\" class=\"yoast-schema-graph\">{\"@context\":\"https:\/\/schema.org\",\"@graph\":[{\"@type\":\"WebPage\",\"@id\":\"https:\/\/linoafashion.com\/product\/kep-no-lon\/\",\"url\":\"https:\/\/linoafashion.com\/product\/kep-no-lon\/\",\"name\":\"Blossom hairbow - Linoa\",\"isPartOf\":{\"@id\":\"https:\/\/linoafashion.com\/#website\"},\"primaryImageOfPage\":{\"@id\":\"https:\/\/linoafashion.com\/product\/kep-no-lon\/#primaryimage\"},\"image\":{\"@id\":\"https:\/\/linoafashion.com\/product\/kep-no-lon\/#primaryimage\"},\"thumbnailUrl\":\"https:\/\/linoafashion.com\/wp-content\/uploads\/2025\/10\/compressed_Untitled-design-85.webp\",\"datePublished\":\"2025-10-16T09:00:10+00:00\",\"dateModified\":\"2025-11-26T04:06:53+00:00\",\"description\":\"Delicately crafted, available in classic solid colors or with hand-embroidered floral details.\",\"breadcrumb\":{\"@id\":\"https:\/\/linoafashion.com\/product\/kep-no-lon\/#breadcrumb\"},\"inLanguage\":\"vi\",\"potentialAction\":[{\"@type\":\"ReadAction\",\"target\":[\"https:\/\/linoafashion.com\/product\/kep-no-lon\/\"]}]},{\"@type\":\"ImageObject\",\"inLanguage\":\"vi\",\"@id\":\"https:\/\/linoafashion.com\/product\/kep-no-lon\/#primaryimage\",\"url\":\"https:\/\/linoafashion.com\/wp-content\/uploads\/2025\/10\/compressed_Untitled-design-85.webp\",\"contentUrl\":\"https:\/\/linoafashion.com\/wp-content\/uploads\/2025\/10\/compressed_Untitled-design-85.webp\",\"width\":719,\"height\":1080},{\"@type\":\"BreadcrumbList\",\"@id\":\"https:\/\/linoafashion.com\/product\/kep-no-lon\/#breadcrumb\",\"itemListElement\":[{\"@type\":\"ListItem\",\"position\":1,\"name\":\"Home\",\"item\":\"https:\/\/linoafashion.com\/\"},{\"@type\":\"ListItem\",\"position\":2,\"name\":\"Shop\",\"item\":\"https:\/\/linoafashion.com\/shop\/\"},{\"@type\":\"ListItem\",\"position\":3,\"name\":\"Blossom hairbow\"}]},{\"@type\":\"WebSite\",\"@id\":\"https:\/\/linoafashion.com\/#website\",\"url\":\"https:\/\/linoafashion.com\/\",\"name\":\"Linoa\",\"description\":\"Premium Linen\",\"potentialAction\":[{\"@type\":\"SearchAction\",\"target\":{\"@type\":\"EntryPoint\",\"urlTemplate\":\"https:\/\/linoafashion.com\/?s={search_term_string}\"},\"query-input\":{\"@type\":\"PropertyValueSpecification\",\"valueRequired\":true,\"valueName\":\"search_term_string\"}}],\"inLanguage\":\"vi\"}]}<\/script>\n<!-- \/ Yoast SEO plugin. -->","yoast_head_json":{"title":"Blossom hairbow - Linoa","description":"Delicately crafted, available in classic solid colors or with hand-embroidered floral details.","robots":{"index":"index","follow":"follow","max-snippet":"max-snippet:-1","max-image-preview":"max-image-preview:large","max-video-preview":"max-video-preview:-1"},"canonical":"https:\/\/linoafashion.com\/vi\/san-pham\/kep-no-lon\/","og_locale":"vi_VN","og_type":"article","og_title":"Blossom hairbow - Linoa","og_description":"Delicately crafted, available in classic solid colors or with hand-embroidered floral details.","og_url":"https:\/\/linoafashion.com\/vi\/san-pham\/kep-no-lon\/","og_site_name":"Linoa","article_modified_time":"2025-11-26T04:06:53+00:00","og_image":[{"width":719,"height":1080,"url":"https:\/\/linoafashion.com\/wp-content\/uploads\/2025\/10\/compressed_Untitled-design-85.webp","type":"image\/webp"}],"twitter_card":"summary_large_image","twitter_misc":{"\u01af\u1edbc t\u00ednh th\u1eddi gian \u0111\u1ecdc":"1 ph\u00fat"},"schema":{"@context":"https:\/\/schema.org","@graph":[{"@type":"WebPage","@id":"https:\/\/linoafashion.com\/product\/kep-no-lon\/","url":"https:\/\/linoafashion.com\/product\/kep-no-lon\/","name":"Blossom hairbow - Linoa","isPartOf":{"@id":"https:\/\/linoafashion.com\/#website"},"primaryImageOfPage":{"@id":"https:\/\/linoafashion.com\/product\/kep-no-lon\/#primaryimage"},"image":{"@id":"https:\/\/linoafashion.com\/product\/kep-no-lon\/#primaryimage"},"thumbnailUrl":"https:\/\/linoafashion.com\/wp-content\/uploads\/2025\/10\/compressed_Untitled-design-85.webp","datePublished":"2025-10-16T09:00:10+00:00","dateModified":"2025-11-26T04:06:53+00:00","description":"Delicately crafted, available in classic solid colors or with hand-embroidered floral details.","breadcrumb":{"@id":"https:\/\/linoafashion.com\/product\/kep-no-lon\/#breadcrumb"},"inLanguage":"vi","potentialAction":[{"@type":"ReadAction","target":["https:\/\/linoafashion.com\/product\/kep-no-lon\/"]}]},{"@type":"ImageObject","inLanguage":"vi","@id":"https:\/\/linoafashion.com\/product\/kep-no-lon\/#primaryimage","url":"https:\/\/linoafashion.com\/wp-content\/uploads\/2025\/10\/compressed_Untitled-design-85.webp","contentUrl":"https:\/\/linoafashion.com\/wp-content\/uploads\/2025\/10\/compressed_Untitled-design-85.webp","width":719,"height":1080},{"@type":"BreadcrumbList","@id":"https:\/\/linoafashion.com\/product\/kep-no-lon\/#breadcrumb","itemListElement":[{"@type":"ListItem","position":1,"name":"Home","item":"https:\/\/linoafashion.com\/"},{"@type":"ListItem","position":2,"name":"Shop","item":"https:\/\/linoafashion.com\/shop\/"},{"@type":"ListItem","position":3,"name":"Blossom hairbow"}]},{"@type":"WebSite","@id":"https:\/\/linoafashion.com\/#website","url":"https:\/\/linoafashion.com\/","name":"Linoa","description":"Linen Cao C\u00e1p","potentialAction":[{"@type":"SearchAction","target":{"@type":"EntryPoint","urlTemplate":"https:\/\/linoafashion.com\/?s={search_term_string}"},"query-input":{"@type":"PropertyValueSpecification","valueRequired":true,"valueName":"search_term_string"}}],"inLanguage":"vi"}]}},"_links":{"self":[{"href":"https:\/\/linoafashion.com\/vi\/wp-json\/wp\/v2\/product\/4023","targetHints":{"allow":["GET"]}}],"collection":[{"href":"https:\/\/linoafashion.com\/vi\/wp-json\/wp\/v2\/product"}],"about":[{"href":"https:\/\/linoafashion.com\/vi\/wp-json\/wp\/v2\/types\/product"}],"wp:featuredmedia":[{"embeddable":true,"href":"https:\/\/linoafashion.com\/vi\/wp-json\/wp\/v2\/media\/6157"}],"wp:attachment":[{"href":"https:\/\/linoafashion.com\/vi\/wp-json\/wp\/v2\/media?parent=4023"}],"wp:term":[{"taxonomy":"product_brand","embeddable":true,"href":"https:\/\/linoafashion.com\/vi\/wp-json\/wp\/v2\/product_brand?post=4023"},{"taxonomy":"product_cat","embeddable":true,"href":"https:\/\/linoafashion.com\/vi\/wp-json\/wp\/v2\/product_cat?post=4023"},{"taxonomy":"product_tag","embeddable":true,"href":"https:\/\/linoafashion.com\/vi\/wp-json\/wp\/v2\/product_tag?post=4023"}],"curies":[{"name":"wp","href":"https:\/\/api.w.org\/{rel}","templated":true}]}}