{"id":4845,"date":"2025-10-20T08:02:55","date_gmt":"2025-10-20T01:02:55","guid":{"rendered":"https:\/\/linoafashion.com\/?post_type=product&#038;p=4845"},"modified":"2025-11-03T13:24:53","modified_gmt":"2025-11-03T06:24:53","slug":"oatmeal-vanilla-dress","status":"publish","type":"product","link":"https:\/\/linoafashion.com\/vi\/san-pham\/oatmeal-vanilla-dress\/","title":{"rendered":"\u0110\u1ea7m Vani"},"content":{"rendered":"<div class=\"wp-block-nectar-blocks-row alignfull nectar-block nectar-blocks-row nectar-blocks-row__inner is-horizontal-tablet nectar-blocks-row__wrapper parent-block-block-0w0XGrWd4I\" id=\"block-0w0XGrWd4I\">\n<div class=\"wp-block-nectar-blocks-column nectar-blocks-column nectar-block\" id=\"block-na0YmybJcx\"><div class=\"nectar-blocks-column__wrapper parent-block-block-na0YmybJcx\"><div class=\"nectar__bg-layers parent-block-block-na0YmybJcx\"><div class=\"nectar__bg-layer nectar__bg-image lazy-load-bg\"><\/div><\/div><div class=\"nectar-blocks-column__inner nectar-blocks-column__content-wrap parent-block-block-na0YmybJcx\"><\/div><\/div><\/div>\n\n\n\n<div class=\"wp-block-nectar-blocks-column nectar-blocks-column nectar-block\" id=\"block-2WdihcQH2j\"><div class=\"nectar-blocks-column__inner nectar-blocks-column__content-wrap parent-block-block-2WdihcQH2j nectar-blocks-column__wrapper\">\n<p id=\"block-ecQgokARm4\" class=\"wp-block-nectar-blocks-text nectar-blocks-text nectar-font-h2\">Linen Cao C\u00e1p<\/p>\n\n\n\n<p id=\"block-pNaf123dRm\" class=\"wp-block-nectar-blocks-text nectar-blocks-text nectar-font-body\">Ch\u1ea5t li\u1ec7u d\u1ec7t t\u1eeb s\u1ee3i lanh t\u1ef1 nhi\u00ean, k\u1ebft h\u1ee3p s\u1ef1 thu\u1ea7n khi\u1ebft c\u1ee7a thi\u00ean nhi\u00ean v\u1edbi v\u1ebb \u0111\u1eb9p tinh t\u1ebf, mang \u0111\u1ebfn c\u1ea3m gi\u00e1c tho\u1ea3i m\u00e1i, an to\u00e0n v\u00e0 sang tr\u1ecdng b\u1ec1n v\u1eefng cho tr\u1ebb em.<\/p>\n<\/div><\/div>\n<\/div>\n\n\n\n<div class=\"wp-block-nectar-blocks-row alignfull nectar-block nectar-blocks-row nectar-blocks-row__inner nectar-blocks-row__wrapper parent-block-block-AtvbTziN7j\" id=\"block-AtvbTziN7j\">\n<div class=\"wp-block-nectar-blocks-column nectar-blocks-column nectar-block\" id=\"block-LZ8x5EwWQl\"><div class=\"nectar-blocks-column__inner nectar-blocks-column__content-wrap parent-block-block-LZ8x5EwWQl nectar-blocks-column__wrapper\">\n<div class=\"wp-block-nectar-blocks-row nectar-block nectar-blocks-row nectar-blocks-row__inner nectar-blocks-row__wrapper parent-block-block-WpAVwDJLFJ\" id=\"block-WpAVwDJLFJ\">\n<div class=\"wp-block-nectar-blocks-column nectar-blocks-column nectar-block\" id=\"block-QKMtpXAkgC\"><div class=\"nectar-blocks-column__inner nectar-blocks-column__content-wrap parent-block-block-QKMtpXAkgC nectar-blocks-column__wrapper\">\n<p id=\"block-h6RbaP1AZZ\" class=\"wp-block-nectar-blocks-text nectar-blocks-text nectar-font-h2\">BST Terre Lumi\u00e8re <\/p>\n\n\n\n<div class=\"wp-block-nectar-blocks-button nectar-blocks-button nectar-font-h4 nectar-blocks-button--Underline\" id=\"block-BugWrzljFP\"><a href=\"https:\/\/linoafashion.com\/vi\/terre-lumiere-collection\/\" class=\"nectar__link nectar-blocks-button__inner\"><span class=\"nectar-blocks-button__text\">Kh\u00e1m Ph\u00e1<\/span><\/a><\/div>\n<\/div><\/div>\n<\/div>\n\n\n\n<div class=\"wp-block-nectar-blocks-row alignfull nectar-block nectar-blocks-row nectar-blocks-row__inner is-horizontal-tablet nectar-blocks-row__wrapper parent-block-block-fjLxp4gMtx\" id=\"block-fjLxp4gMtx\">\n<div class=\"wp-block-nectar-blocks-column nectar-blocks-column nectar-block\" id=\"block-HWdwFcS3oy\"><div class=\"nectar-blocks-column__wrapper parent-block-block-HWdwFcS3oy\"><div class=\"nectar__bg-layers parent-block-block-HWdwFcS3oy\"><div class=\"nectar__bg-layer nectar__bg-image lazy-load-bg\"><\/div><\/div><div class=\"nectar-blocks-column__inner nectar-blocks-column__content-wrap parent-block-block-HWdwFcS3oy\"><\/div><\/div><\/div>\n\n\n\n<div class=\"wp-block-nectar-blocks-column nectar-blocks-column nectar-block\" id=\"block-aoePRrv5rk\"><div class=\"nectar-blocks-column__wrapper parent-block-block-aoePRrv5rk\"><div class=\"nectar__bg-layers parent-block-block-aoePRrv5rk\"><div class=\"nectar__bg-layer nectar__bg-image lazy-load-bg\"><\/div><\/div><div class=\"nectar-blocks-column__inner nectar-blocks-column__content-wrap parent-block-block-aoePRrv5rk\"><\/div><\/div><\/div>\n<\/div>\n<\/div><\/div>\n<\/div>","protected":false},"excerpt":{"rendered":"<div style=\"display: flex; gap: 12px;\"><span style=\"border: 1px solid #2f0f00; border-radius: 999px; padding: 3px 15px; white-space: nowrap;\">M\u1ec1m M\u1ea1i<\/span> <span style=\"border: 1px solid #2f0f00; border-radius: 999px; padding: 3px 15px; white-space: nowrap;\">Tinh T\u1ebf<\/span> <span style=\"border: 1px solid #2f0f00; border-radius: 999px; padding: 3px 15px; white-space: nowrap;\">Effortlessly Graceful<\/span><\/div>\n<p style=\"height: 20px; margin: 0;\">\u00a0<\/p>\n<p>L\u1ea5y c\u1ea3m h\u1ee9ng t\u1eeb h\u01b0\u01a1ng vani tinh khi\u1ebft, \u0110\u1ea7m Vani l\u00e0 hi\u1ec7n th\u00e2n c\u1ee7a s\u1ef1 m\u1ec1m m\u1ea1i v\u00e0 tinh t\u1ebf. V\u00e1y c\u00f3 d\u00e1ng su\u00f4ng bay b\u1ed5ng, tay ph\u1ed3ng nh\u1eb9 v\u00e0 c\u00e1c chi ti\u1ebft th\u00eau t\u1ec9 m\u1ec9 tr\u00ean ng\u1ef1c, t\u1ea1o n\u00ean v\u1ebb ngo\u00e0i v\u1eeba ng\u1ecdt ng\u00e0o v\u1eeba thanh l\u1ecbch. \u0110\u01b0\u1ee3c may t\u1eeb v\u1ea3i linen cao c\u1ea5p, l\u00f3t cotton th\u1ea5m h\u00fat v\u00e0 b\u1ed5 sung t\u00fai hai b\u00ean ti\u1ec7n l\u1ee3i, chi\u1ebfc v\u00e1y mang l\u1ea1i s\u1ef1 tho\u1ea3i m\u00e1i t\u1ed1i \u0111a trong m\u1ecdi c\u1eed \u0111\u1ed9ng.<\/p>","protected":false},"featured_media":6047,"template":"","meta":{"_acf_changed":true,"_nectar_blocks_hide_post_title":false,"_nectar_blocks_transparent_header_effect":false,"_nectar_blocks_transparent_header_effect_color":"light","_nectar_blocks_header_animation":false,"_nectar_blocks_header_animation_delay":0,"_nectar_blocks_header_animation_effect":"fade","_nectar_blocks_page_css":"","_nectar_blocks_page_js":""},"product_brand":[],"product_cat":[198],"product_tag":[],"class_list":{"0":"post-4845","1":"product","2":"type-product","3":"status-publish","4":"has-post-thumbnail","6":"product_cat-dresses","8":"first","9":"instock","10":"shipping-taxable","11":"purchasable","12":"product-type-variable"},"acf":[],"yoast_head":"<!-- This site is optimized with the Yoast SEO plugin v26.6 - https:\/\/yoast.com\/wordpress\/plugins\/seo\/ -->\n<title>Vanilla dress - Linoa<\/title>\n<meta name=\"description\" content=\"Inspired by vanilla, the Vani Dress is soft and sophisticated with a flowing silhouette and embroidered details.\" \/>\n<meta name=\"robots\" content=\"index, follow, max-snippet:-1, max-image-preview:large, max-video-preview:-1\" \/>\n<link rel=\"canonical\" href=\"https:\/\/linoafashion.com\/vi\/san-pham\/oatmeal-vanilla-dress\/\" \/>\n<meta property=\"og:locale\" content=\"vi_VN\" \/>\n<meta property=\"og:type\" content=\"article\" \/>\n<meta property=\"og:title\" content=\"Vanilla dress - Linoa\" \/>\n<meta property=\"og:description\" content=\"Inspired by vanilla, the Vani Dress is soft and sophisticated with a flowing silhouette and embroidered details.\" \/>\n<meta property=\"og:url\" content=\"https:\/\/linoafashion.com\/vi\/san-pham\/oatmeal-vanilla-dress\/\" \/>\n<meta property=\"og:site_name\" content=\"Linoa\" \/>\n<meta property=\"article:modified_time\" content=\"2025-11-03T06:24:53+00:00\" \/>\n<meta property=\"og:image\" content=\"https:\/\/linoafashion.com\/wp-content\/uploads\/2025\/10\/compressed_Untitled-design-82.webp\" \/>\n\t<meta property=\"og:image:width\" content=\"719\" \/>\n\t<meta property=\"og:image:height\" content=\"1080\" \/>\n\t<meta property=\"og:image:type\" content=\"image\/webp\" \/>\n<meta name=\"twitter:card\" content=\"summary_large_image\" \/>\n<meta name=\"twitter:label1\" content=\"\u01af\u1edbc t\u00ednh th\u1eddi gian \u0111\u1ecdc\" \/>\n\t<meta name=\"twitter:data1\" content=\"1 ph\u00fat\" \/>\n<script type=\"application\/ld+json\" class=\"yoast-schema-graph\">{\"@context\":\"https:\/\/schema.org\",\"@graph\":[{\"@type\":\"WebPage\",\"@id\":\"https:\/\/linoafashion.com\/product\/oatmeal-vanilla-dress\/\",\"url\":\"https:\/\/linoafashion.com\/product\/oatmeal-vanilla-dress\/\",\"name\":\"Vanilla dress - Linoa\",\"isPartOf\":{\"@id\":\"https:\/\/linoafashion.com\/#website\"},\"primaryImageOfPage\":{\"@id\":\"https:\/\/linoafashion.com\/product\/oatmeal-vanilla-dress\/#primaryimage\"},\"image\":{\"@id\":\"https:\/\/linoafashion.com\/product\/oatmeal-vanilla-dress\/#primaryimage\"},\"thumbnailUrl\":\"https:\/\/linoafashion.com\/wp-content\/uploads\/2025\/10\/compressed_Untitled-design-82.webp\",\"datePublished\":\"2025-10-20T01:02:55+00:00\",\"dateModified\":\"2025-11-03T06:24:53+00:00\",\"description\":\"Inspired by vanilla, the Vani Dress is soft and sophisticated with a flowing silhouette and embroidered details.\",\"breadcrumb\":{\"@id\":\"https:\/\/linoafashion.com\/product\/oatmeal-vanilla-dress\/#breadcrumb\"},\"inLanguage\":\"vi\",\"potentialAction\":[{\"@type\":\"ReadAction\",\"target\":[\"https:\/\/linoafashion.com\/product\/oatmeal-vanilla-dress\/\"]}]},{\"@type\":\"ImageObject\",\"inLanguage\":\"vi\",\"@id\":\"https:\/\/linoafashion.com\/product\/oatmeal-vanilla-dress\/#primaryimage\",\"url\":\"https:\/\/linoafashion.com\/wp-content\/uploads\/2025\/10\/compressed_Untitled-design-82.webp\",\"contentUrl\":\"https:\/\/linoafashion.com\/wp-content\/uploads\/2025\/10\/compressed_Untitled-design-82.webp\",\"width\":719,\"height\":1080},{\"@type\":\"BreadcrumbList\",\"@id\":\"https:\/\/linoafashion.com\/product\/oatmeal-vanilla-dress\/#breadcrumb\",\"itemListElement\":[{\"@type\":\"ListItem\",\"position\":1,\"name\":\"Home\",\"item\":\"https:\/\/linoafashion.com\/\"},{\"@type\":\"ListItem\",\"position\":2,\"name\":\"Shop\",\"item\":\"https:\/\/linoafashion.com\/shop\/\"},{\"@type\":\"ListItem\",\"position\":3,\"name\":\"Vanilla dress\"}]},{\"@type\":\"WebSite\",\"@id\":\"https:\/\/linoafashion.com\/#website\",\"url\":\"https:\/\/linoafashion.com\/\",\"name\":\"Linoa\",\"description\":\"Premium Linen\",\"potentialAction\":[{\"@type\":\"SearchAction\",\"target\":{\"@type\":\"EntryPoint\",\"urlTemplate\":\"https:\/\/linoafashion.com\/?s={search_term_string}\"},\"query-input\":{\"@type\":\"PropertyValueSpecification\",\"valueRequired\":true,\"valueName\":\"search_term_string\"}}],\"inLanguage\":\"vi\"}]}<\/script>\n<!-- \/ Yoast SEO plugin. -->","yoast_head_json":{"title":"Vanilla dress - Linoa","description":"Inspired by vanilla, the Vani Dress is soft and sophisticated with a flowing silhouette and embroidered details.","robots":{"index":"index","follow":"follow","max-snippet":"max-snippet:-1","max-image-preview":"max-image-preview:large","max-video-preview":"max-video-preview:-1"},"canonical":"https:\/\/linoafashion.com\/vi\/san-pham\/oatmeal-vanilla-dress\/","og_locale":"vi_VN","og_type":"article","og_title":"Vanilla dress - Linoa","og_description":"Inspired by vanilla, the Vani Dress is soft and sophisticated with a flowing silhouette and embroidered details.","og_url":"https:\/\/linoafashion.com\/vi\/san-pham\/oatmeal-vanilla-dress\/","og_site_name":"Linoa","article_modified_time":"2025-11-03T06:24:53+00:00","og_image":[{"width":719,"height":1080,"url":"https:\/\/linoafashion.com\/wp-content\/uploads\/2025\/10\/compressed_Untitled-design-82.webp","type":"image\/webp"}],"twitter_card":"summary_large_image","twitter_misc":{"\u01af\u1edbc t\u00ednh th\u1eddi gian \u0111\u1ecdc":"1 ph\u00fat"},"schema":{"@context":"https:\/\/schema.org","@graph":[{"@type":"WebPage","@id":"https:\/\/linoafashion.com\/product\/oatmeal-vanilla-dress\/","url":"https:\/\/linoafashion.com\/product\/oatmeal-vanilla-dress\/","name":"Vanilla dress - Linoa","isPartOf":{"@id":"https:\/\/linoafashion.com\/#website"},"primaryImageOfPage":{"@id":"https:\/\/linoafashion.com\/product\/oatmeal-vanilla-dress\/#primaryimage"},"image":{"@id":"https:\/\/linoafashion.com\/product\/oatmeal-vanilla-dress\/#primaryimage"},"thumbnailUrl":"https:\/\/linoafashion.com\/wp-content\/uploads\/2025\/10\/compressed_Untitled-design-82.webp","datePublished":"2025-10-20T01:02:55+00:00","dateModified":"2025-11-03T06:24:53+00:00","description":"Inspired by vanilla, the Vani Dress is soft and sophisticated with a flowing silhouette and embroidered details.","breadcrumb":{"@id":"https:\/\/linoafashion.com\/product\/oatmeal-vanilla-dress\/#breadcrumb"},"inLanguage":"vi","potentialAction":[{"@type":"ReadAction","target":["https:\/\/linoafashion.com\/product\/oatmeal-vanilla-dress\/"]}]},{"@type":"ImageObject","inLanguage":"vi","@id":"https:\/\/linoafashion.com\/product\/oatmeal-vanilla-dress\/#primaryimage","url":"https:\/\/linoafashion.com\/wp-content\/uploads\/2025\/10\/compressed_Untitled-design-82.webp","contentUrl":"https:\/\/linoafashion.com\/wp-content\/uploads\/2025\/10\/compressed_Untitled-design-82.webp","width":719,"height":1080},{"@type":"BreadcrumbList","@id":"https:\/\/linoafashion.com\/product\/oatmeal-vanilla-dress\/#breadcrumb","itemListElement":[{"@type":"ListItem","position":1,"name":"Home","item":"https:\/\/linoafashion.com\/"},{"@type":"ListItem","position":2,"name":"Shop","item":"https:\/\/linoafashion.com\/shop\/"},{"@type":"ListItem","position":3,"name":"Vanilla dress"}]},{"@type":"WebSite","@id":"https:\/\/linoafashion.com\/#website","url":"https:\/\/linoafashion.com\/","name":"Linoa","description":"Linen Cao C\u00e1p","potentialAction":[{"@type":"SearchAction","target":{"@type":"EntryPoint","urlTemplate":"https:\/\/linoafashion.com\/?s={search_term_string}"},"query-input":{"@type":"PropertyValueSpecification","valueRequired":true,"valueName":"search_term_string"}}],"inLanguage":"vi"}]}},"_links":{"self":[{"href":"https:\/\/linoafashion.com\/vi\/wp-json\/wp\/v2\/product\/4845","targetHints":{"allow":["GET"]}}],"collection":[{"href":"https:\/\/linoafashion.com\/vi\/wp-json\/wp\/v2\/product"}],"about":[{"href":"https:\/\/linoafashion.com\/vi\/wp-json\/wp\/v2\/types\/product"}],"wp:featuredmedia":[{"embeddable":true,"href":"https:\/\/linoafashion.com\/vi\/wp-json\/wp\/v2\/media\/6047"}],"wp:attachment":[{"href":"https:\/\/linoafashion.com\/vi\/wp-json\/wp\/v2\/media?parent=4845"}],"wp:term":[{"taxonomy":"product_brand","embeddable":true,"href":"https:\/\/linoafashion.com\/vi\/wp-json\/wp\/v2\/product_brand?post=4845"},{"taxonomy":"product_cat","embeddable":true,"href":"https:\/\/linoafashion.com\/vi\/wp-json\/wp\/v2\/product_cat?post=4845"},{"taxonomy":"product_tag","embeddable":true,"href":"https:\/\/linoafashion.com\/vi\/wp-json\/wp\/v2\/product_tag?post=4845"}],"curies":[{"name":"wp","href":"https:\/\/api.w.org\/{rel}","templated":true}]}}