{"id":7560,"date":"2026-04-08T11:22:56","date_gmt":"2026-04-08T04:22:56","guid":{"rendered":"https:\/\/linoafashion.com\/?post_type=product&#038;p=7560"},"modified":"2026-04-08T15:12:59","modified_gmt":"2026-04-08T08:12:59","slug":"tiny-blossom-dress","status":"publish","type":"product","link":"https:\/\/linoafashion.com\/vi\/san-pham\/tiny-blossom-dress\/","title":{"rendered":"\u0110\u1ea7m N\u1ee5 H\u1ed3ng B\u00e9"},"content":{"rendered":"","protected":false},"excerpt":{"rendered":"<p>Tiny Blossom l\u00e0 thi\u1ebft k\u1ebf n\u1ed5i b\u1eadt v\u1edbi s\u1eafc h\u1ed3ng r\u1ef1c r\u1ee1, mang \u0111\u1ebfn v\u1ebb ngo\u00e0i ng\u1ecdt ng\u00e0o v\u00e0 tr\u00e0n \u0111\u1ea7y s\u1ee9c s\u1ed1ng cho b\u00e9. Phom v\u00e1y x\u00f2e b\u1ed3ng b\u1ec1nh k\u1ebft h\u1ee3p c\u00f9ng chi ti\u1ebft hoa \u0111\u00ednh th\u1ee7 c\u00f4ng tr\u01b0\u1edbc ng\u1ef1c t\u1ea1o \u0111i\u1ec3m nh\u1ea5n \u0111\u00e1ng y\u00eau, n\u1eef t\u00ednh v\u00e0 n\u1ed5i b\u1eadt trong t\u1eebng chuy\u1ec3n \u0111\u1ed9ng.<br data-start=\"293\" data-end=\"296\" \/>Ph\u00f9 h\u1ee3p cho ti\u1ec7c, ch\u1ee5p \u1ea3nh hay nh\u1eefng d\u1ecbp \u0111\u1eb7c bi\u1ec7t, Tiny Blossom \u0111em l\u1ea1i di\u1ec7n m\u1ea1o t\u01b0\u01a1i t\u1eafn nh\u01b0 m\u1ed9t b\u00f4ng hoa nh\u1ecf \u0111ang n\u1edf r\u1ed9.<\/p>","protected":false},"featured_media":7567,"template":"","meta":{"_acf_changed":false,"_nectar_blocks_hide_post_title":false,"_nectar_blocks_transparent_header_effect":false,"_nectar_blocks_transparent_header_effect_color":"light","_nectar_blocks_header_animation":false,"_nectar_blocks_header_animation_delay":0,"_nectar_blocks_header_animation_effect":"fade","_nectar_blocks_page_css":"","_nectar_blocks_page_js":""},"product_brand":[],"product_cat":[198],"product_tag":[],"class_list":{"0":"post-7560","1":"product","2":"type-product","3":"status-publish","4":"has-post-thumbnail","6":"product_cat-dresses","8":"first","9":"instock","10":"shipping-taxable","11":"purchasable","12":"product-type-variable"},"acf":[],"yoast_head":"<!-- This site is optimized with the Yoast SEO plugin v26.6 - https:\/\/yoast.com\/wordpress\/plugins\/seo\/ -->\n<title>Tiny Blossom dress | Linoa Fashion<\/title>\n<meta name=\"description\" content=\"Tiny Blossom features a vibrant pink tone, a graceful flared silhouette, and charming floral details, creating a sweet look for little ones on special occasions.\" \/>\n<meta name=\"robots\" content=\"index, follow, max-snippet:-1, max-image-preview:large, max-video-preview:-1\" \/>\n<link rel=\"canonical\" href=\"https:\/\/linoafashion.com\/vi\/san-pham\/tiny-blossom-dress\/\" \/>\n<meta property=\"og:locale\" content=\"vi_VN\" \/>\n<meta property=\"og:type\" content=\"article\" \/>\n<meta property=\"og:title\" content=\"Tiny Blossom dress | Linoa Fashion\" \/>\n<meta property=\"og:description\" content=\"Tiny Blossom features a vibrant pink tone, a graceful flared silhouette, and charming floral details, creating a sweet look for little ones on special occasions.\" \/>\n<meta property=\"og:url\" content=\"https:\/\/linoafashion.com\/vi\/san-pham\/tiny-blossom-dress\/\" \/>\n<meta property=\"og:site_name\" content=\"Linoa\" \/>\n<meta property=\"article:modified_time\" content=\"2026-04-08T08:12:59+00:00\" \/>\n<meta property=\"og:image\" content=\"https:\/\/linoafashion.com\/wp-content\/uploads\/2026\/04\/compressed_DSC06845.webp\" \/>\n\t<meta property=\"og:image:width\" content=\"720\" \/>\n\t<meta property=\"og:image:height\" content=\"1080\" \/>\n\t<meta property=\"og:image:type\" content=\"image\/webp\" \/>\n<meta name=\"twitter:card\" content=\"summary_large_image\" \/>\n<meta name=\"twitter:label1\" content=\"\u01af\u1edbc t\u00ednh th\u1eddi gian \u0111\u1ecdc\" \/>\n\t<meta name=\"twitter:data1\" content=\"1 ph\u00fat\" \/>\n<script type=\"application\/ld+json\" class=\"yoast-schema-graph\">{\"@context\":\"https:\/\/schema.org\",\"@graph\":[{\"@type\":\"WebPage\",\"@id\":\"https:\/\/linoafashion.com\/product\/tiny-blossom-dress\/\",\"url\":\"https:\/\/linoafashion.com\/product\/tiny-blossom-dress\/\",\"name\":\"Tiny Blossom dress | Linoa Fashion\",\"isPartOf\":{\"@id\":\"https:\/\/linoafashion.com\/#website\"},\"primaryImageOfPage\":{\"@id\":\"https:\/\/linoafashion.com\/product\/tiny-blossom-dress\/#primaryimage\"},\"image\":{\"@id\":\"https:\/\/linoafashion.com\/product\/tiny-blossom-dress\/#primaryimage\"},\"thumbnailUrl\":\"https:\/\/linoafashion.com\/wp-content\/uploads\/2026\/04\/compressed_DSC06845.webp\",\"datePublished\":\"2026-04-08T04:22:56+00:00\",\"dateModified\":\"2026-04-08T08:12:59+00:00\",\"description\":\"Tiny Blossom features a vibrant pink tone, a graceful flared silhouette, and charming floral details, creating a sweet look for little ones on special occasions.\",\"breadcrumb\":{\"@id\":\"https:\/\/linoafashion.com\/product\/tiny-blossom-dress\/#breadcrumb\"},\"inLanguage\":\"vi\",\"potentialAction\":[{\"@type\":\"ReadAction\",\"target\":[\"https:\/\/linoafashion.com\/product\/tiny-blossom-dress\/\"]}]},{\"@type\":\"ImageObject\",\"inLanguage\":\"vi\",\"@id\":\"https:\/\/linoafashion.com\/product\/tiny-blossom-dress\/#primaryimage\",\"url\":\"https:\/\/linoafashion.com\/wp-content\/uploads\/2026\/04\/compressed_DSC06845.webp\",\"contentUrl\":\"https:\/\/linoafashion.com\/wp-content\/uploads\/2026\/04\/compressed_DSC06845.webp\",\"width\":720,\"height\":1080},{\"@type\":\"BreadcrumbList\",\"@id\":\"https:\/\/linoafashion.com\/product\/tiny-blossom-dress\/#breadcrumb\",\"itemListElement\":[{\"@type\":\"ListItem\",\"position\":1,\"name\":\"Home\",\"item\":\"https:\/\/linoafashion.com\/\"},{\"@type\":\"ListItem\",\"position\":2,\"name\":\"Shop\",\"item\":\"https:\/\/linoafashion.com\/shop\/\"},{\"@type\":\"ListItem\",\"position\":3,\"name\":\"Tiny Blossom dress\"}]},{\"@type\":\"WebSite\",\"@id\":\"https:\/\/linoafashion.com\/#website\",\"url\":\"https:\/\/linoafashion.com\/\",\"name\":\"Linoa\",\"description\":\"Premium Linen\",\"potentialAction\":[{\"@type\":\"SearchAction\",\"target\":{\"@type\":\"EntryPoint\",\"urlTemplate\":\"https:\/\/linoafashion.com\/?s={search_term_string}\"},\"query-input\":{\"@type\":\"PropertyValueSpecification\",\"valueRequired\":true,\"valueName\":\"search_term_string\"}}],\"inLanguage\":\"vi\"}]}<\/script>\n<!-- \/ Yoast SEO plugin. -->","yoast_head_json":{"title":"Tiny Blossom dress | Linoa Fashion","description":"Tiny Blossom features a vibrant pink tone, a graceful flared silhouette, and charming floral details, creating a sweet look for little ones on special occasions.","robots":{"index":"index","follow":"follow","max-snippet":"max-snippet:-1","max-image-preview":"max-image-preview:large","max-video-preview":"max-video-preview:-1"},"canonical":"https:\/\/linoafashion.com\/vi\/san-pham\/tiny-blossom-dress\/","og_locale":"vi_VN","og_type":"article","og_title":"Tiny Blossom dress | Linoa Fashion","og_description":"Tiny Blossom features a vibrant pink tone, a graceful flared silhouette, and charming floral details, creating a sweet look for little ones on special occasions.","og_url":"https:\/\/linoafashion.com\/vi\/san-pham\/tiny-blossom-dress\/","og_site_name":"Linoa","article_modified_time":"2026-04-08T08:12:59+00:00","og_image":[{"width":720,"height":1080,"url":"https:\/\/linoafashion.com\/wp-content\/uploads\/2026\/04\/compressed_DSC06845.webp","type":"image\/webp"}],"twitter_card":"summary_large_image","twitter_misc":{"\u01af\u1edbc t\u00ednh th\u1eddi gian \u0111\u1ecdc":"1 ph\u00fat"},"schema":{"@context":"https:\/\/schema.org","@graph":[{"@type":"WebPage","@id":"https:\/\/linoafashion.com\/product\/tiny-blossom-dress\/","url":"https:\/\/linoafashion.com\/product\/tiny-blossom-dress\/","name":"Tiny Blossom dress | Linoa Fashion","isPartOf":{"@id":"https:\/\/linoafashion.com\/#website"},"primaryImageOfPage":{"@id":"https:\/\/linoafashion.com\/product\/tiny-blossom-dress\/#primaryimage"},"image":{"@id":"https:\/\/linoafashion.com\/product\/tiny-blossom-dress\/#primaryimage"},"thumbnailUrl":"https:\/\/linoafashion.com\/wp-content\/uploads\/2026\/04\/compressed_DSC06845.webp","datePublished":"2026-04-08T04:22:56+00:00","dateModified":"2026-04-08T08:12:59+00:00","description":"Tiny Blossom features a vibrant pink tone, a graceful flared silhouette, and charming floral details, creating a sweet look for little ones on special occasions.","breadcrumb":{"@id":"https:\/\/linoafashion.com\/product\/tiny-blossom-dress\/#breadcrumb"},"inLanguage":"vi","potentialAction":[{"@type":"ReadAction","target":["https:\/\/linoafashion.com\/product\/tiny-blossom-dress\/"]}]},{"@type":"ImageObject","inLanguage":"vi","@id":"https:\/\/linoafashion.com\/product\/tiny-blossom-dress\/#primaryimage","url":"https:\/\/linoafashion.com\/wp-content\/uploads\/2026\/04\/compressed_DSC06845.webp","contentUrl":"https:\/\/linoafashion.com\/wp-content\/uploads\/2026\/04\/compressed_DSC06845.webp","width":720,"height":1080},{"@type":"BreadcrumbList","@id":"https:\/\/linoafashion.com\/product\/tiny-blossom-dress\/#breadcrumb","itemListElement":[{"@type":"ListItem","position":1,"name":"Home","item":"https:\/\/linoafashion.com\/"},{"@type":"ListItem","position":2,"name":"Shop","item":"https:\/\/linoafashion.com\/shop\/"},{"@type":"ListItem","position":3,"name":"Tiny Blossom dress"}]},{"@type":"WebSite","@id":"https:\/\/linoafashion.com\/#website","url":"https:\/\/linoafashion.com\/","name":"Linoa","description":"Linen Cao C\u00e1p","potentialAction":[{"@type":"SearchAction","target":{"@type":"EntryPoint","urlTemplate":"https:\/\/linoafashion.com\/?s={search_term_string}"},"query-input":{"@type":"PropertyValueSpecification","valueRequired":true,"valueName":"search_term_string"}}],"inLanguage":"vi"}]}},"_links":{"self":[{"href":"https:\/\/linoafashion.com\/vi\/wp-json\/wp\/v2\/product\/7560","targetHints":{"allow":["GET"]}}],"collection":[{"href":"https:\/\/linoafashion.com\/vi\/wp-json\/wp\/v2\/product"}],"about":[{"href":"https:\/\/linoafashion.com\/vi\/wp-json\/wp\/v2\/types\/product"}],"wp:featuredmedia":[{"embeddable":true,"href":"https:\/\/linoafashion.com\/vi\/wp-json\/wp\/v2\/media\/7567"}],"wp:attachment":[{"href":"https:\/\/linoafashion.com\/vi\/wp-json\/wp\/v2\/media?parent=7560"}],"wp:term":[{"taxonomy":"product_brand","embeddable":true,"href":"https:\/\/linoafashion.com\/vi\/wp-json\/wp\/v2\/product_brand?post=7560"},{"taxonomy":"product_cat","embeddable":true,"href":"https:\/\/linoafashion.com\/vi\/wp-json\/wp\/v2\/product_cat?post=7560"},{"taxonomy":"product_tag","embeddable":true,"href":"https:\/\/linoafashion.com\/vi\/wp-json\/wp\/v2\/product_tag?post=7560"}],"curies":[{"name":"wp","href":"https:\/\/api.w.org\/{rel}","templated":true}]}}