{"id":7606,"date":"2026-04-08T15:03:32","date_gmt":"2026-04-08T08:03:32","guid":{"rendered":"https:\/\/linoafashion.com\/?post_type=product&#038;p=7606"},"modified":"2026-04-08T15:11:41","modified_gmt":"2026-04-08T08:11:41","slug":"bud-bloom-shirt","status":"publish","type":"product","link":"https:\/\/linoafashion.com\/vi\/san-pham\/bud-bloom-shirt\/","title":{"rendered":"\u00c1o Ch\u1ed3i Non"},"content":{"rendered":"","protected":false},"excerpt":{"rendered":"<p>Mang phong c\u00e1ch t\u1ed1i gi\u1ea3n v\u1edbi t\u00f4ng be trung t\u00ednh, thi\u1ebft k\u1ebf tho\u1ea3i m\u00e1i v\u00e0 n\u0103ng \u0111\u1ed9ng. Ch\u1ea5t li\u1ec7u nh\u1eb9, tho\u00e1ng m\u00e1t gi\u00fap b\u00e9 d\u1ec5 d\u00e0ng v\u1eadn \u0111\u1ed9ng v\u00e0 ph\u00f9 h\u1ee3p cho m\u1ecdi ho\u1ea1t \u0111\u1ed9ng h\u1eb1ng ng\u00e0y.<\/p>","protected":false},"featured_media":7607,"template":"","meta":{"_acf_changed":false,"_nectar_blocks_hide_post_title":false,"_nectar_blocks_transparent_header_effect":false,"_nectar_blocks_transparent_header_effect_color":"light","_nectar_blocks_header_animation":false,"_nectar_blocks_header_animation_delay":0,"_nectar_blocks_header_animation_effect":"fade","_nectar_blocks_page_css":"","_nectar_blocks_page_js":""},"product_brand":[],"product_cat":[195],"product_tag":[],"class_list":{"0":"post-7606","1":"product","2":"type-product","3":"status-publish","4":"has-post-thumbnail","6":"product_cat-shirts","8":"first","9":"instock","10":"shipping-taxable","11":"purchasable","12":"product-type-variable"},"acf":[],"yoast_head":"<!-- This site is optimized with the Yoast SEO plugin v26.6 - https:\/\/yoast.com\/wordpress\/plugins\/seo\/ -->\n<title>Bud &amp; Bloom shirt | Linoa Fashion<\/title>\n<meta name=\"description\" content=\"Bud &amp; Bloom set features a neutral beige tone with a relaxed fit and breathable fabric, offering a comfortable and stylish look for everyday wear.\" \/>\n<meta name=\"robots\" content=\"index, follow, max-snippet:-1, max-image-preview:large, max-video-preview:-1\" \/>\n<link rel=\"canonical\" href=\"https:\/\/linoafashion.com\/vi\/san-pham\/bud-bloom-shirt\/\" \/>\n<meta property=\"og:locale\" content=\"vi_VN\" \/>\n<meta property=\"og:type\" content=\"article\" \/>\n<meta property=\"og:title\" content=\"Bud &amp; Bloom shirt | Linoa Fashion\" \/>\n<meta property=\"og:description\" content=\"Bud &amp; Bloom set features a neutral beige tone with a relaxed fit and breathable fabric, offering a comfortable and stylish look for everyday wear.\" \/>\n<meta property=\"og:url\" content=\"https:\/\/linoafashion.com\/vi\/san-pham\/bud-bloom-shirt\/\" \/>\n<meta property=\"og:site_name\" content=\"Linoa\" \/>\n<meta property=\"article:modified_time\" content=\"2026-04-08T08:11:41+00:00\" \/>\n<meta property=\"og:image\" content=\"https:\/\/linoafashion.com\/wp-content\/uploads\/2026\/04\/compressed_DSC01899.webp\" \/>\n\t<meta property=\"og:image:width\" content=\"720\" \/>\n\t<meta property=\"og:image:height\" content=\"1080\" \/>\n\t<meta property=\"og:image:type\" content=\"image\/webp\" \/>\n<meta name=\"twitter:card\" content=\"summary_large_image\" \/>\n<meta name=\"twitter:label1\" content=\"\u01af\u1edbc t\u00ednh th\u1eddi gian \u0111\u1ecdc\" \/>\n\t<meta name=\"twitter:data1\" content=\"1 ph\u00fat\" \/>\n<script type=\"application\/ld+json\" class=\"yoast-schema-graph\">{\"@context\":\"https:\/\/schema.org\",\"@graph\":[{\"@type\":\"WebPage\",\"@id\":\"https:\/\/linoafashion.com\/product\/bud-bloom-shirt\/\",\"url\":\"https:\/\/linoafashion.com\/product\/bud-bloom-shirt\/\",\"name\":\"Bud &amp; Bloom shirt | Linoa Fashion\",\"isPartOf\":{\"@id\":\"https:\/\/linoafashion.com\/#website\"},\"primaryImageOfPage\":{\"@id\":\"https:\/\/linoafashion.com\/product\/bud-bloom-shirt\/#primaryimage\"},\"image\":{\"@id\":\"https:\/\/linoafashion.com\/product\/bud-bloom-shirt\/#primaryimage\"},\"thumbnailUrl\":\"https:\/\/linoafashion.com\/wp-content\/uploads\/2026\/04\/compressed_DSC01899.webp\",\"datePublished\":\"2026-04-08T08:03:32+00:00\",\"dateModified\":\"2026-04-08T08:11:41+00:00\",\"description\":\"Bud & Bloom set features a neutral beige tone with a relaxed fit and breathable fabric, offering a comfortable and stylish look for everyday wear.\",\"breadcrumb\":{\"@id\":\"https:\/\/linoafashion.com\/product\/bud-bloom-shirt\/#breadcrumb\"},\"inLanguage\":\"vi\",\"potentialAction\":[{\"@type\":\"ReadAction\",\"target\":[\"https:\/\/linoafashion.com\/product\/bud-bloom-shirt\/\"]}]},{\"@type\":\"ImageObject\",\"inLanguage\":\"vi\",\"@id\":\"https:\/\/linoafashion.com\/product\/bud-bloom-shirt\/#primaryimage\",\"url\":\"https:\/\/linoafashion.com\/wp-content\/uploads\/2026\/04\/compressed_DSC01899.webp\",\"contentUrl\":\"https:\/\/linoafashion.com\/wp-content\/uploads\/2026\/04\/compressed_DSC01899.webp\",\"width\":720,\"height\":1080},{\"@type\":\"BreadcrumbList\",\"@id\":\"https:\/\/linoafashion.com\/product\/bud-bloom-shirt\/#breadcrumb\",\"itemListElement\":[{\"@type\":\"ListItem\",\"position\":1,\"name\":\"Home\",\"item\":\"https:\/\/linoafashion.com\/\"},{\"@type\":\"ListItem\",\"position\":2,\"name\":\"Shop\",\"item\":\"https:\/\/linoafashion.com\/shop\/\"},{\"@type\":\"ListItem\",\"position\":3,\"name\":\"Bud &amp; Bloom shirt\"}]},{\"@type\":\"WebSite\",\"@id\":\"https:\/\/linoafashion.com\/#website\",\"url\":\"https:\/\/linoafashion.com\/\",\"name\":\"Linoa\",\"description\":\"Premium Linen\",\"potentialAction\":[{\"@type\":\"SearchAction\",\"target\":{\"@type\":\"EntryPoint\",\"urlTemplate\":\"https:\/\/linoafashion.com\/?s={search_term_string}\"},\"query-input\":{\"@type\":\"PropertyValueSpecification\",\"valueRequired\":true,\"valueName\":\"search_term_string\"}}],\"inLanguage\":\"vi\"}]}<\/script>\n<!-- \/ Yoast SEO plugin. -->","yoast_head_json":{"title":"Bud &amp; Bloom shirt | Linoa Fashion","description":"Bud & Bloom set features a neutral beige tone with a relaxed fit and breathable fabric, offering a comfortable and stylish look for everyday wear.","robots":{"index":"index","follow":"follow","max-snippet":"max-snippet:-1","max-image-preview":"max-image-preview:large","max-video-preview":"max-video-preview:-1"},"canonical":"https:\/\/linoafashion.com\/vi\/san-pham\/bud-bloom-shirt\/","og_locale":"vi_VN","og_type":"article","og_title":"Bud &amp; Bloom shirt | Linoa Fashion","og_description":"Bud & Bloom set features a neutral beige tone with a relaxed fit and breathable fabric, offering a comfortable and stylish look for everyday wear.","og_url":"https:\/\/linoafashion.com\/vi\/san-pham\/bud-bloom-shirt\/","og_site_name":"Linoa","article_modified_time":"2026-04-08T08:11:41+00:00","og_image":[{"width":720,"height":1080,"url":"https:\/\/linoafashion.com\/wp-content\/uploads\/2026\/04\/compressed_DSC01899.webp","type":"image\/webp"}],"twitter_card":"summary_large_image","twitter_misc":{"\u01af\u1edbc t\u00ednh th\u1eddi gian \u0111\u1ecdc":"1 ph\u00fat"},"schema":{"@context":"https:\/\/schema.org","@graph":[{"@type":"WebPage","@id":"https:\/\/linoafashion.com\/product\/bud-bloom-shirt\/","url":"https:\/\/linoafashion.com\/product\/bud-bloom-shirt\/","name":"Bud &amp; Bloom shirt | Linoa Fashion","isPartOf":{"@id":"https:\/\/linoafashion.com\/#website"},"primaryImageOfPage":{"@id":"https:\/\/linoafashion.com\/product\/bud-bloom-shirt\/#primaryimage"},"image":{"@id":"https:\/\/linoafashion.com\/product\/bud-bloom-shirt\/#primaryimage"},"thumbnailUrl":"https:\/\/linoafashion.com\/wp-content\/uploads\/2026\/04\/compressed_DSC01899.webp","datePublished":"2026-04-08T08:03:32+00:00","dateModified":"2026-04-08T08:11:41+00:00","description":"Bud & Bloom set features a neutral beige tone with a relaxed fit and breathable fabric, offering a comfortable and stylish look for everyday wear.","breadcrumb":{"@id":"https:\/\/linoafashion.com\/product\/bud-bloom-shirt\/#breadcrumb"},"inLanguage":"vi","potentialAction":[{"@type":"ReadAction","target":["https:\/\/linoafashion.com\/product\/bud-bloom-shirt\/"]}]},{"@type":"ImageObject","inLanguage":"vi","@id":"https:\/\/linoafashion.com\/product\/bud-bloom-shirt\/#primaryimage","url":"https:\/\/linoafashion.com\/wp-content\/uploads\/2026\/04\/compressed_DSC01899.webp","contentUrl":"https:\/\/linoafashion.com\/wp-content\/uploads\/2026\/04\/compressed_DSC01899.webp","width":720,"height":1080},{"@type":"BreadcrumbList","@id":"https:\/\/linoafashion.com\/product\/bud-bloom-shirt\/#breadcrumb","itemListElement":[{"@type":"ListItem","position":1,"name":"Home","item":"https:\/\/linoafashion.com\/"},{"@type":"ListItem","position":2,"name":"Shop","item":"https:\/\/linoafashion.com\/shop\/"},{"@type":"ListItem","position":3,"name":"Bud &amp; Bloom shirt"}]},{"@type":"WebSite","@id":"https:\/\/linoafashion.com\/#website","url":"https:\/\/linoafashion.com\/","name":"Linoa","description":"Linen Cao C\u00e1p","potentialAction":[{"@type":"SearchAction","target":{"@type":"EntryPoint","urlTemplate":"https:\/\/linoafashion.com\/?s={search_term_string}"},"query-input":{"@type":"PropertyValueSpecification","valueRequired":true,"valueName":"search_term_string"}}],"inLanguage":"vi"}]}},"_links":{"self":[{"href":"https:\/\/linoafashion.com\/vi\/wp-json\/wp\/v2\/product\/7606","targetHints":{"allow":["GET"]}}],"collection":[{"href":"https:\/\/linoafashion.com\/vi\/wp-json\/wp\/v2\/product"}],"about":[{"href":"https:\/\/linoafashion.com\/vi\/wp-json\/wp\/v2\/types\/product"}],"wp:featuredmedia":[{"embeddable":true,"href":"https:\/\/linoafashion.com\/vi\/wp-json\/wp\/v2\/media\/7607"}],"wp:attachment":[{"href":"https:\/\/linoafashion.com\/vi\/wp-json\/wp\/v2\/media?parent=7606"}],"wp:term":[{"taxonomy":"product_brand","embeddable":true,"href":"https:\/\/linoafashion.com\/vi\/wp-json\/wp\/v2\/product_brand?post=7606"},{"taxonomy":"product_cat","embeddable":true,"href":"https:\/\/linoafashion.com\/vi\/wp-json\/wp\/v2\/product_cat?post=7606"},{"taxonomy":"product_tag","embeddable":true,"href":"https:\/\/linoafashion.com\/vi\/wp-json\/wp\/v2\/product_tag?post=7606"}],"curies":[{"name":"wp","href":"https:\/\/api.w.org\/{rel}","templated":true}]}}