{"id":7711,"date":"2026-04-10T00:39:27","date_gmt":"2026-04-09T17:39:27","guid":{"rendered":"https:\/\/linoafashion.com\/?post_type=product&#038;p=7711"},"modified":"2026-04-10T00:39:29","modified_gmt":"2026-04-09T17:39:29","slug":"scarlet-begonia-dress","status":"publish","type":"product","link":"https:\/\/linoafashion.com\/vi\/san-pham\/scarlet-begonia-dress\/","title":{"rendered":"\u0110\u1ea7m H\u1ea3i \u0110\u01b0\u1eddng nh\u1ecf"},"content":{"rendered":"","protected":false},"excerpt":{"rendered":"<p>N\u1ed5i b\u1eadt v\u1edbi s\u1eafc \u0111\u1ecf s\u00e2u quy\u1ebfn r\u0169, thi\u1ebft k\u1ebf d\u00e1ng su\u00f4ng nh\u1eb9 nh\u00e0ng c\u00f9ng chi ti\u1ebft hoa tinh t\u1ebf. Mang \u0111\u1ebfn v\u1ebb ngo\u00e0i thanh l\u1ecbch, \u0111\u00e1ng y\u00eau v\u00e0 \u0111\u1ea7y cu\u1ed1n h\u00fat cho b\u00e9.<\/p>","protected":false},"featured_media":7715,"template":"","meta":{"_acf_changed":false,"_nectar_blocks_hide_post_title":false,"_nectar_blocks_transparent_header_effect":false,"_nectar_blocks_transparent_header_effect_color":"light","_nectar_blocks_header_animation":false,"_nectar_blocks_header_animation_delay":0,"_nectar_blocks_header_animation_effect":"fade","_nectar_blocks_page_css":"","_nectar_blocks_page_js":""},"product_brand":[],"product_cat":[198],"product_tag":[],"class_list":{"0":"post-7711","1":"product","2":"type-product","3":"status-publish","4":"has-post-thumbnail","6":"product_cat-dresses","8":"first","9":"instock","10":"shipping-taxable","11":"purchasable","12":"product-type-variable"},"acf":[],"yoast_head":"<!-- This site is optimized with the Yoast SEO plugin v26.6 - https:\/\/yoast.com\/wordpress\/plugins\/seo\/ -->\n<title>Scarlet Begonia dress | Linoa Fashion<\/title>\n<meta name=\"description\" content=\"Scarlet Begonia features a deep red tone with a soft silhouette and floral details, creating an elegant and charming look for special occasions.\" \/>\n<meta name=\"robots\" content=\"index, follow, max-snippet:-1, max-image-preview:large, max-video-preview:-1\" \/>\n<link rel=\"canonical\" href=\"https:\/\/linoafashion.com\/vi\/san-pham\/scarlet-begonia-dress\/\" \/>\n<meta property=\"og:locale\" content=\"vi_VN\" \/>\n<meta property=\"og:type\" content=\"article\" \/>\n<meta property=\"og:title\" content=\"Scarlet Begonia dress | Linoa Fashion\" \/>\n<meta property=\"og:description\" content=\"Scarlet Begonia features a deep red tone with a soft silhouette and floral details, creating an elegant and charming look for special occasions.\" \/>\n<meta property=\"og:url\" content=\"https:\/\/linoafashion.com\/vi\/san-pham\/scarlet-begonia-dress\/\" \/>\n<meta property=\"og:site_name\" content=\"Linoa\" \/>\n<meta property=\"article:modified_time\" content=\"2026-04-09T17:39:29+00:00\" \/>\n<meta property=\"og:image\" content=\"https:\/\/linoafashion.com\/wp-content\/uploads\/2026\/04\/compressed_DSC06721.webp\" \/>\n\t<meta property=\"og:image:width\" content=\"720\" \/>\n\t<meta property=\"og:image:height\" content=\"1080\" \/>\n\t<meta property=\"og:image:type\" content=\"image\/webp\" \/>\n<meta name=\"twitter:card\" content=\"summary_large_image\" \/>\n<meta name=\"twitter:label1\" content=\"\u01af\u1edbc t\u00ednh th\u1eddi gian \u0111\u1ecdc\" \/>\n\t<meta name=\"twitter:data1\" content=\"1 ph\u00fat\" \/>\n<script type=\"application\/ld+json\" class=\"yoast-schema-graph\">{\"@context\":\"https:\/\/schema.org\",\"@graph\":[{\"@type\":\"WebPage\",\"@id\":\"https:\/\/linoafashion.com\/product\/scarlet-begonia-dress\/\",\"url\":\"https:\/\/linoafashion.com\/product\/scarlet-begonia-dress\/\",\"name\":\"Scarlet Begonia dress | Linoa Fashion\",\"isPartOf\":{\"@id\":\"https:\/\/linoafashion.com\/#website\"},\"primaryImageOfPage\":{\"@id\":\"https:\/\/linoafashion.com\/product\/scarlet-begonia-dress\/#primaryimage\"},\"image\":{\"@id\":\"https:\/\/linoafashion.com\/product\/scarlet-begonia-dress\/#primaryimage\"},\"thumbnailUrl\":\"https:\/\/linoafashion.com\/wp-content\/uploads\/2026\/04\/compressed_DSC06721.webp\",\"datePublished\":\"2026-04-09T17:39:27+00:00\",\"dateModified\":\"2026-04-09T17:39:29+00:00\",\"description\":\"Scarlet Begonia features a deep red tone with a soft silhouette and floral details, creating an elegant and charming look for special occasions.\",\"breadcrumb\":{\"@id\":\"https:\/\/linoafashion.com\/product\/scarlet-begonia-dress\/#breadcrumb\"},\"inLanguage\":\"vi\",\"potentialAction\":[{\"@type\":\"ReadAction\",\"target\":[\"https:\/\/linoafashion.com\/product\/scarlet-begonia-dress\/\"]}]},{\"@type\":\"ImageObject\",\"inLanguage\":\"vi\",\"@id\":\"https:\/\/linoafashion.com\/product\/scarlet-begonia-dress\/#primaryimage\",\"url\":\"https:\/\/linoafashion.com\/wp-content\/uploads\/2026\/04\/compressed_DSC06721.webp\",\"contentUrl\":\"https:\/\/linoafashion.com\/wp-content\/uploads\/2026\/04\/compressed_DSC06721.webp\",\"width\":720,\"height\":1080},{\"@type\":\"BreadcrumbList\",\"@id\":\"https:\/\/linoafashion.com\/product\/scarlet-begonia-dress\/#breadcrumb\",\"itemListElement\":[{\"@type\":\"ListItem\",\"position\":1,\"name\":\"Home\",\"item\":\"https:\/\/linoafashion.com\/\"},{\"@type\":\"ListItem\",\"position\":2,\"name\":\"Shop\",\"item\":\"https:\/\/linoafashion.com\/shop\/\"},{\"@type\":\"ListItem\",\"position\":3,\"name\":\"Scarlet Begonia dress\"}]},{\"@type\":\"WebSite\",\"@id\":\"https:\/\/linoafashion.com\/#website\",\"url\":\"https:\/\/linoafashion.com\/\",\"name\":\"Linoa\",\"description\":\"Premium Linen\",\"potentialAction\":[{\"@type\":\"SearchAction\",\"target\":{\"@type\":\"EntryPoint\",\"urlTemplate\":\"https:\/\/linoafashion.com\/?s={search_term_string}\"},\"query-input\":{\"@type\":\"PropertyValueSpecification\",\"valueRequired\":true,\"valueName\":\"search_term_string\"}}],\"inLanguage\":\"vi\"}]}<\/script>\n<!-- \/ Yoast SEO plugin. -->","yoast_head_json":{"title":"Scarlet Begonia dress | Linoa Fashion","description":"Scarlet Begonia features a deep red tone with a soft silhouette and floral details, creating an elegant and charming look for special occasions.","robots":{"index":"index","follow":"follow","max-snippet":"max-snippet:-1","max-image-preview":"max-image-preview:large","max-video-preview":"max-video-preview:-1"},"canonical":"https:\/\/linoafashion.com\/vi\/san-pham\/scarlet-begonia-dress\/","og_locale":"vi_VN","og_type":"article","og_title":"Scarlet Begonia dress | Linoa Fashion","og_description":"Scarlet Begonia features a deep red tone with a soft silhouette and floral details, creating an elegant and charming look for special occasions.","og_url":"https:\/\/linoafashion.com\/vi\/san-pham\/scarlet-begonia-dress\/","og_site_name":"Linoa","article_modified_time":"2026-04-09T17:39:29+00:00","og_image":[{"width":720,"height":1080,"url":"https:\/\/linoafashion.com\/wp-content\/uploads\/2026\/04\/compressed_DSC06721.webp","type":"image\/webp"}],"twitter_card":"summary_large_image","twitter_misc":{"\u01af\u1edbc t\u00ednh th\u1eddi gian \u0111\u1ecdc":"1 ph\u00fat"},"schema":{"@context":"https:\/\/schema.org","@graph":[{"@type":"WebPage","@id":"https:\/\/linoafashion.com\/product\/scarlet-begonia-dress\/","url":"https:\/\/linoafashion.com\/product\/scarlet-begonia-dress\/","name":"Scarlet Begonia dress | Linoa Fashion","isPartOf":{"@id":"https:\/\/linoafashion.com\/#website"},"primaryImageOfPage":{"@id":"https:\/\/linoafashion.com\/product\/scarlet-begonia-dress\/#primaryimage"},"image":{"@id":"https:\/\/linoafashion.com\/product\/scarlet-begonia-dress\/#primaryimage"},"thumbnailUrl":"https:\/\/linoafashion.com\/wp-content\/uploads\/2026\/04\/compressed_DSC06721.webp","datePublished":"2026-04-09T17:39:27+00:00","dateModified":"2026-04-09T17:39:29+00:00","description":"Scarlet Begonia features a deep red tone with a soft silhouette and floral details, creating an elegant and charming look for special occasions.","breadcrumb":{"@id":"https:\/\/linoafashion.com\/product\/scarlet-begonia-dress\/#breadcrumb"},"inLanguage":"vi","potentialAction":[{"@type":"ReadAction","target":["https:\/\/linoafashion.com\/product\/scarlet-begonia-dress\/"]}]},{"@type":"ImageObject","inLanguage":"vi","@id":"https:\/\/linoafashion.com\/product\/scarlet-begonia-dress\/#primaryimage","url":"https:\/\/linoafashion.com\/wp-content\/uploads\/2026\/04\/compressed_DSC06721.webp","contentUrl":"https:\/\/linoafashion.com\/wp-content\/uploads\/2026\/04\/compressed_DSC06721.webp","width":720,"height":1080},{"@type":"BreadcrumbList","@id":"https:\/\/linoafashion.com\/product\/scarlet-begonia-dress\/#breadcrumb","itemListElement":[{"@type":"ListItem","position":1,"name":"Home","item":"https:\/\/linoafashion.com\/"},{"@type":"ListItem","position":2,"name":"Shop","item":"https:\/\/linoafashion.com\/shop\/"},{"@type":"ListItem","position":3,"name":"Scarlet Begonia dress"}]},{"@type":"WebSite","@id":"https:\/\/linoafashion.com\/#website","url":"https:\/\/linoafashion.com\/","name":"Linoa","description":"Linen Cao C\u00e1p","potentialAction":[{"@type":"SearchAction","target":{"@type":"EntryPoint","urlTemplate":"https:\/\/linoafashion.com\/?s={search_term_string}"},"query-input":{"@type":"PropertyValueSpecification","valueRequired":true,"valueName":"search_term_string"}}],"inLanguage":"vi"}]}},"_links":{"self":[{"href":"https:\/\/linoafashion.com\/vi\/wp-json\/wp\/v2\/product\/7711","targetHints":{"allow":["GET"]}}],"collection":[{"href":"https:\/\/linoafashion.com\/vi\/wp-json\/wp\/v2\/product"}],"about":[{"href":"https:\/\/linoafashion.com\/vi\/wp-json\/wp\/v2\/types\/product"}],"wp:featuredmedia":[{"embeddable":true,"href":"https:\/\/linoafashion.com\/vi\/wp-json\/wp\/v2\/media\/7715"}],"wp:attachment":[{"href":"https:\/\/linoafashion.com\/vi\/wp-json\/wp\/v2\/media?parent=7711"}],"wp:term":[{"taxonomy":"product_brand","embeddable":true,"href":"https:\/\/linoafashion.com\/vi\/wp-json\/wp\/v2\/product_brand?post=7711"},{"taxonomy":"product_cat","embeddable":true,"href":"https:\/\/linoafashion.com\/vi\/wp-json\/wp\/v2\/product_cat?post=7711"},{"taxonomy":"product_tag","embeddable":true,"href":"https:\/\/linoafashion.com\/vi\/wp-json\/wp\/v2\/product_tag?post=7711"}],"curies":[{"name":"wp","href":"https:\/\/api.w.org\/{rel}","templated":true}]}}