{"id":7721,"date":"2026-04-10T00:54:48","date_gmt":"2026-04-09T17:54:48","guid":{"rendered":"https:\/\/linoafashion.com\/?post_type=product&#038;p=7721"},"modified":"2026-04-10T00:54:50","modified_gmt":"2026-04-09T17:54:50","slug":"cotton-candy-dress","status":"publish","type":"product","link":"https:\/\/linoafashion.com\/vi\/san-pham\/cotton-candy-dress\/","title":{"rendered":"\u0110\u1ea7m K\u1eb9o m\u00e2y"},"content":{"rendered":"","protected":false},"excerpt":{"rendered":"<p>Mang s\u1eafc v\u00e0ng kem d\u1ecbu nh\u1eb9, thi\u1ebft k\u1ebf b\u00e8o t\u1ea7ng m\u1ec1m m\u1ea1i t\u1ea1o v\u1ebb ngo\u00e0i ng\u1ecdt ng\u00e0o v\u00e0 \u0111\u00e1ng y\u00eau. Ph\u00f9 h\u1ee3p cho nh\u1eefng ng\u00e0y d\u1ea1o ch\u01a1i hay d\u1ecbp \u0111\u1eb7c bi\u1ec7t c\u1ee7a b\u00e9.<\/p>","protected":false},"featured_media":7725,"template":"","meta":{"_acf_changed":false,"_nectar_blocks_hide_post_title":false,"_nectar_blocks_transparent_header_effect":false,"_nectar_blocks_transparent_header_effect_color":"light","_nectar_blocks_header_animation":false,"_nectar_blocks_header_animation_delay":0,"_nectar_blocks_header_animation_effect":"fade","_nectar_blocks_page_css":"","_nectar_blocks_page_js":""},"product_brand":[],"product_cat":[198],"product_tag":[],"class_list":{"0":"post-7721","1":"product","2":"type-product","3":"status-publish","4":"has-post-thumbnail","6":"product_cat-dresses","8":"first","9":"instock","10":"shipping-taxable","11":"purchasable","12":"product-type-variable"},"acf":[],"yoast_head":"<!-- This site is optimized with the Yoast SEO plugin v26.6 - https:\/\/yoast.com\/wordpress\/plugins\/seo\/ -->\n<title>Cotton Candy dress | Linoa Fashion<\/title>\n<meta name=\"description\" content=\"Cotton Candy features a soft creamy yellow tone with ruffled layers, offering a sweet, light, and charming look for little ones\" \/>\n<meta name=\"robots\" content=\"index, follow, max-snippet:-1, max-image-preview:large, max-video-preview:-1\" \/>\n<link rel=\"canonical\" href=\"https:\/\/linoafashion.com\/vi\/san-pham\/cotton-candy-dress\/\" \/>\n<meta property=\"og:locale\" content=\"vi_VN\" \/>\n<meta property=\"og:type\" content=\"article\" \/>\n<meta property=\"og:title\" content=\"Cotton Candy dress | Linoa Fashion\" \/>\n<meta property=\"og:description\" content=\"Cotton Candy features a soft creamy yellow tone with ruffled layers, offering a sweet, light, and charming look for little ones\" \/>\n<meta property=\"og:url\" content=\"https:\/\/linoafashion.com\/vi\/san-pham\/cotton-candy-dress\/\" \/>\n<meta property=\"og:site_name\" content=\"Linoa\" \/>\n<meta property=\"article:modified_time\" content=\"2026-04-09T17:54:50+00:00\" \/>\n<meta property=\"og:image\" content=\"https:\/\/linoafashion.com\/wp-content\/uploads\/2026\/04\/compressed_DSC06506.webp\" \/>\n\t<meta property=\"og:image:width\" content=\"720\" \/>\n\t<meta property=\"og:image:height\" content=\"1080\" \/>\n\t<meta property=\"og:image:type\" content=\"image\/webp\" \/>\n<meta name=\"twitter:card\" content=\"summary_large_image\" \/>\n<meta name=\"twitter:label1\" content=\"\u01af\u1edbc t\u00ednh th\u1eddi gian \u0111\u1ecdc\" \/>\n\t<meta name=\"twitter:data1\" content=\"1 ph\u00fat\" \/>\n<script type=\"application\/ld+json\" class=\"yoast-schema-graph\">{\"@context\":\"https:\/\/schema.org\",\"@graph\":[{\"@type\":\"WebPage\",\"@id\":\"https:\/\/linoafashion.com\/product\/cotton-candy-dress\/\",\"url\":\"https:\/\/linoafashion.com\/product\/cotton-candy-dress\/\",\"name\":\"Cotton Candy dress | Linoa Fashion\",\"isPartOf\":{\"@id\":\"https:\/\/linoafashion.com\/#website\"},\"primaryImageOfPage\":{\"@id\":\"https:\/\/linoafashion.com\/product\/cotton-candy-dress\/#primaryimage\"},\"image\":{\"@id\":\"https:\/\/linoafashion.com\/product\/cotton-candy-dress\/#primaryimage\"},\"thumbnailUrl\":\"https:\/\/linoafashion.com\/wp-content\/uploads\/2026\/04\/compressed_DSC06506.webp\",\"datePublished\":\"2026-04-09T17:54:48+00:00\",\"dateModified\":\"2026-04-09T17:54:50+00:00\",\"description\":\"Cotton Candy features a soft creamy yellow tone with ruffled layers, offering a sweet, light, and charming look for little ones\",\"breadcrumb\":{\"@id\":\"https:\/\/linoafashion.com\/product\/cotton-candy-dress\/#breadcrumb\"},\"inLanguage\":\"vi\",\"potentialAction\":[{\"@type\":\"ReadAction\",\"target\":[\"https:\/\/linoafashion.com\/product\/cotton-candy-dress\/\"]}]},{\"@type\":\"ImageObject\",\"inLanguage\":\"vi\",\"@id\":\"https:\/\/linoafashion.com\/product\/cotton-candy-dress\/#primaryimage\",\"url\":\"https:\/\/linoafashion.com\/wp-content\/uploads\/2026\/04\/compressed_DSC06506.webp\",\"contentUrl\":\"https:\/\/linoafashion.com\/wp-content\/uploads\/2026\/04\/compressed_DSC06506.webp\",\"width\":720,\"height\":1080},{\"@type\":\"BreadcrumbList\",\"@id\":\"https:\/\/linoafashion.com\/product\/cotton-candy-dress\/#breadcrumb\",\"itemListElement\":[{\"@type\":\"ListItem\",\"position\":1,\"name\":\"Home\",\"item\":\"https:\/\/linoafashion.com\/\"},{\"@type\":\"ListItem\",\"position\":2,\"name\":\"Shop\",\"item\":\"https:\/\/linoafashion.com\/shop\/\"},{\"@type\":\"ListItem\",\"position\":3,\"name\":\"Cotton Candy dress\"}]},{\"@type\":\"WebSite\",\"@id\":\"https:\/\/linoafashion.com\/#website\",\"url\":\"https:\/\/linoafashion.com\/\",\"name\":\"Linoa\",\"description\":\"Premium Linen\",\"potentialAction\":[{\"@type\":\"SearchAction\",\"target\":{\"@type\":\"EntryPoint\",\"urlTemplate\":\"https:\/\/linoafashion.com\/?s={search_term_string}\"},\"query-input\":{\"@type\":\"PropertyValueSpecification\",\"valueRequired\":true,\"valueName\":\"search_term_string\"}}],\"inLanguage\":\"vi\"}]}<\/script>\n<!-- \/ Yoast SEO plugin. -->","yoast_head_json":{"title":"Cotton Candy dress | Linoa Fashion","description":"Cotton Candy features a soft creamy yellow tone with ruffled layers, offering a sweet, light, and charming look for little ones","robots":{"index":"index","follow":"follow","max-snippet":"max-snippet:-1","max-image-preview":"max-image-preview:large","max-video-preview":"max-video-preview:-1"},"canonical":"https:\/\/linoafashion.com\/vi\/san-pham\/cotton-candy-dress\/","og_locale":"vi_VN","og_type":"article","og_title":"Cotton Candy dress | Linoa Fashion","og_description":"Cotton Candy features a soft creamy yellow tone with ruffled layers, offering a sweet, light, and charming look for little ones","og_url":"https:\/\/linoafashion.com\/vi\/san-pham\/cotton-candy-dress\/","og_site_name":"Linoa","article_modified_time":"2026-04-09T17:54:50+00:00","og_image":[{"width":720,"height":1080,"url":"https:\/\/linoafashion.com\/wp-content\/uploads\/2026\/04\/compressed_DSC06506.webp","type":"image\/webp"}],"twitter_card":"summary_large_image","twitter_misc":{"\u01af\u1edbc t\u00ednh th\u1eddi gian \u0111\u1ecdc":"1 ph\u00fat"},"schema":{"@context":"https:\/\/schema.org","@graph":[{"@type":"WebPage","@id":"https:\/\/linoafashion.com\/product\/cotton-candy-dress\/","url":"https:\/\/linoafashion.com\/product\/cotton-candy-dress\/","name":"Cotton Candy dress | Linoa Fashion","isPartOf":{"@id":"https:\/\/linoafashion.com\/#website"},"primaryImageOfPage":{"@id":"https:\/\/linoafashion.com\/product\/cotton-candy-dress\/#primaryimage"},"image":{"@id":"https:\/\/linoafashion.com\/product\/cotton-candy-dress\/#primaryimage"},"thumbnailUrl":"https:\/\/linoafashion.com\/wp-content\/uploads\/2026\/04\/compressed_DSC06506.webp","datePublished":"2026-04-09T17:54:48+00:00","dateModified":"2026-04-09T17:54:50+00:00","description":"Cotton Candy features a soft creamy yellow tone with ruffled layers, offering a sweet, light, and charming look for little ones","breadcrumb":{"@id":"https:\/\/linoafashion.com\/product\/cotton-candy-dress\/#breadcrumb"},"inLanguage":"vi","potentialAction":[{"@type":"ReadAction","target":["https:\/\/linoafashion.com\/product\/cotton-candy-dress\/"]}]},{"@type":"ImageObject","inLanguage":"vi","@id":"https:\/\/linoafashion.com\/product\/cotton-candy-dress\/#primaryimage","url":"https:\/\/linoafashion.com\/wp-content\/uploads\/2026\/04\/compressed_DSC06506.webp","contentUrl":"https:\/\/linoafashion.com\/wp-content\/uploads\/2026\/04\/compressed_DSC06506.webp","width":720,"height":1080},{"@type":"BreadcrumbList","@id":"https:\/\/linoafashion.com\/product\/cotton-candy-dress\/#breadcrumb","itemListElement":[{"@type":"ListItem","position":1,"name":"Home","item":"https:\/\/linoafashion.com\/"},{"@type":"ListItem","position":2,"name":"Shop","item":"https:\/\/linoafashion.com\/shop\/"},{"@type":"ListItem","position":3,"name":"Cotton Candy dress"}]},{"@type":"WebSite","@id":"https:\/\/linoafashion.com\/#website","url":"https:\/\/linoafashion.com\/","name":"Linoa","description":"Linen Cao C\u00e1p","potentialAction":[{"@type":"SearchAction","target":{"@type":"EntryPoint","urlTemplate":"https:\/\/linoafashion.com\/?s={search_term_string}"},"query-input":{"@type":"PropertyValueSpecification","valueRequired":true,"valueName":"search_term_string"}}],"inLanguage":"vi"}]}},"_links":{"self":[{"href":"https:\/\/linoafashion.com\/vi\/wp-json\/wp\/v2\/product\/7721","targetHints":{"allow":["GET"]}}],"collection":[{"href":"https:\/\/linoafashion.com\/vi\/wp-json\/wp\/v2\/product"}],"about":[{"href":"https:\/\/linoafashion.com\/vi\/wp-json\/wp\/v2\/types\/product"}],"wp:featuredmedia":[{"embeddable":true,"href":"https:\/\/linoafashion.com\/vi\/wp-json\/wp\/v2\/media\/7725"}],"wp:attachment":[{"href":"https:\/\/linoafashion.com\/vi\/wp-json\/wp\/v2\/media?parent=7721"}],"wp:term":[{"taxonomy":"product_brand","embeddable":true,"href":"https:\/\/linoafashion.com\/vi\/wp-json\/wp\/v2\/product_brand?post=7721"},{"taxonomy":"product_cat","embeddable":true,"href":"https:\/\/linoafashion.com\/vi\/wp-json\/wp\/v2\/product_cat?post=7721"},{"taxonomy":"product_tag","embeddable":true,"href":"https:\/\/linoafashion.com\/vi\/wp-json\/wp\/v2\/product_tag?post=7721"}],"curies":[{"name":"wp","href":"https:\/\/api.w.org\/{rel}","templated":true}]}}