{"id":7740,"date":"2026-04-10T01:20:35","date_gmt":"2026-04-09T18:20:35","guid":{"rendered":"https:\/\/linoafashion.com\/?post_type=product&#038;p=7740"},"modified":"2026-04-10T01:20:36","modified_gmt":"2026-04-09T18:20:36","slug":"daffodil-dress","status":"publish","type":"product","link":"https:\/\/linoafashion.com\/vi\/san-pham\/daffodil-dress\/","title":{"rendered":"\u0110\u1ea7m Thu\u1ef7 Ti\u00ean"},"content":{"rendered":"","protected":false},"excerpt":{"rendered":"<p>Mang s\u1eafc be nh\u1eb9 nh\u00e0ng v\u1edbi thi\u1ebft k\u1ebf d\u00e1ng d\u00e0i t\u1ed1i gi\u1ea3n, t\u1ea1o c\u1ea3m gi\u00e1c thanh tho\u00e1t v\u00e0 tinh t\u1ebf. Phom v\u00e1y su\u00f4ng m\u1ec1m m\u1ea1i gi\u00fap t\u00f4n l\u00ean v\u1ebb n\u1eef t\u00ednh v\u00e0 tho\u1ea3i m\u00e1i trong m\u1ecdi chuy\u1ec3n \u0111\u1ed9ng.<\/p>","protected":false},"featured_media":7743,"template":"","meta":{"_acf_changed":false,"_nectar_blocks_hide_post_title":false,"_nectar_blocks_transparent_header_effect":false,"_nectar_blocks_transparent_header_effect_color":"light","_nectar_blocks_header_animation":false,"_nectar_blocks_header_animation_delay":0,"_nectar_blocks_header_animation_effect":"fade","_nectar_blocks_page_css":"","_nectar_blocks_page_js":""},"product_brand":[],"product_cat":[198],"product_tag":[],"class_list":{"0":"post-7740","1":"product","2":"type-product","3":"status-publish","4":"has-post-thumbnail","6":"product_cat-dresses","8":"first","9":"instock","10":"shipping-taxable","11":"purchasable","12":"product-type-variable"},"acf":[],"yoast_head":"<!-- This site is optimized with the Yoast SEO plugin v26.6 - https:\/\/yoast.com\/wordpress\/plugins\/seo\/ -->\n<title>Daffodil dress | Linoa Fashion<\/title>\n<meta name=\"description\" content=\"Daffodil dress features a soft beige tone with a minimalist flowing silhouette, offering an elegant and effortless look for any occasion.\" \/>\n<meta name=\"robots\" content=\"index, follow, max-snippet:-1, max-image-preview:large, max-video-preview:-1\" \/>\n<link rel=\"canonical\" href=\"https:\/\/linoafashion.com\/vi\/san-pham\/daffodil-dress\/\" \/>\n<meta property=\"og:locale\" content=\"vi_VN\" \/>\n<meta property=\"og:type\" content=\"article\" \/>\n<meta property=\"og:title\" content=\"Daffodil dress | Linoa Fashion\" \/>\n<meta property=\"og:description\" content=\"Daffodil dress features a soft beige tone with a minimalist flowing silhouette, offering an elegant and effortless look for any occasion.\" \/>\n<meta property=\"og:url\" content=\"https:\/\/linoafashion.com\/vi\/san-pham\/daffodil-dress\/\" \/>\n<meta property=\"og:site_name\" content=\"Linoa\" \/>\n<meta property=\"article:modified_time\" content=\"2026-04-09T18:20:36+00:00\" \/>\n<meta property=\"og:image\" content=\"https:\/\/linoafashion.com\/wp-content\/uploads\/2026\/04\/compressed_DSC06468.webp\" \/>\n\t<meta property=\"og:image:width\" content=\"719\" \/>\n\t<meta property=\"og:image:height\" content=\"1080\" \/>\n\t<meta property=\"og:image:type\" content=\"image\/webp\" \/>\n<meta name=\"twitter:card\" content=\"summary_large_image\" \/>\n<meta name=\"twitter:label1\" content=\"\u01af\u1edbc t\u00ednh th\u1eddi gian \u0111\u1ecdc\" \/>\n\t<meta name=\"twitter:data1\" content=\"1 ph\u00fat\" \/>\n<script type=\"application\/ld+json\" class=\"yoast-schema-graph\">{\"@context\":\"https:\/\/schema.org\",\"@graph\":[{\"@type\":\"WebPage\",\"@id\":\"https:\/\/linoafashion.com\/product\/daffodil-dress\/\",\"url\":\"https:\/\/linoafashion.com\/product\/daffodil-dress\/\",\"name\":\"Daffodil dress | Linoa Fashion\",\"isPartOf\":{\"@id\":\"https:\/\/linoafashion.com\/#website\"},\"primaryImageOfPage\":{\"@id\":\"https:\/\/linoafashion.com\/product\/daffodil-dress\/#primaryimage\"},\"image\":{\"@id\":\"https:\/\/linoafashion.com\/product\/daffodil-dress\/#primaryimage\"},\"thumbnailUrl\":\"https:\/\/linoafashion.com\/wp-content\/uploads\/2026\/04\/compressed_DSC06468.webp\",\"datePublished\":\"2026-04-09T18:20:35+00:00\",\"dateModified\":\"2026-04-09T18:20:36+00:00\",\"description\":\"Daffodil dress features a soft beige tone with a minimalist flowing silhouette, offering an elegant and effortless look for any occasion.\",\"breadcrumb\":{\"@id\":\"https:\/\/linoafashion.com\/product\/daffodil-dress\/#breadcrumb\"},\"inLanguage\":\"vi\",\"potentialAction\":[{\"@type\":\"ReadAction\",\"target\":[\"https:\/\/linoafashion.com\/product\/daffodil-dress\/\"]}]},{\"@type\":\"ImageObject\",\"inLanguage\":\"vi\",\"@id\":\"https:\/\/linoafashion.com\/product\/daffodil-dress\/#primaryimage\",\"url\":\"https:\/\/linoafashion.com\/wp-content\/uploads\/2026\/04\/compressed_DSC06468.webp\",\"contentUrl\":\"https:\/\/linoafashion.com\/wp-content\/uploads\/2026\/04\/compressed_DSC06468.webp\",\"width\":719,\"height\":1080},{\"@type\":\"BreadcrumbList\",\"@id\":\"https:\/\/linoafashion.com\/product\/daffodil-dress\/#breadcrumb\",\"itemListElement\":[{\"@type\":\"ListItem\",\"position\":1,\"name\":\"Home\",\"item\":\"https:\/\/linoafashion.com\/\"},{\"@type\":\"ListItem\",\"position\":2,\"name\":\"Shop\",\"item\":\"https:\/\/linoafashion.com\/shop\/\"},{\"@type\":\"ListItem\",\"position\":3,\"name\":\"Daffodil dress\"}]},{\"@type\":\"WebSite\",\"@id\":\"https:\/\/linoafashion.com\/#website\",\"url\":\"https:\/\/linoafashion.com\/\",\"name\":\"Linoa\",\"description\":\"Premium Linen\",\"potentialAction\":[{\"@type\":\"SearchAction\",\"target\":{\"@type\":\"EntryPoint\",\"urlTemplate\":\"https:\/\/linoafashion.com\/?s={search_term_string}\"},\"query-input\":{\"@type\":\"PropertyValueSpecification\",\"valueRequired\":true,\"valueName\":\"search_term_string\"}}],\"inLanguage\":\"vi\"}]}<\/script>\n<!-- \/ Yoast SEO plugin. -->","yoast_head_json":{"title":"Daffodil dress | Linoa Fashion","description":"Daffodil dress features a soft beige tone with a minimalist flowing silhouette, offering an elegant and effortless look for any occasion.","robots":{"index":"index","follow":"follow","max-snippet":"max-snippet:-1","max-image-preview":"max-image-preview:large","max-video-preview":"max-video-preview:-1"},"canonical":"https:\/\/linoafashion.com\/vi\/san-pham\/daffodil-dress\/","og_locale":"vi_VN","og_type":"article","og_title":"Daffodil dress | Linoa Fashion","og_description":"Daffodil dress features a soft beige tone with a minimalist flowing silhouette, offering an elegant and effortless look for any occasion.","og_url":"https:\/\/linoafashion.com\/vi\/san-pham\/daffodil-dress\/","og_site_name":"Linoa","article_modified_time":"2026-04-09T18:20:36+00:00","og_image":[{"width":719,"height":1080,"url":"https:\/\/linoafashion.com\/wp-content\/uploads\/2026\/04\/compressed_DSC06468.webp","type":"image\/webp"}],"twitter_card":"summary_large_image","twitter_misc":{"\u01af\u1edbc t\u00ednh th\u1eddi gian \u0111\u1ecdc":"1 ph\u00fat"},"schema":{"@context":"https:\/\/schema.org","@graph":[{"@type":"WebPage","@id":"https:\/\/linoafashion.com\/product\/daffodil-dress\/","url":"https:\/\/linoafashion.com\/product\/daffodil-dress\/","name":"Daffodil dress | Linoa Fashion","isPartOf":{"@id":"https:\/\/linoafashion.com\/#website"},"primaryImageOfPage":{"@id":"https:\/\/linoafashion.com\/product\/daffodil-dress\/#primaryimage"},"image":{"@id":"https:\/\/linoafashion.com\/product\/daffodil-dress\/#primaryimage"},"thumbnailUrl":"https:\/\/linoafashion.com\/wp-content\/uploads\/2026\/04\/compressed_DSC06468.webp","datePublished":"2026-04-09T18:20:35+00:00","dateModified":"2026-04-09T18:20:36+00:00","description":"Daffodil dress features a soft beige tone with a minimalist flowing silhouette, offering an elegant and effortless look for any occasion.","breadcrumb":{"@id":"https:\/\/linoafashion.com\/product\/daffodil-dress\/#breadcrumb"},"inLanguage":"vi","potentialAction":[{"@type":"ReadAction","target":["https:\/\/linoafashion.com\/product\/daffodil-dress\/"]}]},{"@type":"ImageObject","inLanguage":"vi","@id":"https:\/\/linoafashion.com\/product\/daffodil-dress\/#primaryimage","url":"https:\/\/linoafashion.com\/wp-content\/uploads\/2026\/04\/compressed_DSC06468.webp","contentUrl":"https:\/\/linoafashion.com\/wp-content\/uploads\/2026\/04\/compressed_DSC06468.webp","width":719,"height":1080},{"@type":"BreadcrumbList","@id":"https:\/\/linoafashion.com\/product\/daffodil-dress\/#breadcrumb","itemListElement":[{"@type":"ListItem","position":1,"name":"Home","item":"https:\/\/linoafashion.com\/"},{"@type":"ListItem","position":2,"name":"Shop","item":"https:\/\/linoafashion.com\/shop\/"},{"@type":"ListItem","position":3,"name":"Daffodil dress"}]},{"@type":"WebSite","@id":"https:\/\/linoafashion.com\/#website","url":"https:\/\/linoafashion.com\/","name":"Linoa","description":"Linen Cao C\u00e1p","potentialAction":[{"@type":"SearchAction","target":{"@type":"EntryPoint","urlTemplate":"https:\/\/linoafashion.com\/?s={search_term_string}"},"query-input":{"@type":"PropertyValueSpecification","valueRequired":true,"valueName":"search_term_string"}}],"inLanguage":"vi"}]}},"_links":{"self":[{"href":"https:\/\/linoafashion.com\/vi\/wp-json\/wp\/v2\/product\/7740","targetHints":{"allow":["GET"]}}],"collection":[{"href":"https:\/\/linoafashion.com\/vi\/wp-json\/wp\/v2\/product"}],"about":[{"href":"https:\/\/linoafashion.com\/vi\/wp-json\/wp\/v2\/types\/product"}],"wp:featuredmedia":[{"embeddable":true,"href":"https:\/\/linoafashion.com\/vi\/wp-json\/wp\/v2\/media\/7743"}],"wp:attachment":[{"href":"https:\/\/linoafashion.com\/vi\/wp-json\/wp\/v2\/media?parent=7740"}],"wp:term":[{"taxonomy":"product_brand","embeddable":true,"href":"https:\/\/linoafashion.com\/vi\/wp-json\/wp\/v2\/product_brand?post=7740"},{"taxonomy":"product_cat","embeddable":true,"href":"https:\/\/linoafashion.com\/vi\/wp-json\/wp\/v2\/product_cat?post=7740"},{"taxonomy":"product_tag","embeddable":true,"href":"https:\/\/linoafashion.com\/vi\/wp-json\/wp\/v2\/product_tag?post=7740"}],"curies":[{"name":"wp","href":"https:\/\/api.w.org\/{rel}","templated":true}]}}