{"id":7779,"date":"2026-04-20T13:30:42","date_gmt":"2026-04-20T06:30:42","guid":{"rendered":"https:\/\/linoafashion.com\/?post_type=product&#038;p=7779"},"modified":"2026-04-20T15:07:16","modified_gmt":"2026-04-20T08:07:16","slug":"pop-dress","status":"publish","type":"product","link":"https:\/\/linoafashion.com\/vi\/san-pham\/pop-dress\/","title":{"rendered":"\u0110\u1ea7m K\u1eb9o"},"content":{"rendered":"<div class=\"wp-block-nectar-blocks-row alignfull nectar-block nectar-blocks-row nectar-blocks-row__inner is-horizontal-tablet nectar-blocks-row__wrapper parent-block-block-0w0XGrWd4I\" id=\"block-0w0XGrWd4I\">\n<div class=\"wp-block-nectar-blocks-column nectar-blocks-column nectar-block\" id=\"block-na0YmybJcx\"><div class=\"nectar-blocks-column__wrapper parent-block-block-na0YmybJcx\"><div class=\"nectar__bg-layers parent-block-block-na0YmybJcx\"><div class=\"nectar__bg-layer nectar__bg-image lazy-load-bg\"><\/div><\/div><div class=\"nectar-blocks-column__inner nectar-blocks-column__content-wrap parent-block-block-na0YmybJcx\"><\/div><\/div><\/div>\n\n\n\n<div class=\"wp-block-nectar-blocks-column nectar-blocks-column nectar-block\" id=\"block-2WdihcQH2j\"><div class=\"nectar-blocks-column__inner nectar-blocks-column__content-wrap parent-block-block-2WdihcQH2j nectar-blocks-column__wrapper\">\n<p id=\"block-ecQgokARm4\" class=\"wp-block-nectar-blocks-text nectar-blocks-text nectar-font-h2\">Linen Cao C\u00e1p<\/p>\n\n\n\n<p id=\"block-pNaf123dRm\" class=\"wp-block-nectar-blocks-text nectar-blocks-text nectar-font-body\">Ch\u1ea5t li\u1ec7u d\u1ec7t t\u1eeb s\u1ee3i lanh t\u1ef1 nhi\u00ean, k\u1ebft h\u1ee3p s\u1ef1 thu\u1ea7n khi\u1ebft c\u1ee7a thi\u00ean nhi\u00ean v\u1edbi v\u1ebb \u0111\u1eb9p tinh t\u1ebf, mang \u0111\u1ebfn c\u1ea3m gi\u00e1c tho\u1ea3i m\u00e1i, an to\u00e0n v\u00e0 sang tr\u1ecdng b\u1ec1n v\u1eefng cho tr\u1ebb em.<\/p>\n<\/div><\/div>\n<\/div>\n\n\n\n<div class=\"wp-block-nectar-blocks-row alignfull nectar-block nectar-blocks-row nectar-blocks-row__inner nectar-blocks-row__wrapper parent-block-block-AtvbTziN7j\" id=\"block-AtvbTziN7j\">\n<div class=\"wp-block-nectar-blocks-column nectar-blocks-column nectar-block\" id=\"block-LZ8x5EwWQl\"><div class=\"nectar-blocks-column__inner nectar-blocks-column__content-wrap parent-block-block-LZ8x5EwWQl nectar-blocks-column__wrapper\">\n<div class=\"wp-block-nectar-blocks-row nectar-block nectar-blocks-row nectar-blocks-row__inner nectar-blocks-row__wrapper parent-block-block-WpAVwDJLFJ\" id=\"block-WpAVwDJLFJ\">\n<div class=\"wp-block-nectar-blocks-column nectar-blocks-column nectar-block\" id=\"block-QKMtpXAkgC\"><div class=\"nectar-blocks-column__inner nectar-blocks-column__content-wrap parent-block-block-QKMtpXAkgC nectar-blocks-column__wrapper\">\n<p id=\"block-h6RbaP1AZZ\" class=\"wp-block-nectar-blocks-text nectar-blocks-text nectar-font-h2\">Sweet Lolipops Summer Collection<\/p>\n\n\n\n<div class=\"wp-block-nectar-blocks-button nectar-blocks-button nectar-font-h4 nectar-blocks-button--Underline\" id=\"block-BugWrzljFP\"><a href=\"https:\/\/linoafashion.com\/vi\/our-collections\/sweet-lollipops-summer-collection\/\" class=\"nectar__link nectar-blocks-button__inner\"><span class=\"nectar-blocks-button__text\">Kh\u00e1m Ph\u00e1<\/span><\/a><\/div>\n<\/div><\/div>\n<\/div>\n\n\n\n<div class=\"wp-block-nectar-blocks-row alignfull nectar-block nectar-blocks-row nectar-blocks-row__inner is-horizontal-tablet nectar-blocks-row__wrapper parent-block-block-fjLxp4gMtx\" id=\"block-fjLxp4gMtx\">\n<div class=\"wp-block-nectar-blocks-column nectar-blocks-column nectar-block\" id=\"block-HWdwFcS3oy\"><div class=\"nectar-blocks-column__wrapper parent-block-block-HWdwFcS3oy\"><div class=\"nectar__bg-layers parent-block-block-HWdwFcS3oy\"><div class=\"nectar__bg-layer nectar__bg-image lazy-load-bg\"><\/div><\/div><div class=\"nectar-blocks-column__inner nectar-blocks-column__content-wrap parent-block-block-HWdwFcS3oy\"><\/div><\/div><\/div>\n\n\n\n<div class=\"wp-block-nectar-blocks-column nectar-blocks-column nectar-block\" id=\"block-aoePRrv5rk\"><div class=\"nectar-blocks-column__wrapper parent-block-block-aoePRrv5rk\"><div class=\"nectar__bg-layers parent-block-block-aoePRrv5rk\"><div class=\"nectar__bg-layer nectar__bg-image lazy-load-bg\"><\/div><\/div><div class=\"nectar-blocks-column__inner nectar-blocks-column__content-wrap parent-block-block-aoePRrv5rk\"><\/div><\/div><\/div>\n<\/div>\n<\/div><\/div>\n<\/div>","protected":false},"excerpt":{"rendered":"<p>\u0110\u1ea7m K\u1eb9o l\u00e0 thi\u1ebft k\u1ebf ng\u1ecdt ng\u00e0o, nh\u1eb9 nh\u00e0ng d\u00e0nh cho b\u00e9 trong m\u1ecdi d\u1ecbp. \u0110\u1ea7m \u0111\u01b0\u1ee3c may t\u1eeb ch\u1ea5t li\u1ec7u cotton v\u1edbi c\u1ea5u tr\u00fac 2 l\u1edbp tho\u1ea3i m\u00e1i, m\u1ec1m m\u1ea1i v\u00e0 d\u1ec5 ch\u1ecbu khi m\u1eb7c. \u0110i\u1ec3m nh\u1ea5n n\u1eb1m \u1edf chi ti\u1ebft x\u1ebfp ly tinh t\u1ebf c\u00f9ng n\u01a1 nh\u1ecf tr\u01b0\u1edbc ng\u1ef1c, t\u1ea1o n\u00ean v\u1ebb \u0111\u00e1ng y\u00eau, thanh tho\u00e1t v\u00e0 n\u1eef t\u00ednh. S\u1ea3n ph\u1ea9m c\u00f3 hai gam m\u00e0u t\u01b0\u01a1i s\u00e1ng v\u00e0ng m\u01a1 v\u00e0 h\u1ed3ng k\u1eb9o, ph\u00f9 h\u1ee3p \u0111\u1ec3 b\u00e9 m\u1eb7c \u0111i ch\u01a1i, d\u1ef1 ti\u1ec7c hay trong nh\u1eefng kho\u1ea3nh kh\u1eafc th\u01b0\u1eddng ng\u00e0y th\u1eadt xinh x\u1eafn.<\/p>","protected":false},"featured_media":7789,"template":"","meta":{"_acf_changed":false,"_nectar_blocks_hide_post_title":false,"_nectar_blocks_transparent_header_effect":false,"_nectar_blocks_transparent_header_effect_color":"light","_nectar_blocks_header_animation":false,"_nectar_blocks_header_animation_delay":0,"_nectar_blocks_header_animation_effect":"fade","_nectar_blocks_page_css":"","_nectar_blocks_page_js":""},"product_brand":[],"product_cat":[198,216],"product_tag":[],"class_list":{"0":"post-7779","1":"product","2":"type-product","3":"status-publish","4":"has-post-thumbnail","6":"product_cat-dresses","7":"product_cat-sweet-lolipops-summer","9":"first","10":"instock","11":"shipping-taxable","12":"purchasable","13":"product-type-variable"},"acf":[],"yoast_head":"<!-- This site is optimized with the Yoast SEO plugin v27.4 - https:\/\/yoast.com\/product\/yoast-seo-wordpress\/ -->\n<title>Pop Dress | Linoa Fashion<\/title>\n<meta name=\"description\" content=\"Lemon Pop Dress and Strawberry Pop Dress for girls in soft double-layer cotton, featuring delicate pleats and a small front bow. Available in Lemon and Strawberry shades.\" \/>\n<meta name=\"robots\" content=\"index, follow, max-snippet:-1, max-image-preview:large, max-video-preview:-1\" \/>\n<link rel=\"canonical\" href=\"https:\/\/linoafashion.com\/vi\/san-pham\/pop-dress\/\" \/>\n<meta property=\"og:locale\" content=\"vi_VN\" \/>\n<meta property=\"og:type\" content=\"article\" \/>\n<meta property=\"og:title\" content=\"Pop Dress | Linoa Fashion\" \/>\n<meta property=\"og:description\" content=\"Lemon Pop Dress and Strawberry Pop Dress for girls in soft double-layer cotton, featuring delicate pleats and a small front bow. Available in Lemon and Strawberry shades.\" \/>\n<meta property=\"og:url\" content=\"https:\/\/linoafashion.com\/vi\/san-pham\/pop-dress\/\" \/>\n<meta property=\"og:site_name\" content=\"Linoa\" \/>\n<meta property=\"article:modified_time\" content=\"2026-04-20T08:07:16+00:00\" \/>\n<meta property=\"og:image\" content=\"https:\/\/linoafashion.com\/wp-content\/uploads\/2026\/04\/compressed_DSC06311-1.webp\" \/>\n\t<meta property=\"og:image:width\" content=\"810\" \/>\n\t<meta property=\"og:image:height\" content=\"1080\" \/>\n\t<meta property=\"og:image:type\" content=\"image\/webp\" \/>\n<meta name=\"twitter:card\" content=\"summary_large_image\" \/>\n<meta name=\"twitter:label1\" content=\"\u01af\u1edbc t\u00ednh th\u1eddi gian \u0111\u1ecdc\" \/>\n\t<meta name=\"twitter:data1\" content=\"1 ph\u00fat\" \/>\n<script type=\"application\/ld+json\" class=\"yoast-schema-graph\">{\"@context\":\"https:\\\/\\\/schema.org\",\"@graph\":[{\"@type\":\"WebPage\",\"@id\":\"https:\\\/\\\/linoafashion.com\\\/product\\\/pop-dress\\\/\",\"url\":\"https:\\\/\\\/linoafashion.com\\\/product\\\/pop-dress\\\/\",\"name\":\"Pop Dress | Linoa Fashion\",\"isPartOf\":{\"@id\":\"https:\\\/\\\/linoafashion.com\\\/#website\"},\"primaryImageOfPage\":{\"@id\":\"https:\\\/\\\/linoafashion.com\\\/product\\\/pop-dress\\\/#primaryimage\"},\"image\":{\"@id\":\"https:\\\/\\\/linoafashion.com\\\/product\\\/pop-dress\\\/#primaryimage\"},\"thumbnailUrl\":\"https:\\\/\\\/linoafashion.com\\\/wp-content\\\/uploads\\\/2026\\\/04\\\/compressed_DSC06311-1.webp\",\"datePublished\":\"2026-04-20T06:30:42+00:00\",\"dateModified\":\"2026-04-20T08:07:16+00:00\",\"description\":\"Lemon Pop Dress and Strawberry Pop Dress for girls in soft double-layer cotton, featuring delicate pleats and a small front bow. Available in Lemon and Strawberry shades.\",\"breadcrumb\":{\"@id\":\"https:\\\/\\\/linoafashion.com\\\/product\\\/pop-dress\\\/#breadcrumb\"},\"inLanguage\":\"vi\",\"potentialAction\":[{\"@type\":\"ReadAction\",\"target\":[\"https:\\\/\\\/linoafashion.com\\\/product\\\/pop-dress\\\/\"]}]},{\"@type\":\"ImageObject\",\"inLanguage\":\"vi\",\"@id\":\"https:\\\/\\\/linoafashion.com\\\/product\\\/pop-dress\\\/#primaryimage\",\"url\":\"https:\\\/\\\/linoafashion.com\\\/wp-content\\\/uploads\\\/2026\\\/04\\\/compressed_DSC06311-1.webp\",\"contentUrl\":\"https:\\\/\\\/linoafashion.com\\\/wp-content\\\/uploads\\\/2026\\\/04\\\/compressed_DSC06311-1.webp\",\"width\":810,\"height\":1080},{\"@type\":\"BreadcrumbList\",\"@id\":\"https:\\\/\\\/linoafashion.com\\\/product\\\/pop-dress\\\/#breadcrumb\",\"itemListElement\":[{\"@type\":\"ListItem\",\"position\":1,\"name\":\"Home\",\"item\":\"https:\\\/\\\/linoafashion.com\\\/\"},{\"@type\":\"ListItem\",\"position\":2,\"name\":\"Shop\",\"item\":\"https:\\\/\\\/linoafashion.com\\\/shop\\\/\"},{\"@type\":\"ListItem\",\"position\":3,\"name\":\"Pop Dress\"}]},{\"@type\":\"WebSite\",\"@id\":\"https:\\\/\\\/linoafashion.com\\\/#website\",\"url\":\"https:\\\/\\\/linoafashion.com\\\/\",\"name\":\"Linoa\",\"description\":\"Premium Linen\",\"potentialAction\":[{\"@type\":\"SearchAction\",\"target\":{\"@type\":\"EntryPoint\",\"urlTemplate\":\"https:\\\/\\\/linoafashion.com\\\/?s={search_term_string}\"},\"query-input\":{\"@type\":\"PropertyValueSpecification\",\"valueRequired\":true,\"valueName\":\"search_term_string\"}}],\"inLanguage\":\"vi\"}]}<\/script>\n<!-- \/ Yoast SEO plugin. -->","yoast_head_json":{"title":"Pop Dress | Linoa Fashion","description":"Lemon Pop Dress and Strawberry Pop Dress for girls in soft double-layer cotton, featuring delicate pleats and a small front bow. Available in Lemon and Strawberry shades.","robots":{"index":"index","follow":"follow","max-snippet":"max-snippet:-1","max-image-preview":"max-image-preview:large","max-video-preview":"max-video-preview:-1"},"canonical":"https:\/\/linoafashion.com\/vi\/san-pham\/pop-dress\/","og_locale":"vi_VN","og_type":"article","og_title":"Pop Dress | Linoa Fashion","og_description":"Lemon Pop Dress and Strawberry Pop Dress for girls in soft double-layer cotton, featuring delicate pleats and a small front bow. Available in Lemon and Strawberry shades.","og_url":"https:\/\/linoafashion.com\/vi\/san-pham\/pop-dress\/","og_site_name":"Linoa","article_modified_time":"2026-04-20T08:07:16+00:00","og_image":[{"width":810,"height":1080,"url":"https:\/\/linoafashion.com\/wp-content\/uploads\/2026\/04\/compressed_DSC06311-1.webp","type":"image\/webp"}],"twitter_card":"summary_large_image","twitter_misc":{"\u01af\u1edbc t\u00ednh th\u1eddi gian \u0111\u1ecdc":"1 ph\u00fat"},"schema":{"@context":"https:\/\/schema.org","@graph":[{"@type":"WebPage","@id":"https:\/\/linoafashion.com\/product\/pop-dress\/","url":"https:\/\/linoafashion.com\/product\/pop-dress\/","name":"Pop Dress | Linoa Fashion","isPartOf":{"@id":"https:\/\/linoafashion.com\/#website"},"primaryImageOfPage":{"@id":"https:\/\/linoafashion.com\/product\/pop-dress\/#primaryimage"},"image":{"@id":"https:\/\/linoafashion.com\/product\/pop-dress\/#primaryimage"},"thumbnailUrl":"https:\/\/linoafashion.com\/wp-content\/uploads\/2026\/04\/compressed_DSC06311-1.webp","datePublished":"2026-04-20T06:30:42+00:00","dateModified":"2026-04-20T08:07:16+00:00","description":"Lemon Pop Dress and Strawberry Pop Dress for girls in soft double-layer cotton, featuring delicate pleats and a small front bow. Available in Lemon and Strawberry shades.","breadcrumb":{"@id":"https:\/\/linoafashion.com\/product\/pop-dress\/#breadcrumb"},"inLanguage":"vi","potentialAction":[{"@type":"ReadAction","target":["https:\/\/linoafashion.com\/product\/pop-dress\/"]}]},{"@type":"ImageObject","inLanguage":"vi","@id":"https:\/\/linoafashion.com\/product\/pop-dress\/#primaryimage","url":"https:\/\/linoafashion.com\/wp-content\/uploads\/2026\/04\/compressed_DSC06311-1.webp","contentUrl":"https:\/\/linoafashion.com\/wp-content\/uploads\/2026\/04\/compressed_DSC06311-1.webp","width":810,"height":1080},{"@type":"BreadcrumbList","@id":"https:\/\/linoafashion.com\/product\/pop-dress\/#breadcrumb","itemListElement":[{"@type":"ListItem","position":1,"name":"Home","item":"https:\/\/linoafashion.com\/"},{"@type":"ListItem","position":2,"name":"Shop","item":"https:\/\/linoafashion.com\/shop\/"},{"@type":"ListItem","position":3,"name":"Pop Dress"}]},{"@type":"WebSite","@id":"https:\/\/linoafashion.com\/#website","url":"https:\/\/linoafashion.com\/","name":"Linoa","description":"Linen Cao C\u00e1p","potentialAction":[{"@type":"SearchAction","target":{"@type":"EntryPoint","urlTemplate":"https:\/\/linoafashion.com\/?s={search_term_string}"},"query-input":{"@type":"PropertyValueSpecification","valueRequired":true,"valueName":"search_term_string"}}],"inLanguage":"vi"}]}},"_links":{"self":[{"href":"https:\/\/linoafashion.com\/vi\/wp-json\/wp\/v2\/product\/7779","targetHints":{"allow":["GET"]}}],"collection":[{"href":"https:\/\/linoafashion.com\/vi\/wp-json\/wp\/v2\/product"}],"about":[{"href":"https:\/\/linoafashion.com\/vi\/wp-json\/wp\/v2\/types\/product"}],"wp:featuredmedia":[{"embeddable":true,"href":"https:\/\/linoafashion.com\/vi\/wp-json\/wp\/v2\/media\/7789"}],"wp:attachment":[{"href":"https:\/\/linoafashion.com\/vi\/wp-json\/wp\/v2\/media?parent=7779"}],"wp:term":[{"taxonomy":"product_brand","embeddable":true,"href":"https:\/\/linoafashion.com\/vi\/wp-json\/wp\/v2\/product_brand?post=7779"},{"taxonomy":"product_cat","embeddable":true,"href":"https:\/\/linoafashion.com\/vi\/wp-json\/wp\/v2\/product_cat?post=7779"},{"taxonomy":"product_tag","embeddable":true,"href":"https:\/\/linoafashion.com\/vi\/wp-json\/wp\/v2\/product_tag?post=7779"}],"curies":[{"name":"wp","href":"https:\/\/api.w.org\/{rel}","templated":true}]}}