{"id":7797,"date":"2026-04-20T13:45:04","date_gmt":"2026-04-20T06:45:04","guid":{"rendered":"https:\/\/linoafashion.com\/?post_type=product&#038;p=7797"},"modified":"2026-04-20T15:07:55","modified_gmt":"2026-04-20T08:07:55","slug":"bubblegum-set","status":"publish","type":"product","link":"https:\/\/linoafashion.com\/vi\/san-pham\/bubblegum-set\/","title":{"rendered":"Set K\u1eb9o Gum"},"content":{"rendered":"<div class=\"wp-block-nectar-blocks-row alignfull nectar-block nectar-blocks-row nectar-blocks-row__inner is-horizontal-tablet nectar-blocks-row__wrapper parent-block-block-0w0XGrWd4I\" id=\"block-0w0XGrWd4I\">\n<div class=\"wp-block-nectar-blocks-column nectar-blocks-column nectar-block\" id=\"block-na0YmybJcx\"><div class=\"nectar-blocks-column__wrapper parent-block-block-na0YmybJcx\"><div class=\"nectar__bg-layers parent-block-block-na0YmybJcx\"><div class=\"nectar__bg-layer nectar__bg-image lazy-load-bg\"><\/div><\/div><div class=\"nectar-blocks-column__inner nectar-blocks-column__content-wrap parent-block-block-na0YmybJcx\"><\/div><\/div><\/div>\n\n\n\n<div class=\"wp-block-nectar-blocks-column nectar-blocks-column nectar-block\" id=\"block-2WdihcQH2j\"><div class=\"nectar-blocks-column__inner nectar-blocks-column__content-wrap parent-block-block-2WdihcQH2j nectar-blocks-column__wrapper\">\n<p id=\"block-ecQgokARm4\" class=\"wp-block-nectar-blocks-text nectar-blocks-text nectar-font-h2\">Linen Cao C\u00e1p<\/p>\n\n\n\n<p id=\"block-pNaf123dRm\" class=\"wp-block-nectar-blocks-text nectar-blocks-text nectar-font-body\">Ch\u1ea5t li\u1ec7u d\u1ec7t t\u1eeb s\u1ee3i lanh t\u1ef1 nhi\u00ean, k\u1ebft h\u1ee3p s\u1ef1 thu\u1ea7n khi\u1ebft c\u1ee7a thi\u00ean nhi\u00ean v\u1edbi v\u1ebb \u0111\u1eb9p tinh t\u1ebf, mang \u0111\u1ebfn c\u1ea3m gi\u00e1c tho\u1ea3i m\u00e1i, an to\u00e0n v\u00e0 sang tr\u1ecdng b\u1ec1n v\u1eefng cho tr\u1ebb em.<\/p>\n<\/div><\/div>\n<\/div>\n\n\n\n<div class=\"wp-block-nectar-blocks-row alignfull nectar-block nectar-blocks-row nectar-blocks-row__inner nectar-blocks-row__wrapper parent-block-block-AtvbTziN7j\" id=\"block-AtvbTziN7j\">\n<div class=\"wp-block-nectar-blocks-column nectar-blocks-column nectar-block\" id=\"block-LZ8x5EwWQl\"><div class=\"nectar-blocks-column__inner nectar-blocks-column__content-wrap parent-block-block-LZ8x5EwWQl nectar-blocks-column__wrapper\">\n<div class=\"wp-block-nectar-blocks-row nectar-block nectar-blocks-row nectar-blocks-row__inner nectar-blocks-row__wrapper parent-block-block-WpAVwDJLFJ\" id=\"block-WpAVwDJLFJ\">\n<div class=\"wp-block-nectar-blocks-column nectar-blocks-column nectar-block\" id=\"block-QKMtpXAkgC\"><div class=\"nectar-blocks-column__inner nectar-blocks-column__content-wrap parent-block-block-QKMtpXAkgC nectar-blocks-column__wrapper\">\n<p id=\"block-h6RbaP1AZZ\" class=\"wp-block-nectar-blocks-text nectar-blocks-text nectar-font-h2\">Sweet Lolipops Summer Collection<\/p>\n\n\n\n<div class=\"wp-block-nectar-blocks-button nectar-blocks-button nectar-font-h4 nectar-blocks-button--Underline\" id=\"block-BugWrzljFP\"><a href=\"https:\/\/linoafashion.com\/vi\/our-collections\/sweet-lollipops-summer-collection\/\" class=\"nectar__link nectar-blocks-button__inner\"><span class=\"nectar-blocks-button__text\">Kh\u00e1m Ph\u00e1<\/span><\/a><\/div>\n<\/div><\/div>\n<\/div>\n\n\n\n<div class=\"wp-block-nectar-blocks-row alignfull nectar-block nectar-blocks-row nectar-blocks-row__inner is-horizontal-tablet nectar-blocks-row__wrapper parent-block-block-fjLxp4gMtx\" id=\"block-fjLxp4gMtx\">\n<div class=\"wp-block-nectar-blocks-column nectar-blocks-column nectar-block\" id=\"block-HWdwFcS3oy\"><div class=\"nectar-blocks-column__wrapper parent-block-block-HWdwFcS3oy\"><div class=\"nectar__bg-layers parent-block-block-HWdwFcS3oy\"><div class=\"nectar__bg-layer nectar__bg-image lazy-load-bg\"><\/div><\/div><div class=\"nectar-blocks-column__inner nectar-blocks-column__content-wrap parent-block-block-HWdwFcS3oy\"><\/div><\/div><\/div>\n\n\n\n<div class=\"wp-block-nectar-blocks-column nectar-blocks-column nectar-block\" id=\"block-aoePRrv5rk\"><div class=\"nectar-blocks-column__wrapper parent-block-block-aoePRrv5rk\"><div class=\"nectar__bg-layers parent-block-block-aoePRrv5rk\"><div class=\"nectar__bg-layer nectar__bg-image lazy-load-bg\"><\/div><\/div><div class=\"nectar-blocks-column__inner nectar-blocks-column__content-wrap parent-block-block-aoePRrv5rk\"><\/div><\/div><\/div>\n<\/div>\n<\/div><\/div>\n<\/div>","protected":false},"excerpt":{"rendered":"<p>Set K\u1eb9o Gum l\u00e0 l\u1ef1a ch\u1ecdn ng\u1ecdt ng\u00e0o v\u00e0 n\u0103ng \u0111\u1ed9ng cho b\u00e9 trong m\u1ecdi kho\u1ea3nh kh\u1eafc th\u01b0\u1eddng ng\u00e0y. Thi\u1ebft k\u1ebf g\u1ed3m \u00e1o v\u00e0 v\u00e1y 2 l\u1edbp t\u1eeb ch\u1ea5t li\u1ec7u cotton m\u1ec1m m\u1ea1i, mang l\u1ea1i c\u1ea3m gi\u00e1c tho\u00e1ng m\u00e1t, d\u1ec5 ch\u1ecbu khi v\u1eadn \u0111\u1ed9ng. Set n\u1ed5i b\u1eadt v\u1edbi chi ti\u1ebft n\u01a1 xinh x\u1eafn c\u00f9ng phom d\u00e1ng nh\u1eb9 nh\u00e0ng, gi\u00fap b\u00e9 lu\u00f4n \u0111\u00e1ng y\u00eau v\u00e0 t\u1ef1 tin. Gam m\u00e0u h\u1ed3ng k\u1eb9o t\u01b0\u01a1i t\u1eafn mang \u0111\u1ebfn v\u1ebb ngo\u00e0i r\u1ea1ng r\u1ee1, ph\u00f9 h\u1ee3p cho c\u1ea3 \u0111i ch\u01a1i, d\u1ea1o ph\u1ed1 hay nh\u1eefng d\u1ecbp \u0111\u1eb7c bi\u1ec7t.<\/p>","protected":false},"featured_media":7798,"template":"","meta":{"_acf_changed":false,"_nectar_blocks_hide_post_title":false,"_nectar_blocks_transparent_header_effect":false,"_nectar_blocks_transparent_header_effect_color":"light","_nectar_blocks_header_animation":false,"_nectar_blocks_header_animation_delay":0,"_nectar_blocks_header_animation_effect":"fade","_nectar_blocks_page_css":"","_nectar_blocks_page_js":""},"product_brand":[],"product_cat":[198,216],"product_tag":[],"class_list":{"0":"post-7797","1":"product","2":"type-product","3":"status-publish","4":"has-post-thumbnail","6":"product_cat-dresses","7":"product_cat-sweet-lolipops-summer","9":"first","10":"instock","11":"shipping-taxable","12":"purchasable","13":"product-type-variable"},"acf":[],"yoast_head":"<!-- This site is optimized with the Yoast SEO plugin v27.4 - https:\/\/yoast.com\/product\/yoast-seo-wordpress\/ -->\n<title>Bubblegum Set | Linoa Fashion<\/title>\n<meta name=\"description\" content=\"Bubblegum Set for girls featuring a soft double-layer cotton top and skirt with a cute bow detail in a cheerful pink shade, perfect for everyday wear.\" \/>\n<meta name=\"robots\" content=\"index, follow, max-snippet:-1, max-image-preview:large, max-video-preview:-1\" \/>\n<link rel=\"canonical\" href=\"https:\/\/linoafashion.com\/vi\/san-pham\/bubblegum-set\/\" \/>\n<meta property=\"og:locale\" content=\"vi_VN\" \/>\n<meta property=\"og:type\" content=\"article\" \/>\n<meta property=\"og:title\" content=\"Bubblegum Set | Linoa Fashion\" \/>\n<meta property=\"og:description\" content=\"Bubblegum Set for girls featuring a soft double-layer cotton top and skirt with a cute bow detail in a cheerful pink shade, perfect for everyday wear.\" \/>\n<meta property=\"og:url\" content=\"https:\/\/linoafashion.com\/vi\/san-pham\/bubblegum-set\/\" \/>\n<meta property=\"og:site_name\" content=\"Linoa\" \/>\n<meta property=\"article:modified_time\" content=\"2026-04-20T08:07:55+00:00\" \/>\n<meta property=\"og:image\" content=\"https:\/\/linoafashion.com\/wp-content\/uploads\/2026\/04\/compressed_DSC06574.webp\" \/>\n\t<meta property=\"og:image:width\" content=\"810\" \/>\n\t<meta property=\"og:image:height\" content=\"1080\" \/>\n\t<meta property=\"og:image:type\" content=\"image\/webp\" \/>\n<meta name=\"twitter:card\" content=\"summary_large_image\" \/>\n<meta name=\"twitter:label1\" content=\"\u01af\u1edbc t\u00ednh th\u1eddi gian \u0111\u1ecdc\" \/>\n\t<meta name=\"twitter:data1\" content=\"1 ph\u00fat\" \/>\n<script type=\"application\/ld+json\" class=\"yoast-schema-graph\">{\"@context\":\"https:\\\/\\\/schema.org\",\"@graph\":[{\"@type\":\"WebPage\",\"@id\":\"https:\\\/\\\/linoafashion.com\\\/product\\\/bubblegum-set\\\/\",\"url\":\"https:\\\/\\\/linoafashion.com\\\/product\\\/bubblegum-set\\\/\",\"name\":\"Bubblegum Set | Linoa Fashion\",\"isPartOf\":{\"@id\":\"https:\\\/\\\/linoafashion.com\\\/#website\"},\"primaryImageOfPage\":{\"@id\":\"https:\\\/\\\/linoafashion.com\\\/product\\\/bubblegum-set\\\/#primaryimage\"},\"image\":{\"@id\":\"https:\\\/\\\/linoafashion.com\\\/product\\\/bubblegum-set\\\/#primaryimage\"},\"thumbnailUrl\":\"https:\\\/\\\/linoafashion.com\\\/wp-content\\\/uploads\\\/2026\\\/04\\\/compressed_DSC06574.webp\",\"datePublished\":\"2026-04-20T06:45:04+00:00\",\"dateModified\":\"2026-04-20T08:07:55+00:00\",\"description\":\"Bubblegum Set for girls featuring a soft double-layer cotton top and skirt with a cute bow detail in a cheerful pink shade, perfect for everyday wear.\",\"breadcrumb\":{\"@id\":\"https:\\\/\\\/linoafashion.com\\\/product\\\/bubblegum-set\\\/#breadcrumb\"},\"inLanguage\":\"vi\",\"potentialAction\":[{\"@type\":\"ReadAction\",\"target\":[\"https:\\\/\\\/linoafashion.com\\\/product\\\/bubblegum-set\\\/\"]}]},{\"@type\":\"ImageObject\",\"inLanguage\":\"vi\",\"@id\":\"https:\\\/\\\/linoafashion.com\\\/product\\\/bubblegum-set\\\/#primaryimage\",\"url\":\"https:\\\/\\\/linoafashion.com\\\/wp-content\\\/uploads\\\/2026\\\/04\\\/compressed_DSC06574.webp\",\"contentUrl\":\"https:\\\/\\\/linoafashion.com\\\/wp-content\\\/uploads\\\/2026\\\/04\\\/compressed_DSC06574.webp\",\"width\":810,\"height\":1080},{\"@type\":\"BreadcrumbList\",\"@id\":\"https:\\\/\\\/linoafashion.com\\\/product\\\/bubblegum-set\\\/#breadcrumb\",\"itemListElement\":[{\"@type\":\"ListItem\",\"position\":1,\"name\":\"Home\",\"item\":\"https:\\\/\\\/linoafashion.com\\\/\"},{\"@type\":\"ListItem\",\"position\":2,\"name\":\"Shop\",\"item\":\"https:\\\/\\\/linoafashion.com\\\/shop\\\/\"},{\"@type\":\"ListItem\",\"position\":3,\"name\":\"Bubblegum Set\"}]},{\"@type\":\"WebSite\",\"@id\":\"https:\\\/\\\/linoafashion.com\\\/#website\",\"url\":\"https:\\\/\\\/linoafashion.com\\\/\",\"name\":\"Linoa\",\"description\":\"Premium Linen\",\"potentialAction\":[{\"@type\":\"SearchAction\",\"target\":{\"@type\":\"EntryPoint\",\"urlTemplate\":\"https:\\\/\\\/linoafashion.com\\\/?s={search_term_string}\"},\"query-input\":{\"@type\":\"PropertyValueSpecification\",\"valueRequired\":true,\"valueName\":\"search_term_string\"}}],\"inLanguage\":\"vi\"}]}<\/script>\n<!-- \/ Yoast SEO plugin. -->","yoast_head_json":{"title":"Bubblegum Set | Linoa Fashion","description":"Bubblegum Set for girls featuring a soft double-layer cotton top and skirt with a cute bow detail in a cheerful pink shade, perfect for everyday wear.","robots":{"index":"index","follow":"follow","max-snippet":"max-snippet:-1","max-image-preview":"max-image-preview:large","max-video-preview":"max-video-preview:-1"},"canonical":"https:\/\/linoafashion.com\/vi\/san-pham\/bubblegum-set\/","og_locale":"vi_VN","og_type":"article","og_title":"Bubblegum Set | Linoa Fashion","og_description":"Bubblegum Set for girls featuring a soft double-layer cotton top and skirt with a cute bow detail in a cheerful pink shade, perfect for everyday wear.","og_url":"https:\/\/linoafashion.com\/vi\/san-pham\/bubblegum-set\/","og_site_name":"Linoa","article_modified_time":"2026-04-20T08:07:55+00:00","og_image":[{"width":810,"height":1080,"url":"https:\/\/linoafashion.com\/wp-content\/uploads\/2026\/04\/compressed_DSC06574.webp","type":"image\/webp"}],"twitter_card":"summary_large_image","twitter_misc":{"\u01af\u1edbc t\u00ednh th\u1eddi gian \u0111\u1ecdc":"1 ph\u00fat"},"schema":{"@context":"https:\/\/schema.org","@graph":[{"@type":"WebPage","@id":"https:\/\/linoafashion.com\/product\/bubblegum-set\/","url":"https:\/\/linoafashion.com\/product\/bubblegum-set\/","name":"Bubblegum Set | Linoa Fashion","isPartOf":{"@id":"https:\/\/linoafashion.com\/#website"},"primaryImageOfPage":{"@id":"https:\/\/linoafashion.com\/product\/bubblegum-set\/#primaryimage"},"image":{"@id":"https:\/\/linoafashion.com\/product\/bubblegum-set\/#primaryimage"},"thumbnailUrl":"https:\/\/linoafashion.com\/wp-content\/uploads\/2026\/04\/compressed_DSC06574.webp","datePublished":"2026-04-20T06:45:04+00:00","dateModified":"2026-04-20T08:07:55+00:00","description":"Bubblegum Set for girls featuring a soft double-layer cotton top and skirt with a cute bow detail in a cheerful pink shade, perfect for everyday wear.","breadcrumb":{"@id":"https:\/\/linoafashion.com\/product\/bubblegum-set\/#breadcrumb"},"inLanguage":"vi","potentialAction":[{"@type":"ReadAction","target":["https:\/\/linoafashion.com\/product\/bubblegum-set\/"]}]},{"@type":"ImageObject","inLanguage":"vi","@id":"https:\/\/linoafashion.com\/product\/bubblegum-set\/#primaryimage","url":"https:\/\/linoafashion.com\/wp-content\/uploads\/2026\/04\/compressed_DSC06574.webp","contentUrl":"https:\/\/linoafashion.com\/wp-content\/uploads\/2026\/04\/compressed_DSC06574.webp","width":810,"height":1080},{"@type":"BreadcrumbList","@id":"https:\/\/linoafashion.com\/product\/bubblegum-set\/#breadcrumb","itemListElement":[{"@type":"ListItem","position":1,"name":"Home","item":"https:\/\/linoafashion.com\/"},{"@type":"ListItem","position":2,"name":"Shop","item":"https:\/\/linoafashion.com\/shop\/"},{"@type":"ListItem","position":3,"name":"Bubblegum Set"}]},{"@type":"WebSite","@id":"https:\/\/linoafashion.com\/#website","url":"https:\/\/linoafashion.com\/","name":"Linoa","description":"Linen Cao C\u00e1p","potentialAction":[{"@type":"SearchAction","target":{"@type":"EntryPoint","urlTemplate":"https:\/\/linoafashion.com\/?s={search_term_string}"},"query-input":{"@type":"PropertyValueSpecification","valueRequired":true,"valueName":"search_term_string"}}],"inLanguage":"vi"}]}},"_links":{"self":[{"href":"https:\/\/linoafashion.com\/vi\/wp-json\/wp\/v2\/product\/7797","targetHints":{"allow":["GET"]}}],"collection":[{"href":"https:\/\/linoafashion.com\/vi\/wp-json\/wp\/v2\/product"}],"about":[{"href":"https:\/\/linoafashion.com\/vi\/wp-json\/wp\/v2\/types\/product"}],"wp:featuredmedia":[{"embeddable":true,"href":"https:\/\/linoafashion.com\/vi\/wp-json\/wp\/v2\/media\/7798"}],"wp:attachment":[{"href":"https:\/\/linoafashion.com\/vi\/wp-json\/wp\/v2\/media?parent=7797"}],"wp:term":[{"taxonomy":"product_brand","embeddable":true,"href":"https:\/\/linoafashion.com\/vi\/wp-json\/wp\/v2\/product_brand?post=7797"},{"taxonomy":"product_cat","embeddable":true,"href":"https:\/\/linoafashion.com\/vi\/wp-json\/wp\/v2\/product_cat?post=7797"},{"taxonomy":"product_tag","embeddable":true,"href":"https:\/\/linoafashion.com\/vi\/wp-json\/wp\/v2\/product_tag?post=7797"}],"curies":[{"name":"wp","href":"https:\/\/api.w.org\/{rel}","templated":true}]}}