{"id":7888,"date":"2026-04-20T16:03:31","date_gmt":"2026-04-20T09:03:31","guid":{"rendered":"https:\/\/linoafashion.com\/?post_type=product&#038;p=7888"},"modified":"2026-04-20T16:04:34","modified_gmt":"2026-04-20T09:04:34","slug":"bear-loves-honey-set","status":"publish","type":"product","link":"https:\/\/linoafashion.com\/vi\/san-pham\/bear-loves-honey-set\/","title":{"rendered":"Set G\u1ea5u Y\u00eau M\u1eadt"},"content":{"rendered":"<div class=\"wp-block-nectar-blocks-row alignfull nectar-block nectar-blocks-row nectar-blocks-row__inner is-horizontal-tablet nectar-blocks-row__wrapper parent-block-block-0w0XGrWd4I\" id=\"block-0w0XGrWd4I\">\n<div class=\"wp-block-nectar-blocks-column nectar-blocks-column nectar-block\" id=\"block-na0YmybJcx\"><div class=\"nectar-blocks-column__wrapper parent-block-block-na0YmybJcx\"><div class=\"nectar__bg-layers parent-block-block-na0YmybJcx\"><div class=\"nectar__bg-layer nectar__bg-image lazy-load-bg\"><\/div><\/div><div class=\"nectar-blocks-column__inner nectar-blocks-column__content-wrap parent-block-block-na0YmybJcx\"><\/div><\/div><\/div>\n\n\n\n<div class=\"wp-block-nectar-blocks-column nectar-blocks-column nectar-block\" id=\"block-2WdihcQH2j\"><div class=\"nectar-blocks-column__inner nectar-blocks-column__content-wrap parent-block-block-2WdihcQH2j nectar-blocks-column__wrapper\">\n<p id=\"block-ecQgokARm4\" class=\"wp-block-nectar-blocks-text nectar-blocks-text nectar-font-h2\">Linen Cao C\u00e1p<\/p>\n\n\n\n<p id=\"block-pNaf123dRm\" class=\"wp-block-nectar-blocks-text nectar-blocks-text nectar-font-body\">Ch\u1ea5t li\u1ec7u d\u1ec7t t\u1eeb s\u1ee3i lanh t\u1ef1 nhi\u00ean, k\u1ebft h\u1ee3p s\u1ef1 thu\u1ea7n khi\u1ebft c\u1ee7a thi\u00ean nhi\u00ean v\u1edbi v\u1ebb \u0111\u1eb9p tinh t\u1ebf, mang \u0111\u1ebfn c\u1ea3m gi\u00e1c tho\u1ea3i m\u00e1i, an to\u00e0n v\u00e0 sang tr\u1ecdng b\u1ec1n v\u1eefng cho tr\u1ebb em.<\/p>\n<\/div><\/div>\n<\/div>\n\n\n\n<div class=\"wp-block-nectar-blocks-row alignfull nectar-block nectar-blocks-row nectar-blocks-row__inner nectar-blocks-row__wrapper parent-block-block-AtvbTziN7j\" id=\"block-AtvbTziN7j\">\n<div class=\"wp-block-nectar-blocks-column nectar-blocks-column nectar-block\" id=\"block-LZ8x5EwWQl\"><div class=\"nectar-blocks-column__inner nectar-blocks-column__content-wrap parent-block-block-LZ8x5EwWQl nectar-blocks-column__wrapper\">\n<div class=\"wp-block-nectar-blocks-row nectar-block nectar-blocks-row nectar-blocks-row__inner nectar-blocks-row__wrapper parent-block-block-WpAVwDJLFJ\" id=\"block-WpAVwDJLFJ\">\n<div class=\"wp-block-nectar-blocks-column nectar-blocks-column nectar-block\" id=\"block-QKMtpXAkgC\"><div class=\"nectar-blocks-column__inner nectar-blocks-column__content-wrap parent-block-block-QKMtpXAkgC nectar-blocks-column__wrapper\">\n<p id=\"block-h6RbaP1AZZ\" class=\"wp-block-nectar-blocks-text nectar-blocks-text nectar-font-h2\">Spring Sprouts Collection<\/p>\n\n\n\n<div class=\"wp-block-nectar-blocks-button nectar-blocks-button nectar-font-h4 nectar-blocks-button--Underline\" id=\"block-BugWrzljFP\"><a href=\"https:\/\/linoafashion.com\/vi\/our-collections\/spring-sprouts-collection\/\" class=\"nectar__link nectar-blocks-button__inner\"><span class=\"nectar-blocks-button__text\">Kh\u00e1m Ph\u00e1<\/span><\/a><\/div>\n<\/div><\/div>\n<\/div>\n\n\n\n<div class=\"wp-block-nectar-blocks-row alignfull nectar-block nectar-blocks-row nectar-blocks-row__inner is-horizontal-tablet nectar-blocks-row__wrapper parent-block-block-fjLxp4gMtx\" id=\"block-fjLxp4gMtx\">\n<div class=\"wp-block-nectar-blocks-column nectar-blocks-column nectar-block\" id=\"block-HWdwFcS3oy\"><div class=\"nectar-blocks-column__wrapper parent-block-block-HWdwFcS3oy\"><div class=\"nectar__bg-layers parent-block-block-HWdwFcS3oy\"><div class=\"nectar__bg-layer nectar__bg-image lazy-load-bg\"><\/div><\/div><div class=\"nectar-blocks-column__inner nectar-blocks-column__content-wrap parent-block-block-HWdwFcS3oy\"><\/div><\/div><\/div>\n\n\n\n<div class=\"wp-block-nectar-blocks-column nectar-blocks-column nectar-block\" id=\"block-aoePRrv5rk\"><div class=\"nectar-blocks-column__wrapper parent-block-block-aoePRrv5rk\"><div class=\"nectar__bg-layers parent-block-block-aoePRrv5rk\"><div class=\"nectar__bg-layer nectar__bg-image lazy-load-bg\"><\/div><\/div><div class=\"nectar-blocks-column__inner nectar-blocks-column__content-wrap parent-block-block-aoePRrv5rk\"><\/div><\/div><\/div>\n<\/div>\n<\/div><\/div>\n<\/div>","protected":false},"excerpt":{"rendered":"<p>Set G\u1ea5u Y\u00eau M\u1eadt mang \u0111\u1ebfn v\u1ebb ngo\u00e0i v\u1eeba d\u1ec5 th\u01b0\u01a1ng v\u1eeba ch\u1ec9n chu cho b\u00e9 trai trong nh\u1eefng d\u1ecbp \u0111\u1eb7c bi\u1ec7t. Thi\u1ebft k\u1ebf g\u1ed3m blazer v\u00e0 qu\u1ea7n, s\u1eed d\u1ee5ng ch\u1ea5t li\u1ec7u linen pha rayon cho l\u1edbp ngo\u00e0i, k\u1ebft h\u1ee3p l\u1edbp trong cotton m\u1ec1m m\u1ea1i gi\u00fap b\u00e9 lu\u00f4n tho\u1ea3i m\u00e1i khi v\u1eadn \u0111\u1ed9ng. Phom d\u00e1ng g\u1ecdn g\u00e0ng, hi\u1ec7n \u0111\u1ea1i c\u00f9ng gam m\u00e0u v\u00e0ng chanh nh\u1eb9 nh\u00e0ng t\u1ea1o n\u00ean t\u1ed5ng th\u1ec3 tinh t\u1ebf nh\u01b0ng v\u1eabn gi\u1eef \u0111\u01b0\u1ee3c n\u00e9t \u0111\u00e1ng y\u00eau \u0111\u1eb7c tr\u01b0ng. Ph\u00f9 h\u1ee3p cho b\u00e9 di\u1ec7n khi \u0111i ch\u01a1i, du l\u1ecbch hay c\u00e1c d\u1ecbp c\u1ea7n s\u1ef1 l\u1ecbch s\u1ef1 nh\u1eb9 nh\u00e0ng.<\/p>","protected":false},"featured_media":7895,"template":"","meta":{"_acf_changed":false,"_nectar_blocks_hide_post_title":false,"_nectar_blocks_transparent_header_effect":false,"_nectar_blocks_transparent_header_effect_color":"light","_nectar_blocks_header_animation":false,"_nectar_blocks_header_animation_delay":0,"_nectar_blocks_header_animation_effect":"fade","_nectar_blocks_page_css":"","_nectar_blocks_page_js":""},"product_brand":[],"product_cat":[195,193,215],"product_tag":[],"class_list":{"0":"post-7888","1":"product","2":"type-product","3":"status-publish","4":"has-post-thumbnail","6":"product_cat-shirts","7":"product_cat-shorts","8":"product_cat-spring-sprouts","10":"first","11":"instock","12":"shipping-taxable","13":"purchasable","14":"product-type-variable"},"acf":[],"yoast_head":"<!-- This site is optimized with the Yoast SEO plugin v27.4 - https:\/\/yoast.com\/product\/yoast-seo-wordpress\/ -->\n<title>Bear Loves Honey Set | Linoa Fashion<\/title>\n<meta name=\"description\" content=\"Bear Loves Honey Set for boys featuring a linen-rayon blazer and shorts with a soft cotton lining in a light lemon tone, perfect for outings and travel.\" \/>\n<meta name=\"robots\" content=\"index, follow, max-snippet:-1, max-image-preview:large, max-video-preview:-1\" \/>\n<link rel=\"canonical\" href=\"https:\/\/linoafashion.com\/vi\/san-pham\/bear-loves-honey-set\/\" \/>\n<meta property=\"og:locale\" content=\"vi_VN\" \/>\n<meta property=\"og:type\" content=\"article\" \/>\n<meta property=\"og:title\" content=\"Bear Loves Honey Set | Linoa Fashion\" \/>\n<meta property=\"og:description\" content=\"Bear Loves Honey Set for boys featuring a linen-rayon blazer and shorts with a soft cotton lining in a light lemon tone, perfect for outings and travel.\" \/>\n<meta property=\"og:url\" content=\"https:\/\/linoafashion.com\/vi\/san-pham\/bear-loves-honey-set\/\" \/>\n<meta property=\"og:site_name\" content=\"Linoa\" \/>\n<meta property=\"article:modified_time\" content=\"2026-04-20T09:04:34+00:00\" \/>\n<meta property=\"og:image\" content=\"https:\/\/linoafashion.com\/wp-content\/uploads\/2026\/04\/compressed_DSC01418.webp\" \/>\n\t<meta property=\"og:image:width\" content=\"720\" \/>\n\t<meta property=\"og:image:height\" content=\"1080\" \/>\n\t<meta property=\"og:image:type\" content=\"image\/webp\" \/>\n<meta name=\"twitter:card\" content=\"summary_large_image\" \/>\n<meta name=\"twitter:label1\" content=\"\u01af\u1edbc t\u00ednh th\u1eddi gian \u0111\u1ecdc\" \/>\n\t<meta name=\"twitter:data1\" content=\"1 ph\u00fat\" \/>\n<script type=\"application\/ld+json\" class=\"yoast-schema-graph\">{\"@context\":\"https:\\\/\\\/schema.org\",\"@graph\":[{\"@type\":\"WebPage\",\"@id\":\"https:\\\/\\\/linoafashion.com\\\/product\\\/bear-loves-honey-set\\\/\",\"url\":\"https:\\\/\\\/linoafashion.com\\\/product\\\/bear-loves-honey-set\\\/\",\"name\":\"Bear Loves Honey Set | Linoa Fashion\",\"isPartOf\":{\"@id\":\"https:\\\/\\\/linoafashion.com\\\/#website\"},\"primaryImageOfPage\":{\"@id\":\"https:\\\/\\\/linoafashion.com\\\/product\\\/bear-loves-honey-set\\\/#primaryimage\"},\"image\":{\"@id\":\"https:\\\/\\\/linoafashion.com\\\/product\\\/bear-loves-honey-set\\\/#primaryimage\"},\"thumbnailUrl\":\"https:\\\/\\\/linoafashion.com\\\/wp-content\\\/uploads\\\/2026\\\/04\\\/compressed_DSC01418.webp\",\"datePublished\":\"2026-04-20T09:03:31+00:00\",\"dateModified\":\"2026-04-20T09:04:34+00:00\",\"description\":\"Bear Loves Honey Set for boys featuring a linen-rayon blazer and shorts with a soft cotton lining in a light lemon tone, perfect for outings and travel.\",\"breadcrumb\":{\"@id\":\"https:\\\/\\\/linoafashion.com\\\/product\\\/bear-loves-honey-set\\\/#breadcrumb\"},\"inLanguage\":\"vi\",\"potentialAction\":[{\"@type\":\"ReadAction\",\"target\":[\"https:\\\/\\\/linoafashion.com\\\/product\\\/bear-loves-honey-set\\\/\"]}]},{\"@type\":\"ImageObject\",\"inLanguage\":\"vi\",\"@id\":\"https:\\\/\\\/linoafashion.com\\\/product\\\/bear-loves-honey-set\\\/#primaryimage\",\"url\":\"https:\\\/\\\/linoafashion.com\\\/wp-content\\\/uploads\\\/2026\\\/04\\\/compressed_DSC01418.webp\",\"contentUrl\":\"https:\\\/\\\/linoafashion.com\\\/wp-content\\\/uploads\\\/2026\\\/04\\\/compressed_DSC01418.webp\",\"width\":720,\"height\":1080},{\"@type\":\"BreadcrumbList\",\"@id\":\"https:\\\/\\\/linoafashion.com\\\/product\\\/bear-loves-honey-set\\\/#breadcrumb\",\"itemListElement\":[{\"@type\":\"ListItem\",\"position\":1,\"name\":\"Home\",\"item\":\"https:\\\/\\\/linoafashion.com\\\/\"},{\"@type\":\"ListItem\",\"position\":2,\"name\":\"Shop\",\"item\":\"https:\\\/\\\/linoafashion.com\\\/shop\\\/\"},{\"@type\":\"ListItem\",\"position\":3,\"name\":\"Bear Loves Honey Set\"}]},{\"@type\":\"WebSite\",\"@id\":\"https:\\\/\\\/linoafashion.com\\\/#website\",\"url\":\"https:\\\/\\\/linoafashion.com\\\/\",\"name\":\"Linoa\",\"description\":\"Premium Linen\",\"potentialAction\":[{\"@type\":\"SearchAction\",\"target\":{\"@type\":\"EntryPoint\",\"urlTemplate\":\"https:\\\/\\\/linoafashion.com\\\/?s={search_term_string}\"},\"query-input\":{\"@type\":\"PropertyValueSpecification\",\"valueRequired\":true,\"valueName\":\"search_term_string\"}}],\"inLanguage\":\"vi\"}]}<\/script>\n<!-- \/ Yoast SEO plugin. -->","yoast_head_json":{"title":"Bear Loves Honey Set | Linoa Fashion","description":"Bear Loves Honey Set for boys featuring a linen-rayon blazer and shorts with a soft cotton lining in a light lemon tone, perfect for outings and travel.","robots":{"index":"index","follow":"follow","max-snippet":"max-snippet:-1","max-image-preview":"max-image-preview:large","max-video-preview":"max-video-preview:-1"},"canonical":"https:\/\/linoafashion.com\/vi\/san-pham\/bear-loves-honey-set\/","og_locale":"vi_VN","og_type":"article","og_title":"Bear Loves Honey Set | Linoa Fashion","og_description":"Bear Loves Honey Set for boys featuring a linen-rayon blazer and shorts with a soft cotton lining in a light lemon tone, perfect for outings and travel.","og_url":"https:\/\/linoafashion.com\/vi\/san-pham\/bear-loves-honey-set\/","og_site_name":"Linoa","article_modified_time":"2026-04-20T09:04:34+00:00","og_image":[{"width":720,"height":1080,"url":"https:\/\/linoafashion.com\/wp-content\/uploads\/2026\/04\/compressed_DSC01418.webp","type":"image\/webp"}],"twitter_card":"summary_large_image","twitter_misc":{"\u01af\u1edbc t\u00ednh th\u1eddi gian \u0111\u1ecdc":"1 ph\u00fat"},"schema":{"@context":"https:\/\/schema.org","@graph":[{"@type":"WebPage","@id":"https:\/\/linoafashion.com\/product\/bear-loves-honey-set\/","url":"https:\/\/linoafashion.com\/product\/bear-loves-honey-set\/","name":"Bear Loves Honey Set | Linoa Fashion","isPartOf":{"@id":"https:\/\/linoafashion.com\/#website"},"primaryImageOfPage":{"@id":"https:\/\/linoafashion.com\/product\/bear-loves-honey-set\/#primaryimage"},"image":{"@id":"https:\/\/linoafashion.com\/product\/bear-loves-honey-set\/#primaryimage"},"thumbnailUrl":"https:\/\/linoafashion.com\/wp-content\/uploads\/2026\/04\/compressed_DSC01418.webp","datePublished":"2026-04-20T09:03:31+00:00","dateModified":"2026-04-20T09:04:34+00:00","description":"Bear Loves Honey Set for boys featuring a linen-rayon blazer and shorts with a soft cotton lining in a light lemon tone, perfect for outings and travel.","breadcrumb":{"@id":"https:\/\/linoafashion.com\/product\/bear-loves-honey-set\/#breadcrumb"},"inLanguage":"vi","potentialAction":[{"@type":"ReadAction","target":["https:\/\/linoafashion.com\/product\/bear-loves-honey-set\/"]}]},{"@type":"ImageObject","inLanguage":"vi","@id":"https:\/\/linoafashion.com\/product\/bear-loves-honey-set\/#primaryimage","url":"https:\/\/linoafashion.com\/wp-content\/uploads\/2026\/04\/compressed_DSC01418.webp","contentUrl":"https:\/\/linoafashion.com\/wp-content\/uploads\/2026\/04\/compressed_DSC01418.webp","width":720,"height":1080},{"@type":"BreadcrumbList","@id":"https:\/\/linoafashion.com\/product\/bear-loves-honey-set\/#breadcrumb","itemListElement":[{"@type":"ListItem","position":1,"name":"Home","item":"https:\/\/linoafashion.com\/"},{"@type":"ListItem","position":2,"name":"Shop","item":"https:\/\/linoafashion.com\/shop\/"},{"@type":"ListItem","position":3,"name":"Bear Loves Honey Set"}]},{"@type":"WebSite","@id":"https:\/\/linoafashion.com\/#website","url":"https:\/\/linoafashion.com\/","name":"Linoa","description":"Linen Cao C\u00e1p","potentialAction":[{"@type":"SearchAction","target":{"@type":"EntryPoint","urlTemplate":"https:\/\/linoafashion.com\/?s={search_term_string}"},"query-input":{"@type":"PropertyValueSpecification","valueRequired":true,"valueName":"search_term_string"}}],"inLanguage":"vi"}]}},"_links":{"self":[{"href":"https:\/\/linoafashion.com\/vi\/wp-json\/wp\/v2\/product\/7888","targetHints":{"allow":["GET"]}}],"collection":[{"href":"https:\/\/linoafashion.com\/vi\/wp-json\/wp\/v2\/product"}],"about":[{"href":"https:\/\/linoafashion.com\/vi\/wp-json\/wp\/v2\/types\/product"}],"wp:featuredmedia":[{"embeddable":true,"href":"https:\/\/linoafashion.com\/vi\/wp-json\/wp\/v2\/media\/7895"}],"wp:attachment":[{"href":"https:\/\/linoafashion.com\/vi\/wp-json\/wp\/v2\/media?parent=7888"}],"wp:term":[{"taxonomy":"product_brand","embeddable":true,"href":"https:\/\/linoafashion.com\/vi\/wp-json\/wp\/v2\/product_brand?post=7888"},{"taxonomy":"product_cat","embeddable":true,"href":"https:\/\/linoafashion.com\/vi\/wp-json\/wp\/v2\/product_cat?post=7888"},{"taxonomy":"product_tag","embeddable":true,"href":"https:\/\/linoafashion.com\/vi\/wp-json\/wp\/v2\/product_tag?post=7888"}],"curies":[{"name":"wp","href":"https:\/\/api.w.org\/{rel}","templated":true}]}}